{"id":13391,"date":"2018-06-13T17:52:29","date_gmt":"2018-06-13T17:52:29","guid":{"rendered":"http:\/\/olivares2018.alaire.mx\/sergio-l-olivares-jr\/"},"modified":"2023-09-18T16:41:13","modified_gmt":"2023-09-18T16:41:13","slug":"sergio-l-olivares","status":"publish","type":"page","link":"https:\/\/www.olivares.mx\/es\/sergio-l-olivares\/","title":{"rendered":"Sergio L. Olivares Sr."},"content":{"rendered":"<div class=\"vc_row wpb_row vc_row-fluid olivares-page-heading\"><div class=\"wpb_column vc_column_container vc_col-sm-12\"><div class=\"vc_column-inner\"><div class=\"wpb_wrapper\">\n\t<div class=\"wpb_text_column wpb_content_element\" >\n\t\t<div class=\"wpb_wrapper\">\n\t\t\t<h1>SOCIOS<\/h1>\n\n\t\t<\/div>\n\t<\/div>\n<\/div><\/div><\/div><\/div><div data-vc-full-width=\"true\" data-vc-full-width-init=\"false\" data-vc-stretch-content=\"true\" class=\"vc_row wpb_row vc_row-fluid olivares-two-col-section vc_row-no-padding vc_row-o-equal-height vc_row-flex\"><div class=\"wpb_column vc_column_container vc_col-sm-12\"><div class=\"vc_column-inner\"><div class=\"wpb_wrapper\"><div class=\"vc_row wpb_row vc_inner vc_row-fluid partner-page vc_row-o-equal-height vc_row-flex\"><div class=\"wpb_column vc_column_container vc_col-sm-6\"><div class=\"vc_column-inner\"><div class=\"wpb_wrapper\">\n\t<div  class=\"wpb_single_image wpb_content_element vc_align_left\">\n\t\t\n\t\t<figure class=\"wpb_wrapper vc_figure\">\n\t\t\t<div class=\"vc_single_image-wrapper   vc_box_border_grey\"><img loading=\"lazy\" decoding=\"async\" width=\"1203\" height=\"1806\" src=\"https:\/\/www.olivares.mx\/wp-content\/uploads\/2022\/07\/SERGIO-OLIVARES_Pagina-Web.png\" class=\"vc_single_image-img attachment-full\" alt=\"\" srcset=\"https:\/\/www.olivares.mx\/wp-content\/uploads\/2022\/07\/SERGIO-OLIVARES_Pagina-Web.png 1203w, https:\/\/www.olivares.mx\/wp-content\/uploads\/2022\/07\/SERGIO-OLIVARES_Pagina-Web-200x300.png 200w, https:\/\/www.olivares.mx\/wp-content\/uploads\/2022\/07\/SERGIO-OLIVARES_Pagina-Web-768x1153.png 768w, https:\/\/www.olivares.mx\/wp-content\/uploads\/2022\/07\/SERGIO-OLIVARES_Pagina-Web-682x1024.png 682w\" sizes=\"(max-width: 1203px) 100vw, 1203px\" \/><\/div>\n\t\t<\/figure>\n\t<\/div>\n<\/div><\/div><\/div><div class=\"wpb_column vc_column_container vc_col-sm-6\"><div class=\"vc_column-inner\"><div class=\"wpb_wrapper\">\n\t<div class=\"wpb_text_column wpb_content_element\" >\n\t\t<div class=\"wpb_wrapper\">\n\t\t\t<h2>Sergio L. Olivares Sr.<\/h2>\n<div id=\"gtx-trans\" style=\"position: absolute; left: -28px; top: 51.9062px;\">\n<div class=\"gtx-trans-icon\"><\/div>\n<\/div>\n\n\t\t<\/div>\n\t<\/div>\n\n\t<div class=\"wpb_text_column wpb_content_element  partner-label\" >\n\t\t<div class=\"wpb_wrapper\">\n\t\t\t<p>Socio<\/p>\n<div class=\"btn_vcard\">\n<ul style=\"display: flex; list-style: none;\">\n<li><a href=\"\/wp-content\/uploads\/vcards\/Sergio L Olivares Lobato.vcf\">VCARD \u00a0 <i class=\"fa fa-address-card\"><\/i> <\/a><\/li>\n<\/ul>\n<\/div>\n\n\t\t<\/div>\n\t<\/div>\n\n\t<div class=\"wpb_text_column wpb_content_element\" >\n\t\t<div class=\"wpb_wrapper\">\n\t\t\t<p>Sergio L. Olivares Sr. se uni\u00f3 a OLIVARES en 1987 y actualmente dirige la firma con fortaleza y compromiso por la transparencia, la satisfacci\u00f3n del cliente y una atenci\u00f3n personalizada. Ha sido Socio desde 1994 y presidente del Comit\u00e9 Administrativo desde el a\u00f1o 2009.<\/p>\n\n\t\t<\/div>\n\t<\/div>\n\n\t<div  class=\"wpb_single_image wpb_content_element vc_align_left\">\n\t\t\n\t\t<figure class=\"wpb_wrapper vc_figure\">\n\t\t\t<div class=\"vc_single_image-wrapper   vc_box_border_grey\"><\/div>\n\t\t<\/figure>\n\t<\/div>\n<\/div><\/div><\/div><\/div><\/div><\/div><\/div><\/div><div class=\"vc_row-full-width vc_clearfix\"><\/div><div class=\"vc_row wpb_row vc_row-fluid olivares-two-text-column\"><div class=\"wpb_column vc_column_container vc_col-sm-6\"><div class=\"vc_column-inner\"><div class=\"wpb_wrapper\">\n\t<div class=\"wpb_text_column wpb_content_element\" >\n\t\t<div class=\"wpb_wrapper\">\n\t\t\t<p>El trabajo de Sergio en OLIVARES es extenso, posee una amplia experiencia en la tramitaci\u00f3n y el litigio de los derechos de propiedad intelectual, en asuntos de marcas, derecho de autor, patentes y competencia desleal. Ha especializado su pr\u00e1ctica en todo el espectro de la propiedad intelectual.<\/p>\n<p>Despu\u00e9s de graduarse, Sergio realiz\u00f3 pr\u00e1cticas legales con dos prominentes despachos de propiedad intelectual en la ciudad de Nueva York, Morgan &amp; Finnegan y Kenyon y Kenyon, antes de unirse al equipo de OLIVARES. Este profundo conocimiento de la ley de propiedad intelectual de Estados Unidos le permite asesorar con \u00e9xito a sus clientes nacionales e internacionales.<\/p>\n\n\t\t<\/div>\n\t<\/div>\n\n\t<div class=\"wpb_text_column wpb_content_element\" >\n\t\t<div class=\"wpb_wrapper\">\n\t\t\t<h5>Premios<\/h5>\n\n\t\t<\/div>\n\t<\/div>\n\n\t<div class=\"wpb_text_column wpb_content_element\" >\n\t\t<div class=\"wpb_wrapper\">\n\t\t\t<ul>\n<li style=\"margin-bottom: 0px;\">Chambers Global \u2013 Mexico, IP Band 2<\/li>\n<li style=\"margin-bottom: 0px;\">IAM Patent 1000 \u2013 Prosecution, Recommended<\/li>\n<li style=\"margin-bottom: 0px;\">Latin Lawyer 250, Tier 1<\/li>\n<li style=\"margin-bottom: 0px;\">Legal 500, Tier 1<\/li>\n<li style=\"margin-bottom: 0px;\">MIP \u2013 IP Star<\/li>\n<li style=\"margin-bottom: 0px;\">Who\u2019s Who Legal, Tier 1<\/li>\n<li style=\"margin-bottom: 0px;\">WTR 1000 \u2013 Gold \u2013 Prosecution &amp; Strategy<\/li>\n<li style=\"margin-bottom: 0px;\">WTR 1000 \u2013 Silver \u2013 Enforcement &amp; Litigation<\/li>\n<\/ul>\n\n\t\t<\/div>\n\t<\/div>\n<\/div><\/div><\/div><div class=\"wpb_column vc_column_container vc_col-sm-6\"><div class=\"vc_column-inner\"><div class=\"wpb_wrapper\">\n\t<div class=\"wpb_text_column wpb_content_element\" >\n\t\t<div class=\"wpb_wrapper\">\n\t\t\t<h5>Formaci\u00f3n Acad\u00e9mica<\/h5>\n\n\t\t<\/div>\n\t<\/div>\n\n\t<div class=\"wpb_text_column wpb_content_element\" >\n\t\t<div class=\"wpb_wrapper\">\n\t\t\t<ul>\n<li>Franklin Pierce Law Center Especialidad en Propiedad Intelectual, 1993<\/li>\n<li>Universidad Intercontinental Licenciatura en Derecho, 1991<\/li>\n<\/ul>\n\n\t\t<\/div>\n\t<\/div>\n\n\t<div class=\"wpb_text_column wpb_content_element\" >\n\t\t<div class=\"wpb_wrapper\">\n\t\t\t<h5>Afiliaciones<\/h5>\n\n\t\t<\/div>\n\t<\/div>\n\n\t<div class=\"wpb_text_column wpb_content_element\" >\n\t\t<div class=\"wpb_wrapper\">\n\t\t\t<ul>\n<li>Asociaci\u00f3n Mexicana para la Protecci\u00f3n de la Propiedad Intelectual (AMPPI).<\/li>\n<li>Asociacion Interamericana de la Propiedad Intelectual\u00a0(ASIPI).<\/li>\n<li>Barra Mexicana de Abogados\u00a0(BMA).<\/li>\n<li>International Trademark Association\u00a0(INTA).<\/li>\n<li>Intellectual Property Owners Association\u00a0(IPO).<\/li>\n<li>Israel- Latin America Chamber of Commerce.<\/li>\n<\/ul>\n\n\t\t<\/div>\n\t<\/div>\n\n\t<div class=\"wpb_text_column wpb_content_element\" >\n\t\t<div class=\"wpb_wrapper\">\n\t\t\t<h5>Idiomas<\/h5>\n\n\t\t<\/div>\n\t<\/div>\n\n\t<div class=\"wpb_text_column wpb_content_element\" >\n\t\t<div class=\"wpb_wrapper\">\n\t\t\t<ul>\n<li>Espa\u00f1ol<\/li>\n<li>Ingl\u00e9s<\/li>\n<\/ul>\n\n\t\t<\/div>\n\t<\/div>\n<\/div><\/div><\/div><\/div><div class=\"vc_row wpb_row vc_row-fluid olivares-page-heading\"><div class=\"wpb_column vc_column_container vc_col-sm-12\"><div class=\"vc_column-inner\"><div class=\"wpb_wrapper\">\n\t<div class=\"wpb_text_column wpb_content_element\" >\n\t\t<div class=\"wpb_wrapper\">\n\t\t\t<h1>SOCIOS<\/h1>\n\n\t\t<\/div>\n\t<\/div>\n<\/div><\/div><\/div><\/div><div class=\"vc_row wpb_row vc_row-fluid olivares-partners-slider\"><div class=\"wpb_column vc_column_container vc_col-sm-12\"><div class=\"vc_column-inner\"><div class=\"wpb_wrapper\"><div class=\"vc_row wpb_row vc_inner vc_row-fluid\"><div class=\"wpb_column vc_column_container vc_col-sm-12\"><div class=\"vc_column-inner\"><div class=\"wpb_wrapper\">\n\t<div  class=\"wpb_single_image wpb_content_element vc_align_left\">\n\t\t\n\t\t<figure class=\"wpb_wrapper vc_figure\">\n\t\t\t<div class=\"vc_single_image-wrapper   vc_box_border_grey\"><img loading=\"lazy\" decoding=\"async\" width=\"188\" height=\"189\" src=\"https:\/\/www.olivares.mx\/wp-content\/uploads\/2020\/12\/SOL.png\" class=\"vc_single_image-img attachment-full\" alt=\"\" srcset=\"https:\/\/www.olivares.mx\/wp-content\/uploads\/2020\/12\/SOL.png 188w, https:\/\/www.olivares.mx\/wp-content\/uploads\/2020\/12\/SOL-150x150.png 150w\" sizes=\"(max-width: 188px) 100vw, 188px\" \/><\/div>\n\t\t<\/figure>\n\t<\/div>\n\n\t<div class=\"wpb_text_column wpb_content_element\" >\n\t\t<div class=\"wpb_wrapper\">\n\t\t\t<h5>Sergio L. Olivares Sr.<\/h5>\n<div id=\"gtx-trans\" style=\"position: absolute; left: -19px; top: 40.1719px;\">\n<div class=\"gtx-trans-icon\"><\/div>\n<\/div>\n\n\t\t<\/div>\n\t<\/div>\n\n\t<div class=\"wpb_text_column wpb_content_element\" >\n\t\t<div class=\"wpb_wrapper\">\n\t\t\t<h6>Socio<\/h6>\n\n\t\t<\/div>\n\t<\/div>\n\n\t<div class=\"wpb_text_column wpb_content_element\" >\n\t\t<div class=\"wpb_wrapper\">\n\t\t\t<p>Patentes<\/p>\n\n\t\t<\/div>\n\t<\/div>\n<div class=\"bt-element bt-button-element inline left\" ><a href=\"\/es\/sergio-l-olivares-jr\/\"><\/a><\/div><\/div><\/div><\/div><\/div><div class=\"vc_row wpb_row vc_inner vc_row-fluid\"><div class=\"wpb_column vc_column_container vc_col-sm-12\"><div class=\"vc_column-inner\"><div class=\"wpb_wrapper\">\n\t<div  class=\"wpb_single_image wpb_content_element vc_align_left\">\n\t\t\n\t\t<figure class=\"wpb_wrapper vc_figure\">\n\t\t\t<div class=\"vc_single_image-wrapper   vc_box_border_grey\"><img loading=\"lazy\" decoding=\"async\" width=\"188\" height=\"189\" src=\"https:\/\/www.olivares.mx\/wp-content\/uploads\/2021\/01\/LSR.png\" class=\"vc_single_image-img attachment-full\" alt=\"\" srcset=\"https:\/\/www.olivares.mx\/wp-content\/uploads\/2021\/01\/LSR.png 188w, https:\/\/www.olivares.mx\/wp-content\/uploads\/2021\/01\/LSR-150x150.png 150w\" sizes=\"(max-width: 188px) 100vw, 188px\" \/><\/div>\n\t\t<\/figure>\n\t<\/div>\n\n\t<div class=\"wpb_text_column wpb_content_element\" >\n\t\t<div class=\"wpb_wrapper\">\n\t\t\t<h5>Luis Schmidt.<\/h5>\n\n\t\t<\/div>\n\t<\/div>\n\n\t<div class=\"wpb_text_column wpb_content_element\" >\n\t\t<div class=\"wpb_wrapper\">\n\t\t\t<h6>Socio<\/h6>\n\n\t\t<\/div>\n\t<\/div>\n\n\t<div class=\"wpb_text_column wpb_content_element\" >\n\t\t<div class=\"wpb_wrapper\">\n\t\t\t<p>Derecho de Autor y DerechoEntretenimiento<\/p>\n\n\t\t<\/div>\n\t<\/div>\n<div class=\"bt-element bt-button-element inline left\" ><a href=\"\/es\/luis-c-schmidt\/\"><\/a><\/div><\/div><\/div><\/div><\/div><div class=\"vc_row wpb_row vc_inner vc_row-fluid\"><div class=\"wpb_column vc_column_container vc_col-sm-12\"><div class=\"vc_column-inner\"><div class=\"wpb_wrapper\">\n\t<div  class=\"wpb_single_image wpb_content_element vc_align_left\">\n\t\t\n\t\t<figure class=\"wpb_wrapper vc_figure\">\n\t\t\t<div class=\"vc_single_image-wrapper   vc_box_border_grey\"><img loading=\"lazy\" decoding=\"async\" width=\"188\" height=\"190\" src=\"https:\/\/www.olivares.mx\/wp-content\/uploads\/2020\/11\/GAL.png\" class=\"vc_single_image-img attachment-full\" alt=\"\" \/><\/div>\n\t\t<\/figure>\n\t<\/div>\n\n\t<div class=\"wpb_text_column wpb_content_element\" >\n\t\t<div class=\"wpb_wrapper\">\n\t\t\t<h5>Gustavo Alcocer<\/h5>\n\n\t\t<\/div>\n\t<\/div>\n\n\t<div class=\"wpb_text_column wpb_content_element\" >\n\t\t<div class=\"wpb_wrapper\">\n\t\t\t<h6>Socio<\/h6>\n\n\t\t<\/div>\n\t<\/div>\n\n\t<div class=\"wpb_text_column wpb_content_element\" >\n\t\t<div class=\"wpb_wrapper\">\n\t\t\t<p>Corporativo y Derecho Comercial.<\/p>\n\n\t\t<\/div>\n\t<\/div>\n<div class=\"bt-element bt-button-element inline left\" ><a href=\"\/es\/gustavo-a-alcocer\/\"><\/a><\/div><\/div><\/div><\/div><\/div><div class=\"vc_row wpb_row vc_inner vc_row-fluid\"><div class=\"wpb_column vc_column_container vc_col-sm-12\"><div class=\"vc_column-inner\"><div class=\"wpb_wrapper\">\n\t<div  class=\"wpb_single_image wpb_content_element vc_align_left\">\n\t\t\n\t\t<figure class=\"wpb_wrapper vc_figure\">\n\t\t\t<div class=\"vc_single_image-wrapper   vc_box_border_grey\"><img loading=\"lazy\" decoding=\"async\" width=\"188\" height=\"190\" src=\"https:\/\/www.olivares.mx\/wp-content\/uploads\/2020\/11\/ALF.png\" class=\"vc_single_image-img attachment-full\" alt=\"\" \/><\/div>\n\t\t<\/figure>\n\t<\/div>\n\n\t<div class=\"wpb_text_column wpb_content_element\" >\n\t\t<div class=\"wpb_wrapper\">\n\t\t\t<h5>Alejandro Luna F.<\/h5>\n\n\t\t<\/div>\n\t<\/div>\n\n\t<div class=\"wpb_text_column wpb_content_element\" >\n\t\t<div class=\"wpb_wrapper\">\n\t\t\t<h6>Socio<\/h6>\n\n\t\t<\/div>\n\t<\/div>\n\n\t<div class=\"wpb_text_column wpb_content_element\" >\n\t\t<div class=\"wpb_wrapper\">\n\t\t\t<p>Litigio<\/p>\n\n\t\t<\/div>\n\t<\/div>\n<div class=\"bt-element bt-button-element inline left\" ><a href=\"\/es\/alejandro-luna-f\/\"><\/a><\/div><\/div><\/div><\/div><\/div><div class=\"vc_row wpb_row vc_inner vc_row-fluid\"><div class=\"wpb_column vc_column_container vc_col-sm-12\"><div class=\"vc_column-inner\"><div class=\"wpb_wrapper\">\n\t<div  class=\"wpb_single_image wpb_content_element vc_align_left\">\n\t\t\n\t\t<figure class=\"wpb_wrapper vc_figure\">\n\t\t\t<div class=\"vc_single_image-wrapper   vc_box_border_grey\"><img loading=\"lazy\" decoding=\"async\" width=\"188\" height=\"189\" src=\"https:\/\/www.olivares.mx\/wp-content\/uploads\/2021\/01\/ACS.png\" class=\"vc_single_image-img attachment-full\" alt=\"\" srcset=\"https:\/\/www.olivares.mx\/wp-content\/uploads\/2021\/01\/ACS.png 188w, https:\/\/www.olivares.mx\/wp-content\/uploads\/2021\/01\/ACS-150x150.png 150w\" sizes=\"(max-width: 188px) 100vw, 188px\" \/><\/div>\n\t\t<\/figure>\n\t<\/div>\n\n\t<div class=\"wpb_text_column wpb_content_element\" >\n\t\t<div class=\"wpb_wrapper\">\n\t\t\t<h5>Alonso Camargo<\/h5>\n\n\t\t<\/div>\n\t<\/div>\n\n\t<div class=\"wpb_text_column wpb_content_element\" >\n\t\t<div class=\"wpb_wrapper\">\n\t\t\t<h6>Socio<\/h6>\n\n\t\t<\/div>\n\t<\/div>\n\n\t<div class=\"wpb_text_column wpb_content_element\" >\n\t\t<div class=\"wpb_wrapper\">\n\t\t\t<p>Marcas<\/p>\n\n\t\t<\/div>\n\t<\/div>\n<div class=\"bt-element bt-button-element inline left\" ><a href=\"\/es\/alonso-camargo\/\"><\/a><\/div><\/div><\/div><\/div><\/div><div class=\"vc_row wpb_row vc_inner vc_row-fluid\"><div class=\"wpb_column vc_column_container vc_col-sm-12\"><div class=\"vc_column-inner\"><div class=\"wpb_wrapper\">\n\t<div  class=\"wpb_single_image wpb_content_element vc_align_left\">\n\t\t\n\t\t<figure class=\"wpb_wrapper vc_figure\">\n\t\t\t<div class=\"vc_single_image-wrapper   vc_box_border_grey\"><img loading=\"lazy\" decoding=\"async\" width=\"188\" height=\"190\" src=\"https:\/\/www.olivares.mx\/wp-content\/uploads\/2020\/11\/DS.png\" class=\"vc_single_image-img attachment-full\" alt=\"\" \/><\/div>\n\t\t<\/figure>\n\t<\/div>\n\n\t<div class=\"wpb_text_column wpb_content_element\" >\n\t\t<div class=\"wpb_wrapper\">\n\t\t\t<h5>Daniel S\u00e1nchez<\/h5>\n\n\t\t<\/div>\n\t<\/div>\n\n\t<div class=\"wpb_text_column wpb_content_element\" >\n\t\t<div class=\"wpb_wrapper\">\n\t\t\t<h6>Socio<\/h6>\n\n\t\t<\/div>\n\t<\/div>\n\n\t<div class=\"wpb_text_column wpb_content_element\" >\n\t\t<div class=\"wpb_wrapper\">\n\t\t\t<p>Patentes<\/p>\n\n\t\t<\/div>\n\t<\/div>\n<div class=\"bt-element bt-button-element inline left\" ><a href=\"\/es\/daniel-sanchez\/\"><\/a><\/div><\/div><\/div><\/div><\/div><div class=\"vc_row wpb_row vc_inner vc_row-fluid\"><div class=\"wpb_column vc_column_container vc_col-sm-12\"><div class=\"vc_column-inner\"><div class=\"wpb_wrapper\">\n\t<div  class=\"wpb_single_image wpb_content_element vc_align_left\">\n\t\t\n\t\t<figure class=\"wpb_wrapper vc_figure\">\n\t\t\t<div class=\"vc_single_image-wrapper   vc_box_border_grey\"><img loading=\"lazy\" decoding=\"async\" width=\"188\" height=\"189\" src=\"https:\/\/www.olivares.mx\/wp-content\/uploads\/2020\/11\/ADA.png\" class=\"vc_single_image-img attachment-full\" alt=\"\" srcset=\"https:\/\/www.olivares.mx\/wp-content\/uploads\/2020\/11\/ADA.png 188w, https:\/\/www.olivares.mx\/wp-content\/uploads\/2020\/11\/ADA-150x150.png 150w\" sizes=\"(max-width: 188px) 100vw, 188px\" \/><\/div>\n\t\t<\/figure>\n\t<\/div>\n\n\t<div class=\"wpb_text_column wpb_content_element\" >\n\t\t<div class=\"wpb_wrapper\">\n\t\t\t<h5>Abraham D\u00edaz<\/h5>\n\n\t\t<\/div>\n\t<\/div>\n\n\t<div class=\"wpb_text_column wpb_content_element\" >\n\t\t<div class=\"wpb_wrapper\">\n\t\t\t<h6>Socio<\/h6>\n\n\t\t<\/div>\n\t<\/div>\n\n\t<div class=\"wpb_text_column wpb_content_element\" >\n\t\t<div class=\"wpb_wrapper\">\n\t\t\t<p>Litigio<\/p>\n\n\t\t<\/div>\n\t<\/div>\n<div class=\"bt-element bt-button-element inline left\" ><a href=\"\/es\/abraham-diaz\/\"><\/a><\/div><\/div><\/div><\/div><\/div><div class=\"vc_row wpb_row vc_inner vc_row-fluid\"><div class=\"wpb_column vc_column_container vc_col-sm-12\"><div class=\"vc_column-inner\"><div class=\"wpb_wrapper\">\n\t<div  class=\"wpb_single_image wpb_content_element vc_align_left\">\n\t\t\n\t\t<figure class=\"wpb_wrapper vc_figure\">\n\t\t\t<div class=\"vc_single_image-wrapper   vc_box_border_grey\"><img loading=\"lazy\" decoding=\"async\" width=\"188\" height=\"189\" src=\"https:\/\/www.olivares.mx\/wp-content\/uploads\/2020\/11\/ARA.png\" class=\"vc_single_image-img attachment-full\" alt=\"\" srcset=\"https:\/\/www.olivares.mx\/wp-content\/uploads\/2020\/11\/ARA.png 188w, https:\/\/www.olivares.mx\/wp-content\/uploads\/2020\/11\/ARA-150x150.png 150w\" sizes=\"(max-width: 188px) 100vw, 188px\" \/><\/div>\n\t\t<\/figure>\n\t<\/div>\n\n\t<div class=\"wpb_text_column wpb_content_element\" >\n\t\t<div class=\"wpb_wrapper\">\n\t\t\t<h5>Armando Arenas<\/h5>\n\n\t\t<\/div>\n\t<\/div>\n\n\t<div class=\"wpb_text_column wpb_content_element\" >\n\t\t<div class=\"wpb_wrapper\">\n\t\t\t<h6>Socio<\/h6>\n\n\t\t<\/div>\n\t<\/div>\n\n\t<div class=\"wpb_text_column wpb_content_element\" >\n\t\t<div class=\"wpb_wrapper\">\n\t\t\t<p>Litigio<\/p>\n\n\t\t<\/div>\n\t<\/div>\n<div class=\"bt-element bt-button-element inline left\" ><a href=\"\/es\/armando-arenas\/\"><\/a><\/div><\/div><\/div><\/div><\/div><div class=\"vc_row wpb_row vc_inner vc_row-fluid\"><div class=\"wpb_column vc_column_container vc_col-sm-12\"><div class=\"vc_column-inner\"><div class=\"wpb_wrapper\">\n\t<div  class=\"wpb_single_image wpb_content_element vc_align_left\">\n\t\t\n\t\t<figure class=\"wpb_wrapper vc_figure\">\n\t\t\t<div class=\"vc_single_image-wrapper   vc_box_border_grey\"><img loading=\"lazy\" decoding=\"async\" width=\"188\" height=\"189\" src=\"https:\/\/www.olivares.mx\/wp-content\/uploads\/2021\/01\/VRC.png\" class=\"vc_single_image-img attachment-full\" alt=\"\" srcset=\"https:\/\/www.olivares.mx\/wp-content\/uploads\/2021\/01\/VRC.png 188w, https:\/\/www.olivares.mx\/wp-content\/uploads\/2021\/01\/VRC-150x150.png 150w\" sizes=\"(max-width: 188px) 100vw, 188px\" \/><\/div>\n\t\t<\/figure>\n\t<\/div>\n\n\t<div class=\"wpb_text_column wpb_content_element\" >\n\t\t<div class=\"wpb_wrapper\">\n\t\t\t<h5>V\u00edctor Ram\u00edrez<\/h5>\n\n\t\t<\/div>\n\t<\/div>\n\n\t<div class=\"wpb_text_column wpb_content_element\" >\n\t\t<div class=\"wpb_wrapper\">\n\t\t\t<h6>Socio<\/h6>\n\n\t\t<\/div>\n\t<\/div>\n\n\t<div class=\"wpb_text_column wpb_content_element\" >\n\t\t<div class=\"wpb_wrapper\">\n\t\t\t<p>Marcas<\/p>\n\n\t\t<\/div>\n\t<\/div>\n<div class=\"bt-element bt-button-element inline left\" ><a href=\"\/es\/victor-ramirez\/\"><\/a><\/div><\/div><\/div><\/div><\/div><div class=\"vc_row wpb_row vc_inner vc_row-fluid\"><div class=\"wpb_column vc_column_container vc_col-sm-12\"><div class=\"vc_column-inner\"><div class=\"wpb_wrapper\">\n\t<div  class=\"wpb_single_image wpb_content_element vc_align_left\">\n\t\t\n\t\t<figure class=\"wpb_wrapper vc_figure\">\n\t\t\t<div class=\"vc_single_image-wrapper   vc_box_border_grey\"><img loading=\"lazy\" decoding=\"async\" class=\"vc_single_image-img\" src=\"https:\/\/www.olivares.mx\/wp-content\/uploads\/2023\/01\/ROMBO-Rommy-188x188.png\" width=\"188\" height=\"188\" alt=\"ROMBO-Rommy\" title=\"ROMBO-Rommy\" \/><\/div>\n\t\t<\/figure>\n\t<\/div>\n\n\t<div class=\"wpb_text_column wpb_content_element\" >\n\t\t<div class=\"wpb_wrapper\">\n\t\t\t<h5>Rommy Morales<\/h5>\n\n\t\t<\/div>\n\t<\/div>\n\n\t<div class=\"wpb_text_column wpb_content_element\" >\n\t\t<div class=\"wpb_wrapper\">\n\t\t\t<h6>Socia<\/h6>\n\n\t\t<\/div>\n\t<\/div>\n\n\t<div class=\"wpb_text_column wpb_content_element\" >\n\t\t<div class=\"wpb_wrapper\">\n\t\t\t<p>Patentes<\/p>\n\n\t\t<\/div>\n\t<\/div>\n<div class=\"bt-element bt-button-element inline left\" ><a href=\"\/es\/rommy-morales\/\"><\/a><\/div><\/div><\/div><\/div><\/div><div class=\"vc_row wpb_row vc_inner vc_row-fluid\"><div class=\"wpb_column vc_column_container vc_col-sm-12\"><div class=\"vc_column-inner\"><div class=\"wpb_wrapper\">\n\t<div  class=\"wpb_single_image wpb_content_element vc_align_left\">\n\t\t\n\t\t<figure class=\"wpb_wrapper vc_figure\">\n\t\t\t<div class=\"vc_single_image-wrapper   vc_box_border_grey\"><img loading=\"lazy\" decoding=\"async\" class=\"vc_single_image-img\" src=\"https:\/\/www.olivares.mx\/wp-content\/uploads\/2023\/01\/Jaime-Rodriguez_rombo_Olivares-188x188.png\" width=\"188\" height=\"188\" alt=\"Jaime-Rodriguez_rombo_Olivares\" title=\"Jaime-Rodriguez_rombo_Olivares\" \/><\/div>\n\t\t<\/figure>\n\t<\/div>\n\n\t<div class=\"wpb_text_column wpb_content_element\" >\n\t\t<div class=\"wpb_wrapper\">\n\t\t\t<h5>Jaime Rodr\u00edguez<\/h5>\n\n\t\t<\/div>\n\t<\/div>\n\n\t<div class=\"wpb_text_column wpb_content_element\" >\n\t\t<div class=\"wpb_wrapper\">\n\t\t\t<h6>Socio<\/h6>\n\n\t\t<\/div>\n\t<\/div>\n\n\t<div class=\"wpb_text_column wpb_content_element\" >\n\t\t<div class=\"wpb_wrapper\">\n\t\t\t<p>Derecho de Autor y DerechoEntretenimiento<\/p>\n\n\t\t<\/div>\n\t<\/div>\n<div class=\"bt-element bt-button-element inline left\" ><a href=\"\/es\/jaime-rodriguez\/\"><\/a><\/div><\/div><\/div><\/div><\/div><\/div><\/div><\/div><\/div><div data-vc-full-width=\"true\" data-vc-full-width-init=\"false\" data-vc-stretch-content=\"true\" class=\"vc_row wpb_row vc_row-fluid olivares-contact-with-map contact-home homepage-contact-form vc_row-no-padding\"><div class=\"wpb_column vc_column_container vc_col-sm-12\"><div class=\"vc_column-inner\"><div class=\"wpb_wrapper\"><div class=\"vc_row wpb_row vc_inner vc_row-fluid olivares-map\"><div class=\"wpb_column vc_column_container vc_col-sm-12\"><div class=\"vc_column-inner\"><div class=\"wpb_wrapper\">\n\t<div class=\"wpb_text_column wpb_content_element\" >\n\t\t<div class=\"wpb_wrapper\">\n\t\t\t<div class=\"div-for-hide-map-bar\"><iframe loading=\"lazy\" style=\"padding-top: 50px;\" src=\"https:\/\/www.google.com\/maps\/embed?pb=!1m18!1m12!1m3!1d3764.431933332043!2d-99.19204978509458!3d19.350441386931056!2m3!1f0!2f0!3f0!3m2!1i1024!2i768!4f13.1!3m3!1m2!1s0x85d1fff7d63eb251%3A0xf6ad6d1b64d3fc78!2sPedro%20Luis%20Ogaz%C3%B3n%2017%2C%20San%20%C3%81ngel%2C%20%C3%81lvaro%20Obreg%C3%B3n%2C%2001000%20Ciudad%20de%20M%C3%A9xico%2C%20CDMX%2C%20Mexico!5e0!3m2!1sen!2sin!4v1609935378810!5m2!1sen!2sin\" width=\"1374\" height=\"720\"><span data-mce-type=\"bookmark\" style=\"display: inline-block; width: 0px; overflow: hidden; line-height: 0;\" class=\"mce_SELRES_start\"><\/span><span data-mce-type=\"bookmark\" style=\"display: inline-block; width: 0px; overflow: hidden; line-height: 0;\" class=\"mce_SELRES_start\"><\/span><\/iframe><\/div>\n\n\t\t<\/div>\n\t<\/div>\n<\/div><\/div><\/div><\/div><div class=\"vc_row wpb_row vc_inner vc_row-fluid olivares-contact-address\"><div class=\"wpb_column vc_column_container vc_col-sm-12\"><div class=\"vc_column-inner\"><div class=\"wpb_wrapper\">\n\t<div class=\"wpb_text_column wpb_content_element\" >\n\t\t<div class=\"wpb_wrapper\">\n\t\t\t<h3>Cont\u00e1ctanos<\/h3>\n\n\t\t<\/div>\n\t<\/div>\n\n\t<div class=\"wpb_text_column wpb_content_element\" >\n\t\t<div class=\"wpb_wrapper\">\n\t\t\t<p>Pedro Luis Ogaz\u00f3n 17, Col. San \u00c1ngel, 01000, Ciudad de M\u00e9xico.<\/p>\n\n\t\t<\/div>\n\t<\/div>\n\n\t<div class=\"wpb_text_column wpb_content_element\" >\n\t\t<div class=\"wpb_wrapper\">\n\t\t\t<p>Tel\u00a0 \u00a0 \u00a0 \u00a0<a class=\"phone\" href=\"tel:525553223000\">52 (55) 5322 3000<\/a><br \/>\nFax <a class=\"fax\" href=\"tel:525553223001\">52 (55) 5322 3001<\/a><\/p>\n\n\t\t<\/div>\n\t<\/div>\n\n\t<div class=\"wpb_text_column wpb_content_element\" >\n\t\t<div class=\"wpb_wrapper\">\n\t\t\t<p>Email <a class=\"email\" href=\"mailto:olivlaw@olivares.mx\">olivlaw@olivares.mx<\/a><\/p>\n\n\t\t<\/div>\n\t<\/div>\n<\/div><\/div><\/div><\/div><div class=\"vc_row wpb_row vc_inner vc_row-fluid olivares-contact-form\"><div class=\"wpb_column vc_column_container vc_col-sm-12\"><div class=\"vc_column-inner\"><div class=\"wpb_wrapper\">\n\t<div class=\"wpb_text_column wpb_content_element\" >\n\t\t<div class=\"wpb_wrapper\">\n\t\t\t<p>[contact-form-7 id=&#8221;26509&#8243; title=&#8221;Contact Us&#8221;]<\/p>\n\n\t\t<\/div>\n\t<\/div>\n<\/div><\/div><\/div><\/div><\/div><\/div><\/div><\/div><div class=\"vc_row-full-width vc_clearfix\"><\/div>","protected":false},"excerpt":{"rendered":"SOCIOS Sergio L. Olivares Sr. Socio VCARD \u00a0 Sergio L. Olivares Sr. se uni\u00f3 a OLIVARES en 1987 y actualmente dirige la firma con fortaleza y compromiso por la transparencia, la satisfacci\u00f3n del cliente y una atenci\u00f3n personalizada. Ha sido Socio desde 1994 y presidente del Comit\u00e9 Administrativo desde el a\u00f1o 2009. El trabajo de [...]","protected":false},"author":3,"featured_media":0,"parent":0,"menu_order":0,"comment_status":"closed","ping_status":"closed","template":"olivares_default_template.php","meta":{"footnotes":""},"_links":{"self":[{"href":"https:\/\/www.olivares.mx\/es\/wp-json\/wp\/v2\/pages\/13391"}],"collection":[{"href":"https:\/\/www.olivares.mx\/es\/wp-json\/wp\/v2\/pages"}],"about":[{"href":"https:\/\/www.olivares.mx\/es\/wp-json\/wp\/v2\/types\/page"}],"author":[{"embeddable":true,"href":"https:\/\/www.olivares.mx\/es\/wp-json\/wp\/v2\/users\/3"}],"replies":[{"embeddable":true,"href":"https:\/\/www.olivares.mx\/es\/wp-json\/wp\/v2\/comments?post=13391"}],"version-history":[{"count":56,"href":"https:\/\/www.olivares.mx\/es\/wp-json\/wp\/v2\/pages\/13391\/revisions"}],"predecessor-version":[{"id":32221,"href":"https:\/\/www.olivares.mx\/es\/wp-json\/wp\/v2\/pages\/13391\/revisions\/32221"}],"wp:attachment":[{"href":"https:\/\/www.olivares.mx\/es\/wp-json\/wp\/v2\/media?parent=13391"}],"curies":[{"name":"wp","href":"https:\/\/api.w.org\/{rel}","templated":true}]}}