{"id":22878,"date":"2020-12-04T17:59:03","date_gmt":"2020-12-04T17:59:03","guid":{"rendered":"https:\/\/w21.olivares.mx\/about-us-2\/"},"modified":"2021-05-28T20:19:21","modified_gmt":"2021-05-28T20:19:21","slug":"about-us","status":"publish","type":"page","link":"https:\/\/www.olivares.mx\/es\/about-us\/","title":{"rendered":"Misi\u00f3n, Visi\u00f3n y Valores"},"content":{"rendered":"<div data-vc-full-width=\"true\" data-vc-full-width-init=\"false\" data-vc-stretch-content=\"true\" class=\"vc_row wpb_row vc_row-fluid banner-img-full-width vc_row-no-padding\"><div class=\"wpb_column vc_column_container vc_col-sm-12\"><div class=\"vc_column-inner\"><div class=\"wpb_wrapper\">\n\t<div  class=\"wpb_single_image wpb_content_element vc_align_left\">\n\t\t\n\t\t<figure class=\"wpb_wrapper vc_figure\">\n\t\t\t<div class=\"vc_single_image-wrapper   vc_box_border_grey\"><img loading=\"lazy\" decoding=\"async\" width=\"1920\" height=\"959\" src=\"https:\/\/www.olivares.mx\/wp-content\/uploads\/2021\/01\/Hero_About_Us.png\" class=\"vc_single_image-img attachment-full\" alt=\"\" srcset=\"https:\/\/www.olivares.mx\/wp-content\/uploads\/2021\/01\/Hero_About_Us.png 1920w, https:\/\/www.olivares.mx\/wp-content\/uploads\/2021\/01\/Hero_About_Us-300x150.png 300w, https:\/\/www.olivares.mx\/wp-content\/uploads\/2021\/01\/Hero_About_Us-768x384.png 768w, https:\/\/www.olivares.mx\/wp-content\/uploads\/2021\/01\/Hero_About_Us-1024x511.png 1024w\" sizes=\"(max-width: 1920px) 100vw, 1920px\" \/><\/div>\n\t\t<\/figure>\n\t<\/div>\n<\/div><\/div><\/div><\/div><div class=\"vc_row-full-width vc_clearfix\"><\/div><div class=\"vc_row wpb_row vc_row-fluid overview-content about-page-content\"><div class=\"wpb_column vc_column_container vc_col-sm-8 vc_hidden-xs vc_col-has-fill\"><div class=\"vc_column-inner vc_custom_1622233064796\"><div class=\"wpb_wrapper\">\n\t<div class=\"wpb_text_column wpb_content_element  vc_custom_1620933001868\" >\n\t\t<div class=\"wpb_wrapper\">\n\t\t\t<h2 style=\"color: #fff;\">MISI\u00d3N<\/h2>\n\n\t\t<\/div>\n\t<\/div>\n\n\t<div class=\"wpb_text_column wpb_content_element  vc_custom_1621008472460\" >\n\t\t<div class=\"wpb_wrapper\">\n\t\t\t<div style=\"border-bottom: 2px solid #fff; margin-bottom: 30px;\"><\/div>\n<p><span id=\"vsion-txt\" style=\"color: #fff;\">Brindar soluciones innovadoras y asesoramiento legal altamente especializado para clientes que enfrentan complejos desaf\u00edos legales y comerciales en M\u00e9xico.<\/span><\/p>\n\n\t\t<\/div>\n\t<\/div>\n\n\t<div class=\"wpb_text_column wpb_content_element\" >\n\t\t<div class=\"wpb_wrapper\">\n\t\t\t<div style=\"color: #8fc9cb;\">\n<p>&nbsp;<\/p>\n<p>&nbsp;<\/p>\n<\/div>\n\n\t\t<\/div>\n\t<\/div>\n\n\t<div class=\"wpb_text_column wpb_content_element\" >\n\t\t<div class=\"wpb_wrapper\">\n\t\t\t<div style=\"color: #8fc9cb;\">\n<p>&nbsp;<\/p>\n<p>&nbsp;<\/p>\n<\/div>\n\n\t\t<\/div>\n\t<\/div>\n<\/div><\/div><\/div><div class=\"wpb_column vc_column_container vc_col-sm-4\"><div class=\"vc_column-inner\"><div class=\"wpb_wrapper\"><\/div><\/div><\/div><\/div><div class=\"vc_row wpb_row vc_row-fluid overview-content about-page-content\"><div class=\"wpb_column vc_column_container vc_col-sm-12 vc_hidden-lg vc_hidden-md vc_hidden-sm vc_col-has-fill\"><div class=\"vc_column-inner vc_custom_1622233083317\"><div class=\"wpb_wrapper\">\n\t<div class=\"wpb_text_column wpb_content_element  vc_custom_1622233093132\" >\n\t\t<div class=\"wpb_wrapper\">\n\t\t\t<h2 style=\"color: #000;\">MISI\u00d3N<\/h2>\n\n\t\t<\/div>\n\t<\/div>\n\n\t<div class=\"wpb_text_column wpb_content_element  vc_custom_1622233105942\" >\n\t\t<div class=\"wpb_wrapper\">\n\t\t\t<div style=\"border-bottom: 2px solid #000; margin-bottom: 30px;\"><\/div>\n<div style=\"color: #000;\">Brindar soluciones innovadoras y asesoramiento legal altamente especializado para clientes que enfrentan complejos desaf\u00edos legales y comerciales en M\u00e9xico.<\/div>\n\n\t\t<\/div>\n\t<\/div>\n<\/div><\/div><\/div><\/div><div class=\"vc_row wpb_row vc_row-fluid vc_row-o-full-height vc_row-o-columns-middle vc_row-o-equal-height vc_row-o-content-top vc_row-flex\"><div class=\"wpb_column vc_column_container vc_col-sm-1\"><div class=\"vc_column-inner\"><div class=\"wpb_wrapper\"><\/div><\/div><\/div><div class=\"information-right-bottom-content life-information-right-bottom-content vision wpb_column vc_column_container vc_col-sm-4\"><div class=\"vc_column-inner vc_custom_1621280909865\"><div class=\"wpb_wrapper\">\n\t<div class=\"wpb_text_column wpb_content_element\" >\n\t\t<div class=\"wpb_wrapper\">\n\t\t\t<h2 style=\"color: #fff;\">VISI\u00d3N<\/h2>\n<div style=\"border-bottom: 2px solid #fff; margin-bottom: 30px;\"><\/div>\n<p>&nbsp;<\/p>\n<div><span id=\"vsion-txt\" style=\"color: #fff;\">Influir en el entorno legal de M\u00e9xico para lograr un mejor y m\u00e1s atractivo escenario legal que sirva para atraer a las mejores innovaciones del mundo mediante:<\/span><\/div>\n<ul class=\"ul_visionvalues\" style=\"color: #fff; padding: 10px 0px 10px 0px !important; margin: 0px -20px 24px 20px;\">\n<li style=\"padding: 10px 0px 10px 0px !important;\">Servicios legales excepcionales que resulten en el crecimiento del cliente y su \u00e9xito comercial.<\/li>\n<li style=\"padding: 10px 0px 10px 0px !important;\">Crear una atm\u00f3sfera en la que los abogados, los expertos t\u00e9cnicos y el personal trabajen juntos en soluciones que conduzcan a logros excepcionales.<\/li>\n<li style=\"padding: 10px 0px 10px 0px !important;\">Mejoras inspiradoras en los escenarios legales en M\u00e9xico que fomentan el progreso econ\u00f3mico.<\/li>\n<\/ul>\n<div><\/div>\n\n\t\t<\/div>\n\t<\/div>\n<\/div><\/div><\/div><div class=\"mid-vision wpb_column vc_column_container vc_col-sm-1\"><div class=\"vc_column-inner\"><div class=\"wpb_wrapper\"><\/div><\/div><\/div><div class=\"information-right-bottom-content life-information-right-bottom-content wpb_column vc_column_container vc_col-sm-4\"><div class=\"vc_column-inner\"><div class=\"wpb_wrapper\">\n\t<div class=\"wpb_text_column wpb_content_element\" >\n\t\t<div class=\"wpb_wrapper\">\n\t\t\t<h2 style=\"color: #fff;\">VALORES<\/h2>\n<div style=\"border-bottom: 2px solid #fff; margin-bottom: 30px;\"><\/div>\n<ul class=\"ul_visionvalues\" style=\"color: #fff; padding: 10px 0px 10px 0px !important; margin: 0px -20px 24px 20px;\">\n<li style=\"padding: 10px 0px 10px 0px !important;\">Conocimiento | La experiencia adquirida en m\u00e1s de cincuenta a\u00f1os de pr\u00e1ctica por un equipo l\u00edder que desaf\u00eda continuamente el statu quo.<\/li>\n<li style=\"padding: 10px 0px 10px 0px !important;\">Innovaci\u00f3n | La creatividad y la imaginaci\u00f3n combinadas con la audacia que se necesitan para obtener los mejores resultados.<\/li>\n<li style=\"padding: 10px 0px 10px 0px !important;\">Responsabilidad | El compromiso con la capacidad de respuesta y la responsabilidad del equipo que supera las expectativas.<\/li>\n<li style=\"padding: 10px 0px 10px 0px !important;\">Confianza | La integridad por la que se conoce a OLIVARES y la reputaci\u00f3n que trae de vuelta a los clientes una y otra vez.<\/li>\n<li style=\"padding: 10px 0px 10px 0px !important;\">Compromiso Social | Responsabilidad con la sociedad en la que vivimos, mediante asesor\u00edas pro-bono y espacios para la diversidad.<\/li>\n<\/ul>\n\n\t\t<\/div>\n\t<\/div>\n<\/div><\/div><\/div><div class=\"wpb_column vc_column_container vc_col-sm-6\"><div class=\"vc_column-inner\"><div class=\"wpb_wrapper\"><\/div><\/div><\/div><\/div><div data-vc-full-width=\"true\" data-vc-full-width-init=\"false\" data-vc-stretch-content=\"true\" class=\"vc_row wpb_row vc_row-fluid youtube-video youtube-video-2 vc_row-no-padding\"><div class=\"wpb_column vc_column_container vc_col-sm-12\"><div class=\"vc_column-inner\"><div class=\"wpb_wrapper\">\n\t<div class=\"wpb_text_column wpb_content_element\" >\n\t\t<div class=\"wpb_wrapper\">\n\t\t\t\n<div id=\"rev_slider_16_1_wrapper\" class=\"rev_slider_wrapper fullwidthbanner-container\" data-source=\"gallery\" style=\"margin:0px auto;background:transparent;padding:0px;margin-top:0px;margin-bottom:0px;\">\n<!-- START REVOLUTION SLIDER 5.4.6.3 fullwidth mode -->\n\t<div id=\"rev_slider_16_1\" class=\"rev_slider fullwidthabanner tp-overflow-hidden\" style=\"display:none;\" data-version=\"5.4.6.3\">\n<ul>\t<!-- SLIDE  -->\n\t<li data-index=\"rs-72\" data-transition=\"fade\" data-slotamount=\"default\" data-hideafterloop=\"0\" data-hideslideonmobile=\"off\"  data-easein=\"default\" data-easeout=\"default\" data-masterspeed=\"300\"  data-rotate=\"0\"  data-saveperformance=\"off\"  data-title=\"Slide\" data-param1=\"\" data-param2=\"\" data-param3=\"\" data-param4=\"\" data-param5=\"\" data-param6=\"\" data-param7=\"\" data-param8=\"\" data-param9=\"\" data-param10=\"\" data-description=\"\">\n\t\t<!-- MAIN IMAGE -->\n\t\t<img loading=\"lazy\" decoding=\"async\" src=\"https:\/\/www.olivares.mx\/wp-content\/uploads\/2021\/01\/Screen-Shot-2021-01-15-at-12.29.44-PM.png\"  alt=\"\" title=\"Screen Shot 2021-01-15 at 12.29.44 PM\"  width=\"3366\" height=\"1890\" data-bgposition=\"center center\" data-bgfit=\"cover\" class=\"rev-slidebg\" data-no-retina>\n\t\t<!-- LAYERS -->\n\n\t\t<!-- BACKGROUND VIDEO LAYER -->\n\t\t<div class=\"rs-background-video-layer\" \n\t\t\tdata-forcerewind=\"on\" \n\t\t\tdata-volume=\"200\" \n\t\t\tdata-ytid=\"mc4SVC0C9sY\" \n\t\t\tdata-videoattributes=\"version=3&amp;enablejsapi=1&amp;html5=1&amp;volume=200&amp;hd=1&wmode=opaque&showinfo=0&rel=0&controls=1;origin=https:\/\/www.olivares.mx;\" \n\t\t\tdata-videorate=\"1\" \n\t\t\tdata-videowidth=\"100%\" \n\t\t\tdata-videoheight=\"100%\" \n\t\t\tdata-videocontrols=\"none\" \n\t\t\tdata-videoloop=\"loopandnoslidestop\" \n\t\t\tdata-aspectratio=\"16:9\" \n\t\t\tdata-autoplay=\"true\" \n\t\t\tdata-autoplayonlyfirsttime=\"false\" \n><\/div>\n\t\t<!-- LAYER NR. 1 -->\n\t\t<div class=\"tp-caption   tp-resizeme fullscreenvideo tp-videolayer\" \n\t\t\t id=\"slide-72-layer-1\" \n\t\t\t data-x=\"0\" \n\t\t\t data-y=\"0\" \n\t\t\tdata-type=\"video\" \n\t\t\tdata-responsive_offset=\"on\" \n\n\t\t\tdata-frames='[{\"delay\":0,\"speed\":300,\"frame\":\"0\",\"from\":\"opacity:0;\",\"to\":\"o:1;\",\"ease\":\"Power3.easeInOut\"},{\"delay\":\"wait\",\"speed\":300,\"frame\":\"999\",\"to\":\"opacity:0;\",\"ease\":\"Power3.easeInOut\"}]'\n data-ytid=\"4L__wOSr47w\" data-videoattributes=\"version=3&amp;enablejsapi=1&amp;html5=1&amp;hd=1&wmode=opaque&showinfo=0&rel=0;;origin=https:\/\/www.olivares.mx;\" data-videorate=\"1\" data-videowidth=\"100%\" data-videoheight=\"100%\" data-videocontrols=\"controls\" data-videoloop=\"loopandnoslidestop\"\t\t\tdata-textalign=\"['inherit','inherit','inherit','inherit']\"\n\t\t\tdata-paddingtop=\"[0,0,0,0]\"\n\t\t\tdata-paddingright=\"[0,0,0,0]\"\n\t\t\tdata-paddingbottom=\"[0,0,0,0]\"\n\t\t\tdata-paddingleft=\"[0,0,0,0]\"\n\t\t\tdata-autoplay=\"on\" \n\t\t\tdata-videoposter=\"https:\/\/www.olivares.mx\/wp-content\/uploads\/2021\/01\/Screen-Shot-2021-01-15-at-12.29.44-PM.png\" \n\t\t\tdata-noposteronmobile=\"on\" \n\t\t\tdata-volume=\"mute\" data-forcerewind=\"on\" data-showcoveronpause=\"on\"\n\t\t\tstyle=\"z-index: 5;\"> <\/div>\n\t<\/li>\n<\/ul>\n<div class=\"tp-bannertimer tp-bottom\" style=\"visibility: hidden !important;\"><\/div>\t<\/div>\n<script>var htmlDiv = document.getElementById(\"rs-plugin-settings-inline-css\"); var htmlDivCss=\"\";\r\n\t\t\t\tif(htmlDiv) {\r\n\t\t\t\t\thtmlDiv.innerHTML = htmlDiv.innerHTML + htmlDivCss;\r\n\t\t\t\t}else{\r\n\t\t\t\t\tvar htmlDiv = document.createElement(\"div\");\r\n\t\t\t\t\thtmlDiv.innerHTML = \"<style>\" + htmlDivCss + \"<\/style>\";\r\n\t\t\t\t\tdocument.getElementsByTagName(\"head\")[0].appendChild(htmlDiv.childNodes[0]);\r\n\t\t\t\t}\r\n\t\t\t<\/script>\n\t\t<script type=\"text\/javascript\">\r\nsetREVStartSize({c: jQuery('#rev_slider_16_1'), gridwidth: [1920], gridheight: [1080], sliderLayout: 'fullwidth'});\r\n\t\t\t\r\nvar revapi16,\r\n\ttpj=jQuery;\r\n\t\t\t\r\ntpj(document).ready(function() {\n\tif(tpj(\"#rev_slider_16_1\").revolution == undefined){\n\t\trevslider_showDoubleJqueryError(\"#rev_slider_16_1\");\n\t}else{\n\t\trevapi16 = tpj(\"#rev_slider_16_1\").show().revolution({\n\t\t\tsliderType:\"hero\",\n\t\t\tjsFileLocation:\"\/\/www.olivares.mx\/wp-content\/plugins\/revslider\/public\/assets\/js\/\",\n\t\t\tsliderLayout:\"fullwidth\",\n\t\t\tdottedOverlay:\"none\",\n\t\t\tdelay:9000,\n\t\t\tvisibilityLevels:[1240,1024,778,480],\n\t\t\tgridwidth:1920,\n\t\t\tgridheight:1080,\n\t\t\tlazyType:\"none\",\n\t\t\tshadow:0,\n\t\t\tspinner:\"spinner0\",\n\t\t\tautoHeight:\"on\",\n\t\t\tdisableProgressBar:\"on\",\n\t\t\thideThumbsOnMobile:\"off\",\n\t\t\thideSliderAtLimit:0,\n\t\t\thideCaptionAtLimit:0,\n\t\t\thideAllCaptionAtLilmit:0,\n\t\t\tdebugMode:false,\n\t\t\tfallbacks: {\n\t\t\t\tsimplifyAll:\"off\",\n\t\t\t\tdisableFocusListener:false,\n\t\t\t}\n\t\t});\n\t}\n\t\n});\t\/*ready*\/\n<\/script>\r\n\t\t<\/div><!-- END REVOLUTION SLIDER -->\n\n\t\t<\/div>\n\t<\/div>\n<\/div><\/div><\/div><\/div><div class=\"vc_row-full-width vc_clearfix\"><\/div><div class=\"vc_row wpb_row vc_row-fluid more-about-us about-us-more\"><div class=\"wpb_column vc_column_container vc_col-sm-12\"><div class=\"vc_column-inner\"><div class=\"wpb_wrapper\">\n\t<div class=\"wpb_text_column wpb_content_element\" >\n\t\t<div class=\"wpb_wrapper\">\n\t\t\t<h1 id=\"tw-target-text-masculine\" class=\"tw-data-text tw-text-large XcVN5d tw-ta\" dir=\"ltr\" data-placeholder=\"Traducci\u00f3n\"><span lang=\"es\">MAS SOBRE NOSOTROS<\/span><\/h1>\n\n\t\t<\/div>\n\t<\/div>\n\n\t<div class=\"wpb_text_column wpb_content_element\" >\n\t\t<div class=\"wpb_wrapper\">\n\t\t\t<p>Lorem ipsum dolor sit amet, consectetur adipiscing elit, sed do eiusmod tempor incididunt ut labore et dolore magna aliqua.<\/p>\n\n\t\t<\/div>\n\t<\/div>\n<div class=\"vc_row wpb_row vc_inner vc_row-fluid two-block-sec\"><div class=\"wpb_column vc_column_container vc_col-sm-3\"><div class=\"vc_column-inner\"><div class=\"wpb_wrapper\"><\/div><\/div><\/div><div class=\"about-img1 wpb_column vc_column_container vc_col-sm-3\"><div class=\"vc_column-inner\"><div class=\"wpb_wrapper\">\n\t<div  class=\"wpb_single_image wpb_content_element vc_align_left\">\n\t\t<h2 class=\"wpb_heading wpb_singleimage_heading\">Visi\u00f3n General<\/h2>\n\t\t<figure class=\"wpb_wrapper vc_figure\">\n\t\t\t<a href=\"\/es\/overview\/\" target=\"_self\" class=\"vc_single_image-wrapper   vc_box_border_grey\"><img decoding=\"async\" class=\"vc_img-placeholder vc_single_image-img\" src=\"https:\/\/www.olivares.mx\/wp-content\/plugins\/js_composer\/assets\/vc\/no_image.png\" \/><\/a>\n\t\t<\/figure>\n\t<\/div>\n<\/div><\/div><\/div><div class=\"about-img2 wpb_column vc_column_container vc_col-sm-3\"><div class=\"vc_column-inner\"><div class=\"wpb_wrapper\">\n\t<div  class=\"wpb_single_image wpb_content_element vc_align_left\">\n\t\t<h2 class=\"wpb_heading wpb_singleimage_heading\">Nuestra Historia<\/h2>\n\t\t<figure class=\"wpb_wrapper vc_figure\">\n\t\t\t<a href=\"\/es\/history\/\" target=\"_self\" class=\"vc_single_image-wrapper   vc_box_border_grey\"><img decoding=\"async\" class=\"vc_img-placeholder vc_single_image-img\" src=\"https:\/\/www.olivares.mx\/wp-content\/plugins\/js_composer\/assets\/vc\/no_image.png\" \/><\/a>\n\t\t<\/figure>\n\t<\/div>\n<\/div><\/div><\/div><div class=\"wpb_column vc_column_container vc_col-sm-3\"><div class=\"vc_column-inner\"><div class=\"wpb_wrapper\"><\/div><\/div><\/div><\/div><\/div><\/div><\/div><\/div>","protected":false},"excerpt":{"rendered":"MISI\u00d3N Brindar soluciones innovadoras y asesoramiento legal altamente especializado para clientes que enfrentan complejos desaf\u00edos legales y comerciales en M\u00e9xico. &nbsp; &nbsp; &nbsp; &nbsp; MISI\u00d3N Brindar soluciones innovadoras y asesoramiento legal altamente especializado para clientes que enfrentan complejos desaf\u00edos legales y comerciales en M\u00e9xico. VISI\u00d3N &nbsp; Influir en el entorno legal de M\u00e9xico para lograr [...]","protected":false},"author":4,"featured_media":0,"parent":0,"menu_order":0,"comment_status":"closed","ping_status":"closed","template":"","meta":{"footnotes":""},"_links":{"self":[{"href":"https:\/\/www.olivares.mx\/es\/wp-json\/wp\/v2\/pages\/22878"}],"collection":[{"href":"https:\/\/www.olivares.mx\/es\/wp-json\/wp\/v2\/pages"}],"about":[{"href":"https:\/\/www.olivares.mx\/es\/wp-json\/wp\/v2\/types\/page"}],"author":[{"embeddable":true,"href":"https:\/\/www.olivares.mx\/es\/wp-json\/wp\/v2\/users\/4"}],"replies":[{"embeddable":true,"href":"https:\/\/www.olivares.mx\/es\/wp-json\/wp\/v2\/comments?post=22878"}],"version-history":[{"count":26,"href":"https:\/\/www.olivares.mx\/es\/wp-json\/wp\/v2\/pages\/22878\/revisions"}],"predecessor-version":[{"id":22879,"href":"https:\/\/www.olivares.mx\/es\/wp-json\/wp\/v2\/pages\/22878\/revisions\/22879"}],"wp:attachment":[{"href":"https:\/\/www.olivares.mx\/es\/wp-json\/wp\/v2\/media?parent=22878"}],"curies":[{"name":"wp","href":"https:\/\/api.w.org\/{rel}","templated":true}]}}