{"id":23319,"date":"2020-12-22T11:51:51","date_gmt":"2020-12-22T11:51:51","guid":{"rendered":"https:\/\/w21.olivares.mx\/entertaiment-group\/"},"modified":"2025-06-10T12:12:22","modified_gmt":"2025-06-10T19:12:22","slug":"entertaiment-law","status":"publish","type":"page","link":"https:\/\/www.olivares.mx\/es\/entertaiment-law\/","title":{"rendered":"Entretenimiento"},"content":{"rendered":"<div data-vc-full-width=\"true\" data-vc-full-width-init=\"false\" data-vc-stretch-content=\"true\" class=\"vc_row wpb_row vc_row-fluid banner-img-full-width vc_row-no-padding\"><div class=\"wpb_column vc_column_container vc_col-sm-12\"><div class=\"vc_column-inner\"><div class=\"wpb_wrapper\">\n\t<div  class=\"wpb_single_image wpb_content_element vc_align_left\">\n\t\t\n\t\t<figure class=\"wpb_wrapper vc_figure\">\n\t\t\t<div class=\"vc_single_image-wrapper   vc_box_border_grey\"><img loading=\"lazy\" decoding=\"async\" width=\"1920\" height=\"959\" src=\"https:\/\/www.olivares.mx\/wp-content\/uploads\/2021\/01\/Entertaiment_Group_Hero.png\" class=\"vc_single_image-img attachment-full\" alt=\"\" srcset=\"https:\/\/www.olivares.mx\/wp-content\/uploads\/2021\/01\/Entertaiment_Group_Hero.png 1920w, https:\/\/www.olivares.mx\/wp-content\/uploads\/2021\/01\/Entertaiment_Group_Hero-300x150.png 300w, https:\/\/www.olivares.mx\/wp-content\/uploads\/2021\/01\/Entertaiment_Group_Hero-768x384.png 768w, https:\/\/www.olivares.mx\/wp-content\/uploads\/2021\/01\/Entertaiment_Group_Hero-1024x511.png 1024w\" sizes=\"(max-width: 1920px) 100vw, 1920px\" \/><\/div>\n\t\t<\/figure>\n\t<\/div>\n<\/div><\/div><\/div><\/div><div class=\"vc_row-full-width vc_clearfix\"><\/div><div class=\"vc_row wpb_row vc_row-fluid overview-content information-page-content entertainment-group\"><div class=\"information-left-content wpb_column vc_column_container vc_col-sm-6\"><div class=\"vc_column-inner\"><div class=\"wpb_wrapper\">\n\t<div class=\"wpb_text_column wpb_content_element\" >\n\t\t<div class=\"wpb_wrapper\">\n\t\t\t<h2>Entretenimiento<\/h2>\n\n\t\t<\/div>\n\t<\/div>\n\n\t<div class=\"wpb_text_column wpb_content_element\" >\n\t\t<div class=\"wpb_wrapper\">\n\t\t\t<p>OLIVARES es una ventanilla \u00fanica para las leyes de medios y entretenimiento en M\u00e9xico. El origen de este grupo industrial se debe a que OLIVARES es una de las primeras firmas de abogados en M\u00e9xico en abordar directamente los asuntos de derecho de autor. Despu\u00e9s de haber trabajado con empresas mexicanas, as\u00ed como con algunas de las empresas de medios y entretenimiento m\u00e1s grandes del mundo, el equipo de OLIVARES ha llegado a comprender que los asuntos legales en esta industria son especializados y, a menudo, est\u00e1n interrelacionados.<\/p>\n\n\t\t<\/div>\n\t<\/div>\n\n\t<div class=\"wpb_text_column wpb_content_element\" >\n\t\t<div class=\"wpb_wrapper\">\n\t\t\t<p>Al tener un conocimiento espec\u00edfico de c\u00f3mo las empresas de medios, deportes y entretenimiento realizan negocios, y lo que es de importancia clave para sus resultados finales, OLIVARES ayuda a proteger y monetizar sus derechos en M\u00e9xico, incluso a trav\u00e9s de:<\/p>\n\n\t\t<\/div>\n\t<\/div>\n\n\t<div class=\"wpb_text_column wpb_content_element\" >\n\t\t<div class=\"wpb_wrapper\">\n\t\t\t<ul>\n<li>Derechos de autor<\/li>\n<li>Marcas comerciales<\/li>\n<li>Regulador<\/li>\n<li>Contractual<\/li>\n<li>Ejecuci\u00f3n y litigio<\/li>\n<\/ul>\n\n\t\t<\/div>\n\t<\/div>\n\n\t<div class=\"wpb_text_column wpb_content_element\" >\n\t\t<div class=\"wpb_wrapper\">\n\t\t\t<p>Los abogados de derechos de autor lideran el cargo dentro del grupo. El equipo sabe que, para ofrecer los mejores servicios en las industrias de medios y entretenimiento, comprender el lenguaje t\u00e9cnico de la industria es primordial. Los abogados de derechos de autor de OLIVARES son expertos y trabajan en conjunto con miembros del equipo que representan otras \u00e1reas legales, por ejemplo, litigios, contractuales o regulatorios, y de esta manera la firma puede realmente administrar los asuntos legales y brindar soluciones din\u00e1micas a los problemas.<\/p>\n\n\t\t<\/div>\n\t<\/div>\n<\/div><\/div><\/div><div class=\"wpb_column vc_column_container vc_col-sm-6\"><div class=\"vc_column-inner\"><div class=\"wpb_wrapper\">\n\t<div class=\"wpb_text_column wpb_content_element  information-right-bottom-content life-information-right-bottom-content\" >\n\t\t<div class=\"wpb_wrapper\">\n\t\t\t<h4>SABEMOS DE ENTRETENIMIENTO<\/h4>\n<div class=\"divider_practice\"><\/div>\n<div class=\"infoPartner\">\n<div class=\"partner-container\">\n<div class=\"partner-img\"><img decoding=\"async\" src=\"https:\/\/w21.olivares.mx\/wp-content\/uploads\/2021\/01\/LSR.png\" \/><\/div>\n<div class=\"partner-info\">\n<h3>Luis Schmidt<\/h3>\n<p><span style=\"color: #92cdcf;\">Socio<\/span><\/p>\n<\/div>\n<\/div>\n<div class=\"data_partner\">Luis Schmidt se integr\u00f3 a OLIVARES en 1991 y dos a\u00f1os despu\u00e9s, se convirti\u00f3 en Socio de la firma. Con una experiencia de m\u00e1s de 40 a\u00f1os en las distintas \u00e1reas vinculadas a la propiedad intelectual, se especializa en derecho de autor y derecho del entretenimiento.<\/div>\n<div class=\"btn_bio\">\n<ul style=\"display: flex; list-style: none;\">\n<li><a id=\"Articles-tab\" class=\"nav-link\" role=\"tab\" href=\"\/es\/luis-c-schmidt\/\" data-toggle=\"tab\" aria-controls=\"home\" aria-selected=\"true\" aria-expanded=\"true\">Clic aqu\u00ed para ver la biograf\u00eda completa<\/a><\/li>\n<\/ul>\n<\/div>\n<\/div>\n<div class=\"infoPartner\">\n<div class=\"partner-container\">\n<div class=\"partner-img\"><img decoding=\"async\" src=\"https:\/\/www.olivares.mx\/wp-content\/uploads\/2023\/01\/Jaime-Rodriguez_rombo_Olivares.png\" \/><\/div>\n<div class=\"partner-info\">\n<h3>Jaime Rodriguez<\/h3>\n<p><span style=\"color: #92cdcf;\">Socio<\/span><\/p>\n<\/div>\n<\/div>\n<div class=\"data_partner\">Jaime Rodr\u00edguez se integr\u00f3 a OLIVARES en 2007, convirti\u00e9ndose en Socio de la compa\u00f1\u00eda en el a\u00f1o 2023. Cuenta con una gran experiencia en derechos de autor, litigio, marcas, competencia desleal y resoluci\u00f3n de disputas en materia de nombres de dominio, y esta versatilidad le ha permitido participar en una gran variedad de asuntos y casos relevantes pertenecientes a las diferentes \u00e1reas de la propiedad intelectual.<\/div>\n<div class=\"btn_bio\">\n<ul style=\"display: flex; list-style: none;\">\n<li><a href=\"\/es\/jaime-rodriguez\/\">Clic aqu\u00ed para ver la biograf\u00eda completa<\/a><\/li>\n<\/ul>\n<\/div>\n<\/div>\n<h4><\/h4>\n\n\t\t<\/div>\n\t<\/div>\n<\/div><\/div><\/div><\/div><div class=\"vc_row wpb_row vc_row-fluid industry-group-title\"><div class=\"wpb_column vc_column_container vc_col-sm-12\"><div class=\"vc_column-inner\"><div class=\"wpb_wrapper\">\n\t<div class=\"wpb_text_column wpb_content_element\" >\n\t\t<div class=\"wpb_wrapper\">\n\t\t\t<h2>GRUPOS DE INDUSTRIAS<\/h2>\n\n\t\t<\/div>\n\t<\/div>\n<\/div><\/div><\/div><\/div><div class=\"vc_row wpb_row vc_row-fluid industry-group-sec two-elements\"><div class=\"wpb_column vc_column_container vc_col-sm-3\"><div class=\"vc_column-inner vc_custom_1608881970477\"><div class=\"wpb_wrapper\"><\/div><\/div><\/div><div class=\"wpb_column vc_column_container vc_col-sm-3\"><div class=\"vc_column-inner\"><div class=\"wpb_wrapper\">\n\t<div class=\"wpb_text_column wpb_content_element\" >\n\t\t<div class=\"wpb_wrapper\">\n\t\t\t<p><a href=\"\/es\/life-science-pharmaceutical-law-group\/\">Grupo de Ciencias de la Vida<\/a><\/p>\n\n\t\t<\/div>\n\t<\/div>\n<\/div><\/div><\/div><div class=\"wpb_column vc_column_container vc_col-sm-3\"><div class=\"vc_column-inner\"><div class=\"wpb_wrapper\">\n\t<div class=\"wpb_text_column wpb_content_element\" >\n\t\t<div class=\"wpb_wrapper\">\n\t\t\t<p><a href=\"\/es\/information-technology\/\">TI y Protecci\u00f3n de Datos Personales<\/a><\/p>\n\n\t\t<\/div>\n\t<\/div>\n<\/div><\/div><\/div><div class=\"wpb_column vc_column_container vc_col-sm-3\"><div class=\"vc_column-inner\"><div class=\"wpb_wrapper\"><\/div><\/div><\/div><\/div>","protected":false},"excerpt":{"rendered":"Entretenimiento OLIVARES es una ventanilla \u00fanica para las leyes de medios y entretenimiento en M\u00e9xico. El origen de este grupo industrial se debe a que OLIVARES es una de las primeras firmas de abogados en M\u00e9xico en abordar directamente los asuntos de derecho de autor. Despu\u00e9s de haber trabajado con empresas mexicanas, as\u00ed como con [...]","protected":false},"author":4,"featured_media":0,"parent":0,"menu_order":0,"comment_status":"closed","ping_status":"closed","template":"","meta":{"footnotes":""},"_links":{"self":[{"href":"https:\/\/www.olivares.mx\/es\/wp-json\/wp\/v2\/pages\/23319"}],"collection":[{"href":"https:\/\/www.olivares.mx\/es\/wp-json\/wp\/v2\/pages"}],"about":[{"href":"https:\/\/www.olivares.mx\/es\/wp-json\/wp\/v2\/types\/page"}],"author":[{"embeddable":true,"href":"https:\/\/www.olivares.mx\/es\/wp-json\/wp\/v2\/users\/4"}],"replies":[{"embeddable":true,"href":"https:\/\/www.olivares.mx\/es\/wp-json\/wp\/v2\/comments?post=23319"}],"version-history":[{"count":20,"href":"https:\/\/www.olivares.mx\/es\/wp-json\/wp\/v2\/pages\/23319\/revisions"}],"predecessor-version":[{"id":34427,"href":"https:\/\/www.olivares.mx\/es\/wp-json\/wp\/v2\/pages\/23319\/revisions\/34427"}],"wp:attachment":[{"href":"https:\/\/www.olivares.mx\/es\/wp-json\/wp\/v2\/media?parent=23319"}],"curies":[{"name":"wp","href":"https:\/\/api.w.org\/{rel}","templated":true}]}}