{"id":23357,"date":"2020-12-28T16:55:29","date_gmt":"2020-12-28T16:55:29","guid":{"rendered":"https:\/\/w21.olivares.mx\/ip-litigation-alternative-dispute-resolution\/"},"modified":"2025-07-10T13:14:34","modified_gmt":"2025-07-10T20:14:34","slug":"ip-litigation-alternative-dispute-resolution","status":"publish","type":"page","link":"https:\/\/www.olivares.mx\/es\/ip-litigation-alternative-dispute-resolution\/","title":{"rendered":"Litigio De Propiedad Intelectual"},"content":{"rendered":"<div data-vc-full-width=\"true\" data-vc-full-width-init=\"false\" data-vc-stretch-content=\"true\" class=\"vc_row wpb_row vc_row-fluid banner-img-full-width vc_row-no-padding\"><div class=\"wpb_column vc_column_container vc_col-sm-12\"><div class=\"vc_column-inner\"><div class=\"wpb_wrapper\">\n\t<div  class=\"wpb_single_image wpb_content_element vc_align_left\">\n\t\t\n\t\t<figure class=\"wpb_wrapper vc_figure\">\n\t\t\t<div class=\"vc_single_image-wrapper   vc_box_border_grey\"><img loading=\"lazy\" decoding=\"async\" width=\"1920\" height=\"959\" src=\"https:\/\/www.olivares.mx\/wp-content\/uploads\/2021\/01\/IP-LITIGATION-ALTERNATIVE-DISPUTE-RESOLUTION-1.png\" class=\"vc_single_image-img attachment-full\" alt=\"\" srcset=\"https:\/\/www.olivares.mx\/wp-content\/uploads\/2021\/01\/IP-LITIGATION-ALTERNATIVE-DISPUTE-RESOLUTION-1.png 1920w, https:\/\/www.olivares.mx\/wp-content\/uploads\/2021\/01\/IP-LITIGATION-ALTERNATIVE-DISPUTE-RESOLUTION-1-300x150.png 300w, https:\/\/www.olivares.mx\/wp-content\/uploads\/2021\/01\/IP-LITIGATION-ALTERNATIVE-DISPUTE-RESOLUTION-1-768x384.png 768w, https:\/\/www.olivares.mx\/wp-content\/uploads\/2021\/01\/IP-LITIGATION-ALTERNATIVE-DISPUTE-RESOLUTION-1-1024x511.png 1024w\" sizes=\"(max-width: 1920px) 100vw, 1920px\" \/><\/div>\n\t\t<\/figure>\n\t<\/div>\n<\/div><\/div><\/div><\/div><div class=\"vc_row-full-width vc_clearfix\"><\/div>\n\n\n<div class=\"vc_row wpb_row vc_row-fluid overview-content information-page-content life-page\"><div class=\"information-left-content wpb_column vc_column_container vc_col-sm-6\"><div class=\"vc_column-inner\"><div class=\"wpb_wrapper\">\n\t<div class=\"wpb_text_column wpb_content_element\" >\n\t\t<div class=\"wpb_wrapper\">\n\t\t\t<h2>Litigio De Propiedad Intelectual<\/h2>\n\n\t\t<\/div>\n\t<\/div>\n\n\t<div class=\"wpb_text_column wpb_content_element\" >\n\t\t<div class=\"wpb_wrapper\">\n\t\t\t<p>Cuando es necesario litigar para proteger los derechos de propiedad intelectual de los clientes, el equipo especializado en litigios de propiedad intelectual de OLIVARES tiene una historia de \u00e9xito inigualable. Los abogados de la firma tienen experiencia sustancial en los procesos administrativos y judiciales mexicanos en materia de propiedad intelectual, as\u00ed como un conocimiento t\u00e9cnico y legal excepcional. Esta experiencia le permite a la firma garantizar la mayor probabilidad de \u00e9xito en una audiencia o ante un tribunal.<\/p>\n\n\t\t<\/div>\n\t<\/div>\n\n\t<div class=\"wpb_text_column wpb_content_element\" >\n\t\t<div class=\"wpb_wrapper\">\n\t\t\t<p>En los \u00faltimos a\u00f1os, los abogados litigantes de propiedad intelectual de OLIVARES han ganado una serie de casos que sientan precedentes en M\u00e9xico en materia de patentes, marcas y derechos de autor, tanto a nivel de los Tribunales Federales como a nivel de la Suprema Corte de Justicia de la Naci\u00f3n.<\/p>\n\n\t\t<\/div>\n\t<\/div>\n\n\t<div class=\"wpb_text_column wpb_content_element\" >\n\t\t<div class=\"wpb_wrapper\">\n\t\t\t<p>Los clientes contratan a OLIVARES a menudo despu\u00e9s de que otros despachos han fracasado. De manera constante, las empresas y los abogados externos se acercan a nosotros cuando no han tenido \u00e9xito en la primera instancia de un litigio de patentes, marcas y derechos de autor. El tama\u00f1o y la profundidad de la experiencia en el departamento de litigio de propiedad intelectual de OLIVARES es incomparable, y esto se refleja en los resultados que la firma logra en nombre de los clientes.<\/p>\n\n\t\t<\/div>\n\t<\/div>\n\n\t<div class=\"wpb_text_column wpb_content_element\" >\n\t\t<div class=\"wpb_wrapper\">\n\t\t\t<p>Los litigantes de OLIVARES representan a los titulares de propiedad intelectual ante diversas autoridades:<\/p>\n\n\t\t<\/div>\n\t<\/div>\n\n\t<div class=\"wpb_text_column wpb_content_element\" >\n\t\t<div class=\"wpb_wrapper\">\n\t\t\t<ul>\n<li>Instituto Mexicano de la Propiedad Industrial (IMPI)<\/li>\n<li>Instituto Nacional del Derecho de Autor (INDAUTOR)<\/li>\n<li>Comisi\u00f3n Federal para la Protecci\u00f3n contra Riesgos Sanitarios (COFEPRIS)<\/li>\n<li>Procuradur\u00eda Federal del Consumidor (PROFECO)<\/li>\n<li>Tribunal Federal de Justicia Administrativa (FJA)<\/li>\n<li>Juzgados de Distrito<\/li>\n<li>Tribunales de Circuito<\/li>\n<li>Suprema Corte de Justicia de la Naci\u00f3n<\/li>\n<li>Corporaci\u00f3n para la Asignaci\u00f3n de Nombres y N\u00fameros en Internet (ICANN)<\/li>\n<li>Instituto Nacional de Transparencia, Acceso a la Informaci\u00f3n y Protecci\u00f3n de Datos Personales (INAI)<\/li>\n<li>Direcci\u00f3n General de Aduanas<\/li>\n<li>Otros \u00f3rganos regulatorios y judiciales<\/li>\n<\/ul>\n\n\t\t<\/div>\n\t<\/div>\n\n\t<div class=\"wpb_text_column wpb_content_element\" >\n\t\t<div class=\"wpb_wrapper\">\n\t\t\t<p>Algunas historias notables de \u00e9xito recientes provienen de las tres \u00e1reas de Propiedad Intelectual:<\/p>\n\n\t\t<\/div>\n\t<\/div>\n\n\t<div class=\"wpb_text_column wpb_content_element\" >\n\t\t<div class=\"wpb_wrapper\">\n\t\t\t<p>En un caso hist\u00f3rico, OLIVARES fue la primera firma en M\u00e9xico en representar a una empresa a nivel de la Suprema Corte para obtener una indemnizaci\u00f3n por da\u00f1os y perjuicios por infracci\u00f3n derivada de actos de competencia desleal. Es este tipo de pensamiento de 360 grados es lo que ha hecho que el departamento de litigio de OLIVARES tenga tanto \u00e9xito.<\/p>\n\n\t\t<\/div>\n\t<\/div>\n\n\t<div class=\"wpb_text_column wpb_content_element\" >\n\t\t<div class=\"wpb_wrapper\">\n\t\t\t<p>En el litigio de patentes, la firma es pionera en varios de los aspectos comunes en este tipo de litigio en M\u00e9xico, tales como: montos de fianzas y contra fianzas, criterios de medidas provisionales, su ejecuci\u00f3n y mantenimiento, legitimaci\u00f3n, prueba pericial, evidencia t\u00e9cnica, da\u00f1os, y otros asuntos relevantes durante el litigio de patentes que han derivado en precedentes de casos manejados por OLIVARES.<\/p>\n\n\t\t<\/div>\n\t<\/div>\n\n\t<div class=\"wpb_text_column wpb_content_element\" >\n\t\t<div class=\"wpb_wrapper\">\n\t\t\t<p>Los abogados de la firma pudieron obtener la protecci\u00f3n de datos cl\u00ednicos o exclusividad regulatoria para productos farmac\u00e9uticos por primera vez en M\u00e9xico y obtuvieron la correcci\u00f3n que result\u00f3 en una extensi\u00f3n del t\u00e9rmino de vigencia de las patentes llamadas \u201cpipe line\u201d para igualar la vigencia de las patentes &#8216;matrices&#8217; otorgadas en el extranjero. Esto permiti\u00f3 a las empresas farmac\u00e9uticas de investigaci\u00f3n y desarrollo obtener m\u00e1s a\u00f1os de protecci\u00f3n.<\/p>\n\n\t\t<\/div>\n\t<\/div>\n\n\t<div class=\"wpb_text_column wpb_content_element\" >\n\t\t<div class=\"wpb_wrapper\">\n\t\t\t<p>En un caso pro-bono hist\u00f3rico, OLIVARES represent\u00f3 a los productores y directores de un controvertido documental que desafi\u00f3 el sistema penal mexicano y termin\u00f3 en un cambio que sent\u00f3 un precedente que alter\u00f3 la forma en que se manejan los derechos de imagen dentro de los documentales.<\/p>\n\n\t\t<\/div>\n\t<\/div>\n<\/div><\/div><\/div><div class=\"wpb_column vc_column_container vc_col-sm-6\"><div class=\"vc_column-inner\"><div class=\"wpb_wrapper\">\n\t<div class=\"wpb_text_column wpb_content_element\" >\n\t\t<div class=\"wpb_wrapper\">\n\t\t\t<p>OLIVARES, en uno de los casos m\u00e1s recientes en la Suprema Corte de Justicia de la Naci\u00f3n, defini\u00f3 el uso real de una marca, evitando el uso simulado o simb\u00f3lico para preservar fraudulentamente el registro de una marca. Esto es fundamental para las empresas que sufren la continua actividad de secuestro o usurpaci\u00f3n de marcas famosas en M\u00e9xico. La decisi\u00f3n en este caso conduce a evitar la obtenci\u00f3n fr\u00edvola de registros de marcas en M\u00e9xico.<\/p>\n\n\t\t<\/div>\n\t<\/div>\n\n\t<div class=\"wpb_text_column wpb_content_element  information-right-bottom-content life-information-right-bottom-content\" >\n\t\t<div class=\"wpb_wrapper\">\n\t\t\t<h4>SABEMOS LITIGIO DE PROPIEDAD INTELECTUAL<\/h4>\n<div class=\"divider_practice\"><\/div>\n<div class=\"infoPartner\">\n<div class=\"partner-container\">\n<div class=\"partner-img\"><img decoding=\"async\" src=\"\/wp-content\/uploads\/2020\/11\/ALF.png\" \/><\/div>\n<div class=\"partner-info\">\n<h3>Alejandro Luna F.<\/h3>\n<p><span style=\"color: #92cdcf;\">Socio<\/span><\/p>\n<\/div>\n<\/div>\n<div class=\"data_partner\">Alejandro Luna se uni\u00f3 a OLIVARES en 1996 y se hizo socio en 2005, ha sido un miembro esencial en las pr\u00e1cticas de litigio administrativo, regulatorio y de litigio de PI de la firma. El Licenciado Luna es codirector del Grupo de Ciencias de la Vida, al igual que coordinador del Departamento de Litigio.<\/div>\n<div class=\"btn_bio\">\n<ul style=\"display: flex; list-style: none;\">\n<li><a href=\"\/es\/alejandro-luna-f\/\">Clic aqu\u00ed para ver la biograf\u00eda completa<\/a><\/li>\n<\/ul>\n<\/div>\n<\/div>\n<div class=\"infoPartner\">\n<div class=\"partner-container\">\n<div class=\"partner-img\"><img decoding=\"async\" src=\"\/wp-content\/uploads\/2020\/11\/ADA.png\" \/><\/div>\n<div class=\"partner-info\">\n<h3>Abraham D\u00edaz<\/h3>\n<p><span style=\"color: #92cdcf;\">Socio<\/span><\/p>\n<\/div>\n<\/div>\n<div class=\"data_partner\">Abraham D\u00edaz es Socio de OLIVARES y codirector de los Grupos de Industrias de Tecnolog\u00eda de Informaci\u00f3n y Privacidad, posee un amplio conocimiento jur\u00eddico que abarca todas las \u00e1reas de la Propiedad Intelectual (PI), enfoc\u00e1ndose en temas de derecho de autor, marca, competencia desleal, litigio, otorgamiento de licencias y tramitaci\u00f3n.<\/div>\n<div class=\"btn_bio\">\n<ul style=\"display: flex; list-style: none;\">\n<li><a href=\"\/es\/abraham-diaz\/\">Clic aqu\u00ed para ver la biograf\u00eda completa<\/a><\/li>\n<\/ul>\n<\/div>\n<\/div>\n<div class=\"infoPartner\">\n<div class=\"partner-container\">\n<div class=\"partner-img\"><img decoding=\"async\" src=\"\/wp-content\/uploads\/2020\/11\/ARA.png\" \/><\/div>\n<div class=\"partner-info\">\n<h3>Armando Arenas<\/h3>\n<p><span style=\"color: #92cdcf;\">Socio<\/span><\/p>\n<\/div>\n<\/div>\n<div class=\"data_partner\">Armando Arenas se uni\u00f3 a la firma en junio del a\u00f1o 2000 y es Socio en OLIVARES desde enero de 2017. Ofrece servicios de consultor\u00eda relacionada con signos distintivos y patentes; publicidad de marcas y productos farmac\u00e9uticos; tr\u00e1mites regulatorios de la industria farmac\u00e9utica; y adquisiciones p\u00fablicas. Participa en la estrategia relacionada con el litigio de marcas por actos de competencia desleal, imagen comercial (trade dress) y publicidad enga\u00f1osa, ante el IMPI, TFJFA, Tribunales Federales y Suprema Corte de Justicia de la Naci\u00f3n.<\/div>\n<div class=\"btn_bio\">\n<ul style=\"display: flex; list-style: none;\">\n<li><a href=\"\/es\/armando-arenas\/\">Clic aqu\u00ed para ver la biograf\u00eda completa<\/a><\/li>\n<\/ul>\n<\/div>\n<\/div>\n<div class=\"divider_practice\">\n<div class=\"infoPartner\">\n<div class=\"partner-container\">\n<div class=\"partner-img\"><img decoding=\"async\" src=\"https:\/\/www.olivares.mx\/wp-content\/uploads\/2023\/01\/Jaime-Rodriguez_rombo_Olivares-188x188.png\" \/><\/div>\n<div class=\"partner-info\">\n<h3>Jaime Rodr\u00edguez<\/h3>\n<p><span style=\"color: #92cdcf;\">Socio<\/span><\/p>\n<\/div>\n<\/div>\n<div class=\"data_partner\">Jaime Rodr\u00edguez se integr\u00f3 a OLIVARES en 2007, convirti\u00e9ndose en Socio de la compa\u00f1\u00eda en el a\u00f1o 2023. Cuenta con una gran experiencia en derechos de autor, litigio, marcas, competencia desleal y resoluci\u00f3n de disputas en materia de nombres de dominio, y esta versatilidad le ha permitido participar en una gran variedad de asuntos y casos relevantes pertenecientes a las diferentes \u00e1reas de la propiedad intelectual.<\/div>\n<div class=\"btn_bio\">\n<ul style=\"display: flex; list-style: none;\">\n<li><a id=\"Articles-tab\" class=\"nav-link\" role=\"tab\" href=\"\/es\/abraham-diaz\/\" data-toggle=\"tab\" aria-controls=\"home\" aria-selected=\"true\" aria-expanded=\"true\">Clic aqu\u00ed para ver la biograf\u00eda completa<\/a><\/li>\n<\/ul>\n<\/div>\n<\/div>\n<div class=\"divider_practice\">\n<div class=\"infoPartner\"><\/div>\n<\/div>\n<\/div>\n<h4>ASOCIADOS<\/h4>\n<div class=\"div-staff\">\n<ul class=\"staff\">\n<li><a href=\"\/es\/attorneysengineers\/luz-elena-elias\/\">Luz Elena El\u00edas<\/a><\/li>\n<li><a href=\"\/es\/attorneysengineers\/karla-olvera\/\">Karla Olvera<\/a><\/li>\n<li><a href=\"\/es\/attorneysengineers\/ingrid-ortiz\/\">Ingrid Ortiz<\/a><\/li>\n<\/ul>\n<\/div>\n\n\t\t<\/div>\n\t<\/div>\n<\/div><\/div><\/div><\/div>\n\n\n<div class=\"vc_row wpb_row vc_row-fluid industry-group-title\"><div class=\"wpb_column vc_column_container vc_col-sm-12\"><div class=\"vc_column-inner\"><div class=\"wpb_wrapper\">\n\t<div class=\"wpb_text_column wpb_content_element\" >\n\t\t<div class=\"wpb_wrapper\">\n\t\t\t<h2>\u00c1REAS DE PR\u00c1CTICA<\/h2>\n<p><center style=\"display:;\"><\/p>\n<div class=\"btn-container-artilces\" >\n                                                <a class=\"login-btn\" href=\"#\" style=\"max-width: none;\">   Si deseas recibir las circulares y material academico de OLIVARES.<\/a>&nbsp;&nbsp;&nbsp;<br \/>\n                                                <a id=\"register-art\" class=\"register-art login-btn\" href=\"https:\/\/us.nexl.cloud\/form_builder\/forms\/d006a749-a000-4596-a621-c90de06130f2\" style=\"background-color: #92cdcf;\" target=\"blank\" rel=\"noopener\">Clic Aqui<\/a>\n                                            <\/div>\n<p>                                          <\/center><\/p>\n\n\t\t<\/div>\n\t<\/div>\n<\/div><\/div><\/div><\/div>\n\n\n<div data-vc-full-width=\"true\" data-vc-full-width-init=\"false\" data-vc-stretch-content=\"true\" class=\"vc_row wpb_row vc_row-fluid industry-group-sec practices-page-links vc_row-no-padding\"><div class=\"wpb_column vc_column_container vc_col-sm-2\"><div class=\"vc_column-inner\"><div class=\"wpb_wrapper\">\n\t<div class=\"wpb_text_column wpb_content_element\" >\n\t\t<div class=\"wpb_wrapper\">\n\t\t\t<p><a href=\"\/es\/patents\/\">Patentes<\/a><\/p>\n\n\t\t<\/div>\n\t<\/div>\n<\/div><\/div><\/div><div class=\"wpb_column vc_column_container vc_col-sm-2\"><div class=\"vc_column-inner\"><div class=\"wpb_wrapper\">\n\t<div class=\"wpb_text_column wpb_content_element\" >\n\t\t<div class=\"wpb_wrapper\">\n\t\t\t<p><a href=\"\/es\/trademarks\/\">Marcas<\/a><\/p>\n\n\t\t<\/div>\n\t<\/div>\n<\/div><\/div><\/div><div class=\"wpb_column vc_column_container vc_col-sm-2\"><div class=\"vc_column-inner\"><div class=\"wpb_wrapper\">\n\t<div class=\"wpb_text_column wpb_content_element\" >\n\t\t<div class=\"wpb_wrapper\">\n\t\t\t<p><a href=\"\/es\/copyrights\/\">Derechos De Autor<\/a><\/p>\n\n\t\t<\/div>\n\t<\/div>\n<\/div><\/div><\/div><div class=\"wpb_column vc_column_container vc_col-sm-2\"><div class=\"vc_column-inner\"><div class=\"wpb_wrapper\">\n\t<div class=\"wpb_text_column wpb_content_element\" >\n\t\t<div class=\"wpb_wrapper\">\n\t\t\t<p><a href=\"\/es\/corporate-and-comercial-law\/\">Derecho Corporativo y Comercial<\/a><\/p>\n\n\t\t<\/div>\n\t<\/div>\n<\/div><\/div><\/div><div class=\"wpb_column vc_column_container vc_col-sm-2\"><div class=\"vc_column-inner\"><div class=\"wpb_wrapper\">\n\t<div class=\"wpb_text_column wpb_content_element\" >\n\t\t<div class=\"wpb_wrapper\">\n\t\t\t<p><a href=\"\/es\/civil-and-commercial-litigation\/\">Litigio Civil | Litigio Mercantil<\/a><\/p>\n\n\t\t<\/div>\n\t<\/div>\n<\/div><\/div><\/div><div class=\"wpb_column vc_column_container vc_col-sm-2\"><div class=\"vc_column-inner\"><div class=\"wpb_wrapper\"><\/div><\/div><\/div><\/div><div class=\"vc_row-full-width vc_clearfix\"><\/div>\n\n\n<div data-vc-full-width=\"true\" data-vc-full-width-init=\"false\" data-vc-stretch-content=\"true\" class=\"vc_row wpb_row vc_row-fluid industry-group-sec practices-page-links industry-group-sec-row-2 vc_row-no-padding\"><div class=\"wpb_column vc_column_container vc_col-sm-2\"><div class=\"vc_column-inner\"><div class=\"wpb_wrapper\">\n\t<div class=\"wpb_text_column wpb_content_element\" >\n\t\t<div class=\"wpb_wrapper\">\n\t\t\t<p><a href=\"\/es\/anti-piracy-anti-counterfeiting-enforcement\/\">Antipirateria | Lucha contra la falsificaci\u00f3n<\/a><\/p>\n\n\t\t<\/div>\n\t<\/div>\n<\/div><\/div><\/div><div class=\"wpb_column vc_column_container vc_col-sm-2\"><div class=\"vc_column-inner\"><div class=\"wpb_wrapper\">\n\t<div class=\"wpb_text_column wpb_content_element\" >\n\t\t<div class=\"wpb_wrapper\">\n\t\t\t<p><a href=\"\/es\/licensing-tech-transfer-franchising\/\">Licencias, Franquicias y Transferencia de Tecnolog\u00eda<\/a><\/p>\n\n\t\t<\/div>\n\t<\/div>\n<\/div><\/div><\/div><div class=\"wpb_column vc_column_container vc_col-sm-2\"><div class=\"vc_column-inner\"><div class=\"wpb_wrapper\">\n\t<div class=\"wpb_text_column wpb_content_element\" >\n\t\t<div class=\"wpb_wrapper\">\n\t\t\t<p><a href=\"\/es\/regulatory-law\/\">Regulatorio<\/a><\/p>\n\n\t\t<\/div>\n\t<\/div>\n<\/div><\/div><\/div><div class=\"wpb_column vc_column_container vc_col-sm-2\"><div class=\"vc_column-inner\"><div class=\"wpb_wrapper\">\n\t<div class=\"wpb_text_column wpb_content_element\" >\n\t\t<div class=\"wpb_wrapper\">\n\t\t\t<p><a href=\"\/es\/administrative-law\/\">Litigio Constitucional y Administrativo<\/a><\/p>\n\n\t\t<\/div>\n\t<\/div>\n<\/div><\/div><\/div><div class=\"wpb_column vc_column_container vc_col-sm-2\"><div class=\"vc_column-inner\"><div class=\"wpb_wrapper\">\n\t<div class=\"wpb_text_column wpb_content_element\" >\n\t\t<div class=\"wpb_wrapper\">\n\t\t\t<p><a href=\"\/es\/translation\/\">Departamento de Traducciones Internas<\/a><\/p>\n\n\t\t<\/div>\n\t<\/div>\n<\/div><\/div><\/div><div class=\"wpb_column vc_column_container vc_col-sm-2\"><div class=\"vc_column-inner\"><div class=\"wpb_wrapper\"><\/div><\/div><\/div><\/div><div class=\"vc_row-full-width vc_clearfix\"><\/div>","protected":false},"excerpt":{"rendered":"Litigio De Propiedad Intelectual Cuando es necesario litigar para proteger los derechos de propiedad intelectual de los clientes, el equipo especializado en litigios de propiedad intelectual de OLIVARES tiene una historia de \u00e9xito inigualable. Los abogados de la firma tienen experiencia sustancial en los procesos administrativos y judiciales mexicanos en materia de propiedad intelectual, as\u00ed [...]","protected":false},"author":3,"featured_media":0,"parent":0,"menu_order":0,"comment_status":"closed","ping_status":"closed","template":"","meta":{"footnotes":""},"_links":{"self":[{"href":"https:\/\/www.olivares.mx\/es\/wp-json\/wp\/v2\/pages\/23357"}],"collection":[{"href":"https:\/\/www.olivares.mx\/es\/wp-json\/wp\/v2\/pages"}],"about":[{"href":"https:\/\/www.olivares.mx\/es\/wp-json\/wp\/v2\/types\/page"}],"author":[{"embeddable":true,"href":"https:\/\/www.olivares.mx\/es\/wp-json\/wp\/v2\/users\/3"}],"replies":[{"embeddable":true,"href":"https:\/\/www.olivares.mx\/es\/wp-json\/wp\/v2\/comments?post=23357"}],"version-history":[{"count":42,"href":"https:\/\/www.olivares.mx\/es\/wp-json\/wp\/v2\/pages\/23357\/revisions"}],"predecessor-version":[{"id":34511,"href":"https:\/\/www.olivares.mx\/es\/wp-json\/wp\/v2\/pages\/23357\/revisions\/34511"}],"wp:attachment":[{"href":"https:\/\/www.olivares.mx\/es\/wp-json\/wp\/v2\/media?parent=23357"}],"curies":[{"name":"wp","href":"https:\/\/api.w.org\/{rel}","templated":true}]}}