{"id":28554,"date":"2021-04-07T21:10:02","date_gmt":"2021-04-07T21:10:02","guid":{"rendered":"https:\/\/w21.olivares.mx\/alternative-dispute-resolution\/"},"modified":"2025-02-17T13:07:35","modified_gmt":"2025-02-17T20:07:35","slug":"alternative-dispute-resolution","status":"publish","type":"page","link":"https:\/\/www.olivares.mx\/es\/alternative-dispute-resolution\/","title":{"rendered":"Medios Alternativos de Resoluci\u00f3n de Disputas (ARD) | Mediaci\u00f3n y arbitraje"},"content":{"rendered":"<div data-vc-full-width=\"true\" data-vc-full-width-init=\"false\" data-vc-stretch-content=\"true\" class=\"vc_row wpb_row vc_row-fluid banner-img-full-width vc_row-no-padding\"><div class=\"wpb_column vc_column_container vc_col-sm-12\"><div class=\"vc_column-inner\"><div class=\"wpb_wrapper\">\n\t<div  class=\"wpb_single_image wpb_content_element vc_align_left\">\n\t\t\n\t\t<figure class=\"wpb_wrapper vc_figure\">\n\t\t\t<div class=\"vc_single_image-wrapper   vc_box_border_grey\"><img loading=\"lazy\" decoding=\"async\" width=\"1920\" height=\"1037\" src=\"https:\/\/www.olivares.mx\/wp-content\/uploads\/2021\/04\/ALTERNATIVE-DISPUTE-RESOLUTION.png\" class=\"vc_single_image-img attachment-full\" alt=\"\" srcset=\"https:\/\/www.olivares.mx\/wp-content\/uploads\/2021\/04\/ALTERNATIVE-DISPUTE-RESOLUTION.png 1920w, https:\/\/www.olivares.mx\/wp-content\/uploads\/2021\/04\/ALTERNATIVE-DISPUTE-RESOLUTION-300x162.png 300w, https:\/\/www.olivares.mx\/wp-content\/uploads\/2021\/04\/ALTERNATIVE-DISPUTE-RESOLUTION-768x415.png 768w, https:\/\/www.olivares.mx\/wp-content\/uploads\/2021\/04\/ALTERNATIVE-DISPUTE-RESOLUTION-1024x553.png 1024w\" sizes=\"(max-width: 1920px) 100vw, 1920px\" \/><\/div>\n\t\t<\/figure>\n\t<\/div>\n<\/div><\/div><\/div><\/div><div class=\"vc_row-full-width vc_clearfix\"><\/div>\n\n\n<div class=\"vc_row wpb_row vc_row-fluid overview-content information-page-content life-page\"><div class=\"information-left-content wpb_column vc_column_container vc_col-sm-6\"><div class=\"vc_column-inner\"><div class=\"wpb_wrapper\">\n\t<div class=\"wpb_text_column wpb_content_element\" >\n\t\t<div class=\"wpb_wrapper\">\n\t\t\t<h2><strong>Medios Alternativos de Resoluci\u00f3n de Disputas (ARD) | Mediaci\u00f3n y arbitraje<\/strong><\/h2>\n\n\t\t<\/div>\n\t<\/div>\n\n\t<div class=\"wpb_text_column wpb_content_element\" >\n\t\t<div class=\"wpb_wrapper\">\n\t\t\t<p>OLIVARES tiene la reputaci\u00f3n de ser una de las firmas m\u00e1s reconocidas y prestigiosas de M\u00e9xico por haber obtenido resultados favorables en litigios complejos que tambi\u00e9n han sentado precedentes y criterios ahora seguidos por un n\u00famero importante de empresas listadas en el FORTUNE Global 500. Esta experiencia le permite a OLIVARES tener un conocimiento \u00fanico de las controversias que surjan entre individuos, entidades y autoridades para llegar a una soluci\u00f3n fuera de litigio, con un enfoque pr\u00e1ctico, teniendo en cuenta y previniendo los conflictos futuros.<\/p>\n\n\t\t<\/div>\n\t<\/div>\n\n\t<div class=\"wpb_text_column wpb_content_element\" >\n\t\t<div class=\"wpb_wrapper\">\n\t\t\t<p>La mediaci\u00f3n y el arbitraje transfronterizos, las formas m\u00e1s comunes de resoluci\u00f3n alternativa de disputas, pueden proporcionar soluciones m\u00e1s r\u00e1pidas y menos costosas en M\u00e9xico que los litigios. Los expertos de OLIVARES eval\u00faan cada situaci\u00f3n para determinar qu\u00e9 proceso tiene la probabilidad de ofrecer el mejor resultado.<\/p>\n\n\t\t<\/div>\n\t<\/div>\n\n\t<div class=\"wpb_text_column wpb_content_element\" >\n\t\t<div class=\"wpb_wrapper\">\n\t\t\t<p>Los socios de la firma han participado como \u00e1rbitros ante la OMPI y como mediadores en una serie de controversias en M\u00e9xico y el extranjero, incluida la participaci\u00f3n como expertos en propiedad intelectual en litigios internacionales y en el \u00fanico panel de arbitraje del TLCAN relacionado con temas de patentes.<\/p>\n\n\t\t<\/div>\n\t<\/div>\n\n\t<div class=\"wpb_text_column wpb_content_element\" >\n\t\t<div class=\"wpb_wrapper\">\n\t\t\t<p>La experiencia de la firma y capacidad incluye la resoluci\u00f3n de conflictos corporativos, negociaciones para resolver y concluir litigios, representaci\u00f3n en procedimientos arbitrales, elaboraci\u00f3n de cl\u00e1usulas de arbitraje y mediaci\u00f3n, y la implementaci\u00f3n de estrategias de resoluci\u00f3n de disputas<\/p>\n\n\t\t<\/div>\n\t<\/div>\n\n\t<div class=\"wpb_text_column wpb_content_element\" >\n\t\t<div class=\"wpb_wrapper\">\n\t\t\t<p>Con los \u00f3rganos judiciales y administrativos que enfrentan retrasos sin precedentes, derivados de la pandemia de COVID 19 y el cierre temporal de muchos \u00f3rganos jurisdiccionales, OLIVARES recomienda agotar todas las oportunidades para la soluci\u00f3n alternativa de disputas antes de iniciar un litigio.<\/p>\n\n\t\t<\/div>\n\t<\/div>\n<\/div><\/div><\/div><div class=\"wpb_column vc_column_container vc_col-sm-6\"><div class=\"vc_column-inner\"><div class=\"wpb_wrapper\">\n\t<div class=\"wpb_text_column wpb_content_element  information-right-bottom-content life-information-right-bottom-content\" >\n\t\t<div class=\"wpb_wrapper\">\n\t\t\t<h4>SABEMOS DE MEDIOS ALTERNATIVOS DE RESOLUCION DE CONFLICTOS \/ MEDIACION Y ARBITRAJE<\/h4>\n<div class=\"divider_practice\"><\/div>\n<div class=\"infoPartner\">\n<div class=\"partner-container\">\n<div class=\"partner-img\"><img decoding=\"async\" src=\"\/wp-content\/uploads\/2021\/01\/LSR.png\" \/><\/div>\n<div class=\"partner-info\">\n<h3>Luis Schmidt<\/h3>\n<p><span style=\"color: #92cdcf;\">Socio<\/span><\/p>\n<\/div>\n<\/div>\n<div class=\"data_partner\">Luis Schmidt se integr\u00f3 a OLIVARES en 1991 y dos a\u00f1os despu\u00e9s, se convirti\u00f3 en Socio de la firma. Con una experiencia de m\u00e1s de 40 a\u00f1os en las distintas \u00e1reas vinculadas a la propiedad intelectual, se especializa en derecho de autor y derecho del entretenimiento.<\/div>\n<div class=\"btn_bio\">\n<ul style=\"display: flex; list-style: none;\">\n<li><a id=\"Articles-tab\" class=\"nav-link\" role=\"tab\" href=\"\/es\/luis-c-schmidt\/\" data-toggle=\"tab\" aria-controls=\"home\" aria-selected=\"true\" aria-expanded=\"true\">Clic aqu\u00ed para ver la biograf\u00eda completa<\/a><\/li>\n<\/ul>\n<\/div>\n<\/div>\n<div class=\"infoPartner\">\n<div class=\"partner-container\">\n<div class=\"partner-img\"><img decoding=\"async\" src=\"\/wp-content\/uploads\/2020\/11\/ALF.png\" \/><\/div>\n<div class=\"partner-info\">\n<h3>Alejandro Luna F.<\/h3>\n<p><span style=\"color: #92cdcf;\">Socio<\/span><\/p>\n<\/div>\n<\/div>\n<div class=\"data_partner\">Alejandro Luna se uni\u00f3 a OLIVARES en 1996 y se hizo socio en 2005, ha sido un miembro esencial en las pr\u00e1cticas de litigio administrativo, regulatorio y de litigio de PI de la firma. El Licenciado Luna es codirector del Grupo de Ciencias de la Vida, al igual que coordinador del Departamento de Litigio.<\/div>\n<div class=\"btn_bio\">\n<ul style=\"display: flex; list-style: none;\">\n<li><a id=\"Articles-tab\" class=\"nav-link\" role=\"tab\" href=\"\/es\/alejandro-luna-f\/\" data-toggle=\"tab\" aria-controls=\"home\" aria-selected=\"true\" aria-expanded=\"true\">Clic aqu\u00ed para ver la biograf\u00eda completa<\/a><\/li>\n<\/ul>\n<\/div>\n<\/div>\n<div class=\"infoPartner\">\n<div class=\"partner-container\">\n<div class=\"partner-img\"><img decoding=\"async\" src=\"\/wp-content\/uploads\/2020\/11\/ADA.png\" \/><\/div>\n<div class=\"partner-info\">\n<h3>Abraham D\u00edaz<\/h3>\n<p><span style=\"color: #92cdcf;\">Socio<\/span><\/p>\n<\/div>\n<\/div>\n<div class=\"data_partner\">Abraham D\u00edaz es Socio de OLIVARES y codirector de los Grupos de Industrias de Tecnolog\u00eda de Informaci\u00f3n y Privacidad, posee un amplio conocimiento jur\u00eddico que abarca todas las \u00e1reas de la Propiedad Intelectual (PI), enfoc\u00e1ndose en temas de derecho de autor, marca, competencia desleal, litigio, otorgamiento de licencias y tramitaci\u00f3n.<\/div>\n<div class=\"btn_bio\">\n<ul style=\"display: flex; list-style: none;\">\n<li><a id=\"Articles-tab\" class=\"nav-link\" role=\"tab\" href=\"\/es\/abraham-diaz\/\" data-toggle=\"tab\" aria-controls=\"home\" aria-selected=\"true\" aria-expanded=\"true\">Clic aqu\u00ed para ver la biograf\u00eda completa<\/a><\/li>\n<\/ul>\n<\/div>\n<\/div>\n<div class=\"infoPartner\">\n<div class=\"partner-container\">\n<div class=\"partner-img\"><img decoding=\"async\" src=\"\/wp-content\/uploads\/2020\/11\/ARA.png\" \/><\/div>\n<div class=\"partner-info\">\n<h3>Armando Arenas<\/h3>\n<p><span style=\"color: #92cdcf;\">Socio<\/span><\/p>\n<\/div>\n<\/div>\n<div class=\"data_partner\">Armando Arenas se uni\u00f3 a la firma en junio del a\u00f1o 2000 y es Socio en OLIVARES desde enero de 2017. Ofrece servicios de consultor\u00eda relacionada con signos distintivos y patentes; publicidad de marcas y productos farmac\u00e9uticos; tr\u00e1mites regulatorios de la industria farmac\u00e9utica; y adquisiciones p\u00fablicas. Participa en la estrategia relacionada con el litigio de marcas por actos de competencia desleal, imagen comercial (trade dress) y publicidad enga\u00f1osa, ante el IMPI, TFJFA, Tribunales Federales y Suprema Corte de Justicia de la Naci\u00f3n.<\/div>\n<div class=\"btn_bio\">\n<ul style=\"display: flex; list-style: none;\">\n<li><a id=\"Articles-tab\" class=\"nav-link\" role=\"tab\" href=\"\/es\/armando-arenas\/\" data-toggle=\"tab\" aria-controls=\"home\" aria-selected=\"true\" aria-expanded=\"true\">Clic aqu\u00ed para ver la biograf\u00eda completa<\/a><\/li>\n<\/ul>\n<\/div>\n<\/div>\n\n\t\t<\/div>\n\t<\/div>\n<\/div><\/div><\/div><\/div>\n\n\n<div class=\"vc_row wpb_row vc_row-fluid industry-group-title\"><div class=\"wpb_column vc_column_container vc_col-sm-12\"><div class=\"vc_column-inner\"><div class=\"wpb_wrapper\">\n\t<div class=\"wpb_text_column wpb_content_element\" >\n\t\t<div class=\"wpb_wrapper\">\n\t\t\t<h2>PRACTICE AREAS<\/h2>\n<p><center style=\"display:;\"><\/p>\n<div class=\"btn-container-artilces\" >\n                                                <a class=\"login-btn\" href=\"#\" style=\"max-width: none;\">   Si deseas recibir las circulares y material academico de OLIVARES.<\/a>&nbsp;&nbsp;&nbsp;<br \/>\n                                                <a id=\"register-art\" class=\"register-art login-btn\" href=\"https:\/\/us.nexl.cloud\/form_builder\/forms\/d006a749-a000-4596-a621-c90de06130f2\" style=\"background-color: #92cdcf;\" target=\"blank\" rel=\"noopener\">Clic Aqui<\/a>\n                                            <\/div>\n<p>                                          <\/center><\/p>\n\n\t\t<\/div>\n\t<\/div>\n<\/div><\/div><\/div><\/div>\n\n\n<div data-vc-full-width=\"true\" data-vc-full-width-init=\"false\" data-vc-stretch-content=\"true\" class=\"vc_row wpb_row vc_row-fluid industry-group-sec practices-page-links vc_row-no-padding\"><div class=\"wpb_column vc_column_container vc_col-sm-2\"><div class=\"vc_column-inner\"><div class=\"wpb_wrapper\">\n\t<div class=\"wpb_text_column wpb_content_element\" >\n\t\t<div class=\"wpb_wrapper\">\n\t\t\t<p><a href=\"\/es\/patents\/\">Patentes<\/a><\/p>\n<div id=\"gtx-trans\" style=\"position: absolute; left: 30px; top: 38px;\">\n<div class=\"gtx-trans-icon\"><\/div>\n<\/div>\n\n\t\t<\/div>\n\t<\/div>\n<\/div><\/div><\/div><div class=\"wpb_column vc_column_container vc_col-sm-2\"><div class=\"vc_column-inner\"><div class=\"wpb_wrapper\">\n\t<div class=\"wpb_text_column wpb_content_element\" >\n\t\t<div class=\"wpb_wrapper\">\n\t\t\t<p><a href=\"\/es\/trademarks\/\">Marcas<\/a><\/p>\n\n\t\t<\/div>\n\t<\/div>\n<\/div><\/div><\/div><div class=\"wpb_column vc_column_container vc_col-sm-2\"><div class=\"vc_column-inner\"><div class=\"wpb_wrapper\">\n\t<div class=\"wpb_text_column wpb_content_element\" >\n\t\t<div class=\"wpb_wrapper\">\n\t\t\t<p><a href=\"\/es\/copyrights\/\">Derechos De Autor<\/a><\/p>\n\n\t\t<\/div>\n\t<\/div>\n<\/div><\/div><\/div><div class=\"wpb_column vc_column_container vc_col-sm-2\"><div class=\"vc_column-inner\"><div class=\"wpb_wrapper\">\n\t<div class=\"wpb_text_column wpb_content_element\" >\n\t\t<div class=\"wpb_wrapper\">\n\t\t\t<p><a href=\"\/es\/corporate-and-comercial-law\/\">Derecho Corporativo y Comercial<\/a><\/p>\n\n\t\t<\/div>\n\t<\/div>\n<\/div><\/div><\/div><div class=\"wpb_column vc_column_container vc_col-sm-2\"><div class=\"vc_column-inner\"><div class=\"wpb_wrapper\">\n\t<div class=\"wpb_text_column wpb_content_element\" >\n\t\t<div class=\"wpb_wrapper\">\n\t\t\t<p><a href=\"\/es\/civil-and-commercial-litigation\/\">Litigio Civil | Litigio Mercantil<\/a><\/p>\n\n\t\t<\/div>\n\t<\/div>\n<\/div><\/div><\/div><div class=\"wpb_column vc_column_container vc_col-sm-2\"><div class=\"vc_column-inner\"><div class=\"wpb_wrapper\"><\/div><\/div><\/div><\/div><div class=\"vc_row-full-width vc_clearfix\"><\/div>\n\n\n<div data-vc-full-width=\"true\" data-vc-full-width-init=\"false\" data-vc-stretch-content=\"true\" class=\"vc_row wpb_row vc_row-fluid industry-group-sec practices-page-links industry-group-sec-row-2 vc_row-no-padding\"><div class=\"wpb_column vc_column_container vc_col-sm-2\"><div class=\"vc_column-inner\"><div class=\"wpb_wrapper\">\n\t<div class=\"wpb_text_column wpb_content_element\" >\n\t\t<div class=\"wpb_wrapper\">\n\t\t\t<p><a href=\"\/es\/anti-piracy-anti-counterfeiting-enforcement\/\">Antipirateria | Lucha contra la falsificaci\u00f3n<\/a><\/p>\n\n\t\t<\/div>\n\t<\/div>\n<\/div><\/div><\/div><div class=\"wpb_column vc_column_container vc_col-sm-2\"><div class=\"vc_column-inner\"><div class=\"wpb_wrapper\">\n\t<div class=\"wpb_text_column wpb_content_element\" >\n\t\t<div class=\"wpb_wrapper\">\n\t\t\t<p><a href=\"\/es\/licensing-tech-transfer-franchising\/\">Licencias, Franquicias y Transferencia de Tecnolog\u00eda<\/a><\/p>\n\n\t\t<\/div>\n\t<\/div>\n<\/div><\/div><\/div><div class=\"wpb_column vc_column_container vc_col-sm-2\"><div class=\"vc_column-inner\"><div class=\"wpb_wrapper\">\n\t<div class=\"wpb_text_column wpb_content_element\" >\n\t\t<div class=\"wpb_wrapper\">\n\t\t\t<p><a href=\"\/es\/regulatory-law\/\">Regulatorio<\/a><\/p>\n\n\t\t<\/div>\n\t<\/div>\n<\/div><\/div><\/div><div class=\"wpb_column vc_column_container vc_col-sm-2\"><div class=\"vc_column-inner\"><div class=\"wpb_wrapper\">\n\t<div class=\"wpb_text_column wpb_content_element\" >\n\t\t<div class=\"wpb_wrapper\">\n\t\t\t<p><a href=\"\/es\/administrative-law\/\">Litigio Constitucional y Administrativo<\/a><\/p>\n\n\t\t<\/div>\n\t<\/div>\n<\/div><\/div><\/div><div class=\"wpb_column vc_column_container vc_col-sm-2\"><div class=\"vc_column-inner\"><div class=\"wpb_wrapper\">\n\t<div class=\"wpb_text_column wpb_content_element\" >\n\t\t<div class=\"wpb_wrapper\">\n\t\t\t<p><a href=\"\/es\/translation\/\">Departamento de Traducciones Internas<\/a><\/p>\n\n\t\t<\/div>\n\t<\/div>\n<\/div><\/div><\/div><div class=\"wpb_column vc_column_container vc_col-sm-2\"><div class=\"vc_column-inner\"><div class=\"wpb_wrapper\"><\/div><\/div><\/div><\/div><div class=\"vc_row-full-width vc_clearfix\"><\/div>","protected":false},"excerpt":{"rendered":"Medios Alternativos de Resoluci\u00f3n de Disputas (ARD) | Mediaci\u00f3n y arbitraje OLIVARES tiene la reputaci\u00f3n de ser una de las firmas m\u00e1s reconocidas y prestigiosas de M\u00e9xico por haber obtenido resultados favorables en litigios complejos que tambi\u00e9n han sentado precedentes y criterios ahora seguidos por un n\u00famero importante de empresas listadas en el FORTUNE Global [...]","protected":false},"author":3,"featured_media":0,"parent":0,"menu_order":0,"comment_status":"closed","ping_status":"closed","template":"","meta":{"footnotes":""},"_links":{"self":[{"href":"https:\/\/www.olivares.mx\/es\/wp-json\/wp\/v2\/pages\/28554"}],"collection":[{"href":"https:\/\/www.olivares.mx\/es\/wp-json\/wp\/v2\/pages"}],"about":[{"href":"https:\/\/www.olivares.mx\/es\/wp-json\/wp\/v2\/types\/page"}],"author":[{"embeddable":true,"href":"https:\/\/www.olivares.mx\/es\/wp-json\/wp\/v2\/users\/3"}],"replies":[{"embeddable":true,"href":"https:\/\/www.olivares.mx\/es\/wp-json\/wp\/v2\/comments?post=28554"}],"version-history":[{"count":9,"href":"https:\/\/www.olivares.mx\/es\/wp-json\/wp\/v2\/pages\/28554\/revisions"}],"predecessor-version":[{"id":34051,"href":"https:\/\/www.olivares.mx\/es\/wp-json\/wp\/v2\/pages\/28554\/revisions\/34051"}],"wp:attachment":[{"href":"https:\/\/www.olivares.mx\/es\/wp-json\/wp\/v2\/media?parent=28554"}],"curies":[{"name":"wp","href":"https:\/\/api.w.org\/{rel}","templated":true}]}}