{"id":12816,"date":"2017-10-06T03:13:47","date_gmt":"2017-10-06T03:13:47","guid":{"rendered":"http:\/\/olivares2018.alaire.mx\/patent-law-articles\/"},"modified":"2025-04-14T15:53:53","modified_gmt":"2025-04-14T22:53:53","slug":"patent-law-articles","status":"publish","type":"page","link":"https:\/\/www.olivares.mx\/es\/patent-law-articles\/","title":{"rendered":"Articulos sobre Patentes"},"content":{"rendered":"<section class=\"vc_section bt-about-section1 vc_custom_1519815678010\"><div class=\"container\"><div class=\"vc_row wpb_row vc_row-fluid wpb_animate_when_almost_visible wpb_left-to-right left-to-right\"><div class=\"wpb_column vc_column_container vc_col-sm-12\"><div class=\"vc_column-inner\"><div class=\"wpb_wrapper\">\t\t\t<div class=\"bt-element bt-page-breadcrumb-element left  vc_custom_1528925191088\"  >\r\n\t\t\t\t<a href=\"https:\/\/www.olivares.mx\/es\/\">OLIVARES<\/a> - <span class=\"current\">P\u00e1gina<\/span>\t\t\t<\/div>\r\n\t\t\n\t<div class=\"wpb_text_column wpb_content_element\" >\n\t\t<div class=\"wpb_wrapper\">\n\t\t\t<h3>Articulos sobre Patentes<\/h3>\n\n\t\t<\/div>\n\t<\/div>\n<\/div><\/div><\/div><\/div><\/div><\/section>\n\n\n<div class=\"container\"><div class=\"vc_row wpb_row vc_row-fluid wpb_animate_when_almost_visible wpb_left-to-right left-to-right\"><br \/>\n<div class=\"wpb_column vc_column_container vc_col-sm-12\"><div class=\"vc_column-inner\"><div class=\"wpb_wrapper\">\n\t<div class=\"wpb_text_column wpb_content_element\" >\n\t\t<div class=\"wpb_wrapper\">\n\t\t\t<div class=\"return-btn\"><a href=\"\/es\/knowledge\/\"><i class=\"fa fa-long-arrow-left\" aria-hidden=\"true\"><\/i> Regresar<\/a><\/div>\n\n\t\t<\/div>\n\t<\/div>\n\n\t<div class=\"wpb_text_column wpb_content_element  wpb_animate_when_almost_visible wpb_left-to-right left-to-right\" >\n\t\t<div class=\"wpb_wrapper\">\n\t\t\t<ul>\n<li>\n<div>\n<strong><a href=\"\/wp-content\/uploads\/2025\/04\/Como-acelerar-el-tramite-de-patentes-en-Mexico-Opciones-y-requisitos-RMM-y-JJ-Abr-14-25.pdf\">LexLatin &#8211; \u00bfC\u00f3mo acelerar el tr\u00e1mite de patentes en M\u00e9xico? Opciones y requisitos. \u2013 M\u00e9xico.<\/a><\/strong><br \/>\n<em>Authors: Rommy Morales y Jorge Ju\u00e1rez<\/em><br \/>\n<em>El PPH se implement\u00f3 en M\u00e9xico en 2011 como un programa piloto con la Oficina de Patentes y Marcas de los EE.UU. (USPTO), convirti\u00e9ndose en permanente en 2012.<\/em><br \/>\n<em>Abr-14-2025<\/em>\n<\/div>\n<\/li>\n<li>\n<div>\n<strong><a href=\"\/wp-content\/uploads\/2025\/03\/La-Evolucion-de-la-propiedad-intelectual-y-de-los-servicios-legales-a-partir-del-crecimiento-economico-de-Mexico-SOL-Mzo-28-25.pdf\">La Evoluci\u00f3n de la propiedad intelectual y de los servicios legales a partir del crecimiento econ\u00f3mico de M\u00e9xico.<\/a><\/strong><br \/>\n<em>Authors: Sergio L. Olivares Sr.<\/em><br \/>\n<em>Este a\u00f1o, con la publicaci\u00f3n del reglamento de la nueva Ley de Propiedad Intelectual, se espera la aclaraci\u00f3n de algunas disposiciones confusas.<\/em><br \/>\n<em>Mar-28-2025<\/em>\n<\/div>\n<\/li>\n<li><strong><a href=\"\/wp-content\/uploads\/2023\/10\/Mexico\u2019s-patent-linkage-system-and-allopathic-medicines-IAM-ALF-IO-Oct-13-23.pdf\"> Mexico\u2019s patent linkage system and allopathic medicines. <\/a><\/strong><em>Authors: Alejandro Luna F. &amp; Ingrid Ortiz <\/em> <em>Oct-13-2023<\/em><\/li>\n<li><strong><a href=\"\/wp-content\/uploads\/2022\/01\/Ajustes-de-vigencia-de-patentes-en-M\u00e9xico.pdf\">Ajustes de vigencia de patentes en M\u00e9xico.<\/a><\/strong><br \/>\n<em>Ene-05-2022<\/em><\/li>\n<li><strong><a href=\"\/es\/el-significado-de-la-innovacion\/\">El significado de la Innovaci\u00f3n.<\/a><\/strong><br \/>\n<em>Ene-04-2022<\/em><\/li>\n<li><strong><a href=\"https:\/\/www.olivares.mx\/es\/la-nueva-realidad-digital-de-patentes-en-mexico-2\/\">La nueva realidad digital de patentes en M\u00e9xico.<\/a><\/strong><br \/>\n<em>Ene-04-2021<\/em><\/li>\n<li><strong><a href=\"\/es\/la-nueva-realidad-digital-de-patentes-en-mexico\/\">La Nueva Realidad Digital de Patentes en M\u00e9xico.<\/a><\/strong><br \/>\n<em>Nov-19-2021<\/em><\/li>\n<li><strong><a href=\"\/es\/mip-la-aplicacion-de-la-excepcion-de-uso-experimental-en-la-infraccion-de-patente\/\">MIP &#8211; La aplicaci\u00f3n de la excepci\u00f3n de uso experimental en la infracci\u00f3n de Patente.<\/a><\/strong><br \/>\n<em>May-13-2021<\/em><\/li>\n<li><strong><a href=\"\/es\/habilitacion-en-la-practica-mexicana-de-patentes\/\">Habilitaci\u00f3n En La Pr\u00e1ctica Mexicana De Patentes<\/a><\/strong><br \/>\n<em>Aug-11-2016<\/em><\/li>\n<li><strong><a href=\"\/es\/el-tpp-y-su-impacto-en-la-propiedad-intelectual-en-mexico-y-la-region\/\">El TPP y su impacto en la Propiedad Intelectual en M\u00e9xico y la regi\u00f3n.<\/a><\/strong><br \/>\n<em>Oct-30-2015<\/em><\/li>\n<li><strong><a href=\"\/es\/licencias-obligatorias-en-mexico\/\">Licencias Obligatorias en M\u00e9xico<\/a><\/strong><br \/>\n<em>Oct-19-2015<\/em><\/li>\n<li><strong><a href=\"\/es\/ampliacion-de-la-proteccion-de-disenos-industriales\/?\">Ampliaci\u00f3n de la Protecci\u00f3n de Dise\u00f1os Industriales<\/a><\/strong><br \/>\n<em>Oct-31-2012<\/em><\/li>\n<li><strong><a href=\"\/es\/observancia-de-derechos-y-represion-de-ilicitos-en-el-derecho-mexicano-de-patentes\/\">Observancia de Derechos y Represi\u00f3n de Il\u00edcitos en el Derecho Mexicano de Patentes<\/a><\/strong><br \/>\n<em>Jun-15-2010<\/em><\/li>\n<\/ul>\n\n\t\t<\/div>\n\t<\/div>\n<\/div><\/div><\/div><\/div><\/div>","protected":false},"excerpt":{"rendered":"OLIVARES - P\u00e1gina Articulos sobre Patentes Regresar LexLatin - \u00bfC\u00f3mo acelerar el tr\u00e1mite de patentes en M\u00e9xico? Opciones y requisitos. \u2013 M\u00e9xico. Authors: Rommy Morales y Jorge Ju\u00e1rez El PPH se implement\u00f3 en M\u00e9xico en 2011 como un programa piloto con la Oficina de Patentes y Marcas de los EE.UU. (USPTO), convirti\u00e9ndose en permanente en [...]","protected":false},"author":4,"featured_media":0,"parent":0,"menu_order":0,"comment_status":"closed","ping_status":"closed","template":"knowledge-resources-inner-links.php","meta":{"footnotes":""},"_links":{"self":[{"href":"https:\/\/www.olivares.mx\/es\/wp-json\/wp\/v2\/pages\/12816"}],"collection":[{"href":"https:\/\/www.olivares.mx\/es\/wp-json\/wp\/v2\/pages"}],"about":[{"href":"https:\/\/www.olivares.mx\/es\/wp-json\/wp\/v2\/types\/page"}],"author":[{"embeddable":true,"href":"https:\/\/www.olivares.mx\/es\/wp-json\/wp\/v2\/users\/4"}],"replies":[{"embeddable":true,"href":"https:\/\/www.olivares.mx\/es\/wp-json\/wp\/v2\/comments?post=12816"}],"version-history":[{"count":18,"href":"https:\/\/www.olivares.mx\/es\/wp-json\/wp\/v2\/pages\/12816\/revisions"}],"predecessor-version":[{"id":34284,"href":"https:\/\/www.olivares.mx\/es\/wp-json\/wp\/v2\/pages\/12816\/revisions\/34284"}],"wp:attachment":[{"href":"https:\/\/www.olivares.mx\/es\/wp-json\/wp\/v2\/media?parent=12816"}],"curies":[{"name":"wp","href":"https:\/\/api.w.org\/{rel}","templated":true}]}}