{"id":12871,"date":"2017-10-11T23:21:31","date_gmt":"2017-10-11T23:21:31","guid":{"rendered":"http:\/\/olivares2018.alaire.mx\/copyright-law-articles\/"},"modified":"2025-12-15T15:29:52","modified_gmt":"2025-12-15T22:29:52","slug":"copyright-law-articles","status":"publish","type":"page","link":"https:\/\/www.olivares.mx\/es\/copyright-law-articles\/","title":{"rendered":"Articulos sobre Derecho de Autor"},"content":{"rendered":"<section class=\"vc_section bt-about-section1 vc_custom_1519815678010\"><div class=\"container\"><div class=\"vc_row wpb_row vc_row-fluid wpb_animate_when_almost_visible wpb_left-to-right left-to-right\"><div class=\"wpb_column vc_column_container vc_col-sm-12\"><div class=\"vc_column-inner\"><div class=\"wpb_wrapper\">\t\t\t<div class=\"bt-element bt-page-breadcrumb-element left  vc_custom_1528926119473\"  >\r\n\t\t\t\t<a href=\"https:\/\/www.olivares.mx\/es\/\">OLIVARES<\/a> - <span class=\"current\">P\u00e1gina<\/span>\t\t\t<\/div>\r\n\t\t\n\t<div class=\"wpb_text_column wpb_content_element  wpb_animate_when_almost_visible wpb_left-to-right left-to-right\" >\n\t\t<div class=\"wpb_wrapper\">\n\t\t\t<h3>Articulos sobre Derecho de Autor<\/h3>\n\n\t\t<\/div>\n\t<\/div>\n<\/div><\/div><\/div><\/div><\/div><\/section>\n\r\n\r\n<div class=\"container\"><div class=\"vc_row wpb_row vc_row-fluid wpb_animate_when_almost_visible wpb_left-to-right left-to-right\"><br \/>\n<div class=\"wpb_column vc_column_container vc_col-sm-12\"><div class=\"vc_column-inner\"><div class=\"wpb_wrapper\">\n\t<div class=\"wpb_text_column wpb_content_element\" >\n\t\t<div class=\"wpb_wrapper\">\n\t\t\t<div class=\"return-btn\"><a href=\"\/es\/knowledge\/\"><i class=\"fa fa-long-arrow-left\" aria-hidden=\"true\"><\/i> Regresar<\/a><\/div>\n\n\t\t<\/div>\n\t<\/div>\n\n\t<div class=\"wpb_text_column wpb_content_element  wpb_animate_when_almost_visible wpb_left-to-right left-to-right\" >\n\t\t<div class=\"wpb_wrapper\">\n\t\t\t<ul>\n<li><strong><a href=\"\/wp-content\/uploads\/2026\/02\/IA-Generativa-Derecho-de-Autor-Luis-Schmidt-Oct-21-25.pdf\">OLIVARES &#8211; IA Generativa, Derecho de Autor y Pol\u00edtica Publica: Equilibrio en la Creaci\u00f3n y el Uso o Explotaci\u00f3n de Obras Art\u00edsticas<\/a><\/strong><em>Author: Luis C. Schmidt<\/em><em>Feb-16-2026<\/em><\/li>\n<li><strong><a href=\"\/wp-content\/uploads\/2026\/02\/Lic.-Luis-Schmidt-Panorama-General-de-los-Derechos-de-Imagen-Feb-11-2026-trad.pdf\">OLIVARES &#8211; Panorama general de los derechos de imagen: El sistema jur\u00eddico mexicano, \u00bfPuede hacer frente a los deepfakes?<\/a><\/strong><em>Luis C. Schmidt<\/em><em>Feb-16-2025<\/em><\/li>\n<li><strong><a href=\"\/wp-content\/uploads\/2025\/10\/Patrimonio-Cultural-Indigena-en-el-Cine-y-Television-Foro-Juridico-Oct-6-25.pdf\">Foro Jur\u00eddico: Patrimonio Cultural Ind\u00edgena en el Cine y Televisi\u00f3n.<\/a><\/strong><em>Luis C. Schmidt<\/em><em>Oct-06-2025<\/em><\/li>\n<li><strong><a href=\"https:\/\/www.olivares.mx\/wp-content\/uploads\/2025\/09\/OLIVARES-Perpetuidad-Luis-Schmidt_esp-Sep-18-25.pdf\">OLIVARES \u00bfDerecho de Autor Perpetuo?.<\/a><\/strong><em>Luis C. Schmidt, Jose Manuel Santin y Diego Trejo<\/em><em>Sep-26-2025<\/em><\/li>\n<li><a href=\"\/wp-content\/uploads\/2025\/04\/La-Inteligencia-Artificial-en-el-cine-y-la-television-que-desafios-eticos-y-legales-involucra-LS-Abr-28-25.pdf\"><strong>LexLatin &#8211; Uno de los temas m\u00e1s debatidos en torno a la IA es el uso de deep fakes, una tecnolog\u00eda que permite recrear rostros y voces con gran realismo.<\/strong><\/a><br \/>\n<em>Autors: Luis Schmidt y Oscar Ruiz Hegmann<\/em><br \/>\n<em>Uno de los temas m\u00e1s debatidos en torno a la IA es el uso de deep fakes, una tecnolog\u00eda que permite recrear rostros y voces con gran realismo.<\/em><br \/>\n<em>Abr-29-2025<\/em><\/li>\n<li><a href=\"\/wp-content\/uploads\/2023\/05\/Nueva-ley-federal-de-protecci\u00f3n-del-patrimonio-cultural-de-los-pueblos-y-JR_ABI.pdf\"><strong>Nueva ley federal de protecci\u00f3n del patrimonio cultural de los pueblos y comunidades ind\u00edgenas y afromexicanas y su impacto en la propiedad intelectual.<\/strong><\/a><br \/>\n<em>Autors: Jaime Rodriguez y Alejandra Badillo<\/em><br \/>\n<em>May-30-2023<\/em><\/li>\n<li><strong><a href=\"\/wp-content\/uploads\/2017\/10\/La-Obra-Pl\u00e1stica-Aut\u00e9ntica-Prevenci\u00f3n-al-Il\u00edcito..pdf\">La Obra Pl\u00e1stica Aut\u00e9ntica: Prevenci\u00f3n al Il\u00edcito.<\/a><\/strong><br \/>\n<em>Jun-30-2016<\/em><\/li>\n<li><strong><a href=\"\/es\/infraccion-en-materia-de-comercio-por-realizar-hyperlinking-o-hipervincular\/\">Infracci\u00f3n en materia de comercio por realizar \u201chyperlinking\u201d o hipervincular.<\/a><\/strong><br \/>\n<em>Feb-09-2016<\/em><\/li>\n<li><strong><a href=\"\/es\/publicidad-en-redes-sociales\/\">Publicidad en redes sociales<\/a><\/strong><br \/>\n<em>Jan-25-2012<\/em><\/li>\n<li><strong><a href=\"\/es\/breve-analisis-sobre-las-franquicias-y-el-derecho-de-autor\/\">Breve An\u00e1lisis sobre las Franquicias y el Derecho de Autor<\/a><\/strong><br \/>\n<em>Jan-07-2011<\/em><\/li>\n<li><strong><a href=\"\/es\/breve-analisis-sobre-la-proteccion-juridica-de-los-programas-de-computacion-en-mexico\/\">Breve Analisis sobre la Protecci\u00f3n Jur\u00eddica de los Programas de Computaci\u00f3n en M\u00e9xico<\/a><\/strong><br \/>\n<em>Jan-06-2011<\/em><\/li>\n<li><strong><a href=\"\/es\/la-proteccion-de-obras-plasticas-y-de-arte-aplicado-en-mexico-y-en-los-paises-latinoamericanos\/\">La Protecci\u00f3n de Obras Pl\u00e1sticas y de Arte Aplicado en M\u00e9xico y en los Paises Latinoamericanos<\/a><\/strong><br \/>\n<em>Jan-05-2011<\/em><\/li>\n<li><strong><a href=\"\/es\/el-sistema-de-infracciones-administrativas-en-materia-de-comercio-de-la-ley-federal-del-derecho-de-autor\/\">El Sistema de Infracciones Administrativas en Materia de Comercio de la Ley Federal del Derecho de Autor<\/a><\/strong><br \/>\n<em>Jan-04-2011<\/em><\/li>\n<li><strong><a href=\"\/es\/breve-analisis-juridico-sobre-el-regimen-de-licencias-shrink-wrap-en-mexico\/\">Breve an\u00e1lisis jur\u00eddico sobre el r\u00e9gimen de licencias \u201cSHRINK WRAP\u201d en Mexico<\/a><\/strong><br \/>\n<em>Dec-02-2010<\/em><\/li>\n<li><strong><a href=\"\/es\/propiedad-intelectual-y-sus-fronteras-proteccion-de-arte-e-industria\/\">Propiedad Intelectual y sus fronteras: Protecci\u00f3n de Arte e Industria<\/a><\/strong><br \/>\n<em>Nov-19-2010<\/em><\/li>\n<li><strong><a href=\"\/es\/multimedia-creacion-de-naturaleza-juridica-multifacetica\/\">Multimedia: creaci\u00f3n de naturaleza jur\u00eddica multifac\u00e9tica<\/a><\/strong><br \/>\n<em>Oct-26-2010<\/em><\/li>\n<li><strong><a href=\"\/es\/mexico-y-latinoamerica-ante-el-sistema-de-madrid\/\">Mexico y Latinoam\u00e9rica ante el Sistema de Madrid<\/a><\/strong><br \/>\n<em>Oct-22-2010<\/em><\/li>\n<li><strong><a href=\"\/es\/internet-y-la-industria-farmaceutica\/\">Internet y la Industria Farmac\u00e9utica<\/a><\/strong><br \/>\n<em>Oct-22-2010<\/em><\/li>\n<li><strong><a href=\"\/es\/la-propiedad-industrial-y-el-sistema-de-justicia-penal-en-mexico\/\">La Propiedad Industrial y el Sistema de Justicia Penal en M\u00e9xico<\/a><\/strong><br \/>\n<em>Oct-21-2010<\/em><\/li>\n<li><strong><a href=\"\/es\/las-marcas-en-el-comercio-nortesur-el-impacto-del-tlc-y-de-otras-manifestaciones-de-mercado\/\">Las marcas en el comercio Norte\/Sur: El impacto del TLC y de otras manifestaciones de mercado<\/a><\/strong><br \/>\n<em>Oct-15-2010<\/em><\/li>\n<li><strong><a href=\"\/es\/la-proteccion-de-los-derechos-intelectuales\/\">La Protecci\u00f3n de los Derechos Intelectuales<\/a><\/strong><br \/>\n<em>Oct-01-2010<\/em><\/li>\n<li><strong><a href=\"\/es\/las-medidas-cautelares-en-la-observancia-de-derechos-de-propiedad-intelectual-en-mexico\">Las Medidas Cautelares en la Observancia de Derechos de Propiedad Intelectual en M\u00e9xico<\/a><\/strong><br \/>\n<em>Sep-29-2010<\/em><\/li>\n<li><strong><a href=\"\/es\/en-medicinas-lo-barato-sale-caro\/\">En medicinas, lo barato sale caro<\/a><\/strong><br \/>\n<em>Sep-01-2010<\/em><\/li>\n<li><strong><a href=\"\/es\/derechos-sobre-produccion-audiovisual\/\">Derechos sobre producci\u00f3n audiovisual<\/a><\/strong><br \/>\n<em>Aug-19-2010<\/em><\/li>\n<\/ul>\n\n\t\t<\/div>\n\t<\/div>\n<\/div><\/div><\/div><\/div><\/div>","protected":false},"excerpt":{"rendered":"OLIVARES - P\u00e1gina Articulos sobre Derecho de Autor Regresar OLIVARES - IA Generativa, Derecho de Autor y Pol\u00edtica Publica: Equilibrio en la Creaci\u00f3n y el Uso o Explotaci\u00f3n de Obras Art\u00edsticasAuthor: Luis C. SchmidtFeb-16-2026 OLIVARES - Panorama general de los derechos de imagen: El sistema jur\u00eddico mexicano, \u00bfPuede hacer frente a los deepfakes?Luis C. SchmidtFeb-16-2025 [...]","protected":false},"author":4,"featured_media":0,"parent":0,"menu_order":0,"comment_status":"closed","ping_status":"closed","template":"knowledge-resources-inner-links.php","meta":{"footnotes":""},"_links":{"self":[{"href":"https:\/\/www.olivares.mx\/es\/wp-json\/wp\/v2\/pages\/12871"}],"collection":[{"href":"https:\/\/www.olivares.mx\/es\/wp-json\/wp\/v2\/pages"}],"about":[{"href":"https:\/\/www.olivares.mx\/es\/wp-json\/wp\/v2\/types\/page"}],"author":[{"embeddable":true,"href":"https:\/\/www.olivares.mx\/es\/wp-json\/wp\/v2\/users\/4"}],"replies":[{"embeddable":true,"href":"https:\/\/www.olivares.mx\/es\/wp-json\/wp\/v2\/comments?post=12871"}],"version-history":[{"count":26,"href":"https:\/\/www.olivares.mx\/es\/wp-json\/wp\/v2\/pages\/12871\/revisions"}],"predecessor-version":[{"id":34860,"href":"https:\/\/www.olivares.mx\/es\/wp-json\/wp\/v2\/pages\/12871\/revisions\/34860"}],"wp:attachment":[{"href":"https:\/\/www.olivares.mx\/es\/wp-json\/wp\/v2\/media?parent=12871"}],"curies":[{"name":"wp","href":"https:\/\/api.w.org\/{rel}","templated":true}]}}