{"id":13127,"date":"2017-10-12T23:13:33","date_gmt":"2017-10-12T23:13:33","guid":{"rendered":"http:\/\/olivares2018.alaire.mx\/media-sports-entertainment-focused-articles\/"},"modified":"2026-03-10T08:09:09","modified_gmt":"2026-03-10T15:09:09","slug":"media-sports-entertainment-focused-articles","status":"publish","type":"page","link":"https:\/\/www.olivares.mx\/es\/media-sports-entertainment-focused-articles\/","title":{"rendered":"Art\u00edculos En Relaci\u00f3n Con Medios, Deportes y Entretenimiento"},"content":{"rendered":"<section class=\"vc_section bt-about-section1 vc_custom_1519815678010\"><div class=\"container\"><div class=\"vc_row wpb_row vc_row-fluid wpb_animate_when_almost_visible wpb_left-to-right left-to-right\"><div class=\"wpb_column vc_column_container vc_col-sm-12\"><div class=\"vc_column-inner\"><div class=\"wpb_wrapper\">\t\t\t<div class=\"bt-element bt-page-breadcrumb-element left  vc_custom_1528931032695\"  >\r\n\t\t\t\t<a href=\"https:\/\/www.olivares.mx\/es\/\">OLIVARES<\/a> - <span class=\"current\">P\u00e1gina<\/span>\t\t\t<\/div>\r\n\t\t\n\t<div class=\"wpb_text_column wpb_content_element\" >\n\t\t<div class=\"wpb_wrapper\">\n\t\t\t<h3>Art\u00edculos En Relaci\u00f3n Con Medios, Deportes y Entretenimiento<\/h3>\n\n\t\t<\/div>\n\t<\/div>\n<\/div><\/div><\/div><\/div><\/div><\/section>\n\n\n<div class=\"container\"><div class=\"vc_row wpb_row vc_row-fluid wpb_animate_when_almost_visible wpb_left-to-right left-to-right\"><br \/>\n<div class=\"wpb_column vc_column_container vc_col-sm-12\"><div class=\"vc_column-inner\"><div class=\"wpb_wrapper\">\n\t<div class=\"wpb_text_column wpb_content_element\" >\n\t\t<div class=\"wpb_wrapper\">\n\t\t\t<div class=\"return-btn\"><a href=\"\/es\/knowledge\/\"><i class=\"fa fa-long-arrow-left\" aria-hidden=\"true\"><\/i> Regresar<\/a><\/div>\n\n\t\t<\/div>\n\t<\/div>\n\n\t<div class=\"wpb_text_column wpb_content_element  wpb_animate_when_almost_visible wpb_left-to-right left-to-right\" >\n\t\t<div class=\"wpb_wrapper\">\n\t\t\t<ul>\n<li><strong><a href=\"\/es\/constitutional-reform-decree-on-the-reduction-of-the-workweek\/\"><b><span lang=\"EN-US\">Decreto de reforma constitucional en materia de reducci\u00f3n de jornada laboral.<\/span><\/b><\/a><\/strong><br \/>\n<span class=\"date\">Mar-10-2023<\/span><\/li>\n<li><strong><a href=\"\/es\/proposal-reform-bill-to-the-federal-copyright-law-in-mexico\/\">Propuestas de reforma a la Ley Federal del Derecho de Autor.<\/a><\/strong><br \/>\n<em>Feb-01-2022<\/em><\/li>\n<li><strong><a href=\"\/wp-content\/uploads\/2019\/09\/roma.pdf\">ROMA entrevista a Luis Schmidt. Revista Marcasur<\/a><\/strong><br \/>\n<em>Sep-02-2019<\/em><\/li>\n<li><strong><a href=\"\/es\/advertising-in-social-media-networks\/\">Publicidad en redes sociales<\/a><\/strong><br \/>\n<em>Jan-25-2012<\/em><\/li>\n<li><strong><a href=\"\/es\/improved-protection-for-personalities\/\">Improved protection for personalities<\/a><\/strong><br \/>\n<em>Jun-09-2010<\/em><\/li>\n<li><strong><a href=\"\/es\/whither-rental-rights\/\">Whither Rental Rights?<\/a><\/strong><br \/>\n<em>Jun-09-2010<\/em><\/li>\n<\/ul>\n\n\t\t<\/div>\n\t<\/div>\n<\/div><\/div><\/div><\/div><\/div>","protected":false},"excerpt":{"rendered":"OLIVARES - P\u00e1gina Art\u00edculos En Relaci\u00f3n Con Medios, Deportes y Entretenimiento Regresar Decreto de reforma constitucional en materia de reducci\u00f3n de jornada laboral. Mar-10-2023 Propuestas de reforma a la Ley Federal del Derecho de Autor. Feb-01-2022 ROMA entrevista a Luis Schmidt. Revista Marcasur Sep-02-2019 Publicidad en redes sociales Jan-25-2012 Improved protection for personalities Jun-09-2010 Whither [...]","protected":false},"author":4,"featured_media":0,"parent":0,"menu_order":0,"comment_status":"closed","ping_status":"closed","template":"knowledge-resources-inner-links.php","meta":{"footnotes":""},"_links":{"self":[{"href":"https:\/\/www.olivares.mx\/es\/wp-json\/wp\/v2\/pages\/13127"}],"collection":[{"href":"https:\/\/www.olivares.mx\/es\/wp-json\/wp\/v2\/pages"}],"about":[{"href":"https:\/\/www.olivares.mx\/es\/wp-json\/wp\/v2\/types\/page"}],"author":[{"embeddable":true,"href":"https:\/\/www.olivares.mx\/es\/wp-json\/wp\/v2\/users\/4"}],"replies":[{"embeddable":true,"href":"https:\/\/www.olivares.mx\/es\/wp-json\/wp\/v2\/comments?post=13127"}],"version-history":[{"count":12,"href":"https:\/\/www.olivares.mx\/es\/wp-json\/wp\/v2\/pages\/13127\/revisions"}],"predecessor-version":[{"id":35065,"href":"https:\/\/www.olivares.mx\/es\/wp-json\/wp\/v2\/pages\/13127\/revisions\/35065"}],"wp:attachment":[{"href":"https:\/\/www.olivares.mx\/es\/wp-json\/wp\/v2\/media?parent=13127"}],"curies":[{"name":"wp","href":"https:\/\/api.w.org\/{rel}","templated":true}]}}