{"id":13446,"date":"2018-06-13T18:18:14","date_gmt":"2018-06-13T18:18:14","guid":{"rendered":"http:\/\/olivares2018.alaire.mx\/?page_id=13446"},"modified":"2023-05-17T16:08:24","modified_gmt":"2023-05-17T16:08:24","slug":"daniel-sanchez","status":"publish","type":"page","link":"https:\/\/www.olivares.mx\/es\/daniel-sanchez\/","title":{"rendered":"Daniel S\u00e1nchez"},"content":{"rendered":"<div class=\"vc_row wpb_row vc_row-fluid olivares-page-heading\"><div class=\"wpb_column vc_column_container vc_col-sm-12\"><div class=\"vc_column-inner\"><div class=\"wpb_wrapper\">\n\t<div class=\"wpb_text_column wpb_content_element\" >\n\t\t<div class=\"wpb_wrapper\">\n\t\t\t<h1>SOCIOS<\/h1>\n\n\t\t<\/div>\n\t<\/div>\n<\/div><\/div><\/div><\/div><div data-vc-full-width=\"true\" data-vc-full-width-init=\"false\" data-vc-stretch-content=\"true\" class=\"vc_row wpb_row vc_row-fluid olivares-two-col-section vc_row-no-padding vc_row-o-equal-height vc_row-flex\"><div class=\"wpb_column vc_column_container vc_col-sm-12\"><div class=\"vc_column-inner\"><div class=\"wpb_wrapper\"><div class=\"vc_row wpb_row vc_inner vc_row-fluid partner-page vc_row-o-equal-height vc_row-flex\"><div class=\"wpb_column vc_column_container vc_col-sm-6\"><div class=\"vc_column-inner\"><div class=\"wpb_wrapper\">\n\t<div  class=\"wpb_single_image wpb_content_element vc_align_left\">\n\t\t\n\t\t<figure class=\"wpb_wrapper vc_figure\">\n\t\t\t<div class=\"vc_single_image-wrapper   vc_box_border_grey\"><img loading=\"lazy\" decoding=\"async\" width=\"1205\" height=\"1806\" src=\"https:\/\/www.olivares.mx\/wp-content\/uploads\/2022\/07\/DANIEL-SANCHEZ_P\u00e1gina-Web.png\" class=\"vc_single_image-img attachment-full\" alt=\"\" srcset=\"https:\/\/www.olivares.mx\/wp-content\/uploads\/2022\/07\/DANIEL-SANCHEZ_P\u00e1gina-Web.png 1205w, https:\/\/www.olivares.mx\/wp-content\/uploads\/2022\/07\/DANIEL-SANCHEZ_P\u00e1gina-Web-200x300.png 200w, https:\/\/www.olivares.mx\/wp-content\/uploads\/2022\/07\/DANIEL-SANCHEZ_P\u00e1gina-Web-768x1151.png 768w, https:\/\/www.olivares.mx\/wp-content\/uploads\/2022\/07\/DANIEL-SANCHEZ_P\u00e1gina-Web-683x1024.png 683w\" sizes=\"(max-width: 1205px) 100vw, 1205px\" \/><\/div>\n\t\t<\/figure>\n\t<\/div>\n<\/div><\/div><\/div><div class=\"wpb_column vc_column_container vc_col-sm-6\"><div class=\"vc_column-inner\"><div class=\"wpb_wrapper\">\n\t<div class=\"wpb_text_column wpb_content_element\" >\n\t\t<div class=\"wpb_wrapper\">\n\t\t\t<h2>Daniel S\u00e1nchez<\/h2>\n\n\t\t<\/div>\n\t<\/div>\n\n\t<div class=\"wpb_text_column wpb_content_element  partner-label\" >\n\t\t<div class=\"wpb_wrapper\">\n\t\t\t<p>Socio<\/p>\n<div class=\"btn_vcard\">\n<ul style=\"display: flex; list-style: none;\">\n<li><a href=\"\/wp-content\/uploads\/vcards\/Daniel S\u00e1nchez y Bejar.vcf\">VCARD \u00a0 <i class=\"fa fa-address-card\"><\/i> <\/a><\/li>\n<\/ul>\n<\/div>\n\n\t\t<\/div>\n\t<\/div>\n\n\t<div class=\"wpb_text_column wpb_content_element\" >\n\t\t<div class=\"wpb_wrapper\">\n\t\t\t<p>Daniel S\u00e1nchez se integr\u00f3 a OLIVARES en 2000 y, en 2011, se convirti\u00f3 en Socio de la compa\u00f1\u00eda. Es uno de los m\u00e1s destacados litigantes en el \u00e1rea de propiedad intelectual y administrativa en M\u00e9xico. Su experiencia le ha hecho merecedor de diversos reconocimientos y t\u00edtulos de la industria.<\/p>\n\n\t\t<\/div>\n\t<\/div>\n\n\t<div  class=\"wpb_single_image wpb_content_element vc_align_left\">\n\t\t\n\t\t<figure class=\"wpb_wrapper vc_figure\">\n\t\t\t<div class=\"vc_single_image-wrapper   vc_box_border_grey\"><\/div>\n\t\t<\/figure>\n\t<\/div>\n<\/div><\/div><\/div><\/div><\/div><\/div><\/div><\/div><div class=\"vc_row-full-width vc_clearfix\"><\/div><div class=\"vc_row wpb_row vc_row-fluid olivares-two-text-column\"><div class=\"wpb_column vc_column_container vc_col-sm-6\"><div class=\"vc_column-inner\"><div class=\"wpb_wrapper\">\n\t<div class=\"wpb_text_column wpb_content_element\" >\n\t\t<div class=\"wpb_wrapper\">\n\t\t\t<p>Su pr\u00e1ctica laboral es amplia y posee una vasta experiencia en juicios y litigios de todos los \u00e1mbitos de la propiedad intelectual, entre los que se incluyen derecho de autor, patentes y competencia desleal. La amplitud de su experiencia y conocimientos le permite dise\u00f1ar estrategias de protecci\u00f3n legal con un enfoque multidisciplinario.<\/p>\n<p>Daniel S\u00e1nchez centra su actividad profesional en asuntos relacionados con regulaci\u00f3n y litigios, con especial \u00e9nfasis en la industria de las ciencias de la vida y la tecnolog\u00eda. Es codirector del Equipo de Litigaci\u00f3n y el Grupo para la Industria de las Tecnolog\u00edas de la Informaci\u00f3n. Es unos de los pocos expertos mexicanos en litigios normativos y administrativos. Ha realizado aportaciones fundamentales al registro an\u00e1logo al de Cofepris para la aceptaci\u00f3n de autorizaciones comerciales de marcas registradas.<\/p>\n<p>El grupo de abogados a su cargo esta especializado en la litigaci\u00f3n ante el Instituto Mexicano de la Propiedad Industrial (IMPI) y ante las instituciones judiciales federales. Ha publicado varios art\u00edculos sobre temas relacionados con la propiedad intelectual y las ciencias de la vida. Adem\u00e1s, ha impartido conferencias sobre propiedad intelectual en foros nacionales e internacionales.<\/p>\n<p>Actualmente, dirige la Comisi\u00f3n de Derecho de la Propiedad Intelectual e Industrial de la Barra Mexicana del Colegio de Abogados y es vicepresidente de la Asociaci\u00f3n Mexicana para la Protecci\u00f3n de la Propiedad Intelectual (AMPPI). Es miembro de sociedades de prestigio internacional, como la International Trademark Association (INTA), la Biotech Industry Organization (BIO) y la International Association for the Protection of Intellectual Property\u00a0 (AIPPI), y ha participado como observador en varias reuniones de la Asian Patent Attorney Association (APAA).<\/p>\n\n\t\t<\/div>\n\t<\/div>\n<\/div><\/div><\/div><div class=\"wpb_column vc_column_container vc_col-sm-6\"><div class=\"vc_column-inner\"><div class=\"wpb_wrapper\">\n\t<div class=\"wpb_text_column wpb_content_element\" >\n\t\t<div class=\"wpb_wrapper\">\n\t\t\t<h5>Premios<\/h5>\n\n\t\t<\/div>\n\t<\/div>\n\n\t<div class=\"wpb_text_column wpb_content_element\" >\n\t\t<div class=\"wpb_wrapper\">\n\t\t\t<ul>\n<li>Chambers Latin America: Life Sciences Up and Coming Star 2014<\/li>\n<li>IAM Patent 1000 \u2013 Prosecution &amp; Strategy, Bronze<\/li>\n<li>WTR 1000 \u2013 Silver \u2013 Enforcement &amp; Litigation<\/li>\n<\/ul>\n\n\t\t<\/div>\n\t<\/div>\n\n\t<div class=\"wpb_text_column wpb_content_element\" >\n\t\t<div class=\"wpb_wrapper\">\n\t\t\t<h5>Formaci\u00f3n Acad\u00e9mica<\/h5>\n\n\t\t<\/div>\n\t<\/div>\n\n\t<div class=\"wpb_text_column wpb_content_element\" >\n\t\t<div class=\"wpb_wrapper\">\n\t\t\t<ul>\n<li>Universidad Panamericana<br \/>\nEspecialidad en Propiedad Intelectual, 2000<\/li>\n<li>Universidad La Salle<br \/>\nLicenciatura en Derecho, 1999<\/li>\n<\/ul>\n\n\t\t<\/div>\n\t<\/div>\n\n\t<div class=\"wpb_text_column wpb_content_element\" >\n\t\t<div class=\"wpb_wrapper\">\n\t\t\t<h5>Afiliaciones<\/h5>\n\n\t\t<\/div>\n\t<\/div>\n\n\t<div class=\"wpb_text_column wpb_content_element\" >\n\t\t<div class=\"wpb_wrapper\">\n\t\t\t<ul>\n<li>Asociaci\u00f3n Internacional para la Protecci\u00f3n de la Propiedad Intelectual\u00a0(AIPPI).<\/li>\n<li>Asociaci\u00f3n Mexicana para la Protecci\u00f3n de la Propiedad Intelectual\u00a0(AMPPI).<\/li>\n<li>Barra Mexicana de Abogados\u00a0(BMA).<\/li>\n<li>International Chamber of Commerce Mexico\u00a0(ICC).<\/li>\n<li>Intellectual Property Owners Association\u00a0(IPO).<\/li>\n<\/ul>\n\n\t\t<\/div>\n\t<\/div>\n\n\t<div class=\"wpb_text_column wpb_content_element\" >\n\t\t<div class=\"wpb_wrapper\">\n\t\t\t<h5>Idiomas<\/h5>\n\n\t\t<\/div>\n\t<\/div>\n\n\t<div class=\"wpb_text_column wpb_content_element\" >\n\t\t<div class=\"wpb_wrapper\">\n\t\t\t<ul>\n<li>Espa\u00f1ol<\/li>\n<li>Ingl\u00e9s<\/li>\n<\/ul>\n\n\t\t<\/div>\n\t<\/div>\n<\/div><\/div><\/div><\/div><div class=\"vc_row wpb_row vc_row-fluid olivares-page-heading\"><div class=\"wpb_column vc_column_container vc_col-sm-12\"><div class=\"vc_column-inner\"><div class=\"wpb_wrapper\">\n\t<div class=\"wpb_text_column wpb_content_element\" >\n\t\t<div class=\"wpb_wrapper\">\n\t\t\t<h1>SOCIOS<\/h1>\n\n\t\t<\/div>\n\t<\/div>\n<\/div><\/div><\/div><\/div><div class=\"vc_row wpb_row vc_row-fluid olivares-partners-slider\"><div class=\"wpb_column vc_column_container vc_col-sm-12\"><div class=\"vc_column-inner\"><div class=\"wpb_wrapper\"><div class=\"vc_row wpb_row vc_inner vc_row-fluid\"><div class=\"wpb_column vc_column_container vc_col-sm-12\"><div class=\"vc_column-inner\"><div class=\"wpb_wrapper\">\n\t<div  class=\"wpb_single_image wpb_content_element vc_align_left\">\n\t\t\n\t\t<figure class=\"wpb_wrapper vc_figure\">\n\t\t\t<div class=\"vc_single_image-wrapper   vc_box_border_grey\"><img loading=\"lazy\" decoding=\"async\" width=\"188\" height=\"189\" src=\"https:\/\/www.olivares.mx\/wp-content\/uploads\/2020\/12\/SOL.png\" class=\"vc_single_image-img attachment-full\" alt=\"\" srcset=\"https:\/\/www.olivares.mx\/wp-content\/uploads\/2020\/12\/SOL.png 188w, https:\/\/www.olivares.mx\/wp-content\/uploads\/2020\/12\/SOL-150x150.png 150w\" sizes=\"(max-width: 188px) 100vw, 188px\" \/><\/div>\n\t\t<\/figure>\n\t<\/div>\n\n\t<div class=\"wpb_text_column wpb_content_element\" >\n\t\t<div class=\"wpb_wrapper\">\n\t\t\t<h5>Sergio L. Olivares<\/h5>\n\n\t\t<\/div>\n\t<\/div>\n\n\t<div class=\"wpb_text_column wpb_content_element\" >\n\t\t<div class=\"wpb_wrapper\">\n\t\t\t<h6>Socio<\/h6>\n\n\t\t<\/div>\n\t<\/div>\n\n\t<div class=\"wpb_text_column wpb_content_element\" >\n\t\t<div class=\"wpb_wrapper\">\n\t\t\t<p>Patentes<\/p>\n\n\t\t<\/div>\n\t<\/div>\n<div class=\"bt-element bt-button-element inline left\" ><a href=\"\/es\/sergio-l-olivares-jr\/\"><\/a><\/div><\/div><\/div><\/div><\/div><div class=\"vc_row wpb_row vc_inner vc_row-fluid\"><div class=\"wpb_column vc_column_container vc_col-sm-12\"><div class=\"vc_column-inner\"><div class=\"wpb_wrapper\">\n\t<div  class=\"wpb_single_image wpb_content_element vc_align_left\">\n\t\t\n\t\t<figure class=\"wpb_wrapper vc_figure\">\n\t\t\t<div class=\"vc_single_image-wrapper   vc_box_border_grey\"><img loading=\"lazy\" decoding=\"async\" width=\"188\" height=\"189\" src=\"https:\/\/www.olivares.mx\/wp-content\/uploads\/2021\/01\/LSR.png\" class=\"vc_single_image-img attachment-full\" alt=\"\" srcset=\"https:\/\/www.olivares.mx\/wp-content\/uploads\/2021\/01\/LSR.png 188w, https:\/\/www.olivares.mx\/wp-content\/uploads\/2021\/01\/LSR-150x150.png 150w\" sizes=\"(max-width: 188px) 100vw, 188px\" \/><\/div>\n\t\t<\/figure>\n\t<\/div>\n\n\t<div class=\"wpb_text_column wpb_content_element\" >\n\t\t<div class=\"wpb_wrapper\">\n\t\t\t<h5>Luis Schmidt.<\/h5>\n\n\t\t<\/div>\n\t<\/div>\n\n\t<div class=\"wpb_text_column wpb_content_element\" >\n\t\t<div class=\"wpb_wrapper\">\n\t\t\t<h6>Socio<\/h6>\n\n\t\t<\/div>\n\t<\/div>\n\n\t<div class=\"wpb_text_column wpb_content_element\" >\n\t\t<div class=\"wpb_wrapper\">\n\t\t\t<p>Derecho de Autor y DerechoEntretenimiento<\/p>\n\n\t\t<\/div>\n\t<\/div>\n<div class=\"bt-element bt-button-element inline left\" ><a href=\"\/es\/luis-c-schmidt\/\"><\/a><\/div><\/div><\/div><\/div><\/div><div class=\"vc_row wpb_row vc_inner vc_row-fluid\"><div class=\"wpb_column vc_column_container vc_col-sm-12\"><div class=\"vc_column-inner\"><div class=\"wpb_wrapper\">\n\t<div  class=\"wpb_single_image wpb_content_element vc_align_left\">\n\t\t\n\t\t<figure class=\"wpb_wrapper vc_figure\">\n\t\t\t<div class=\"vc_single_image-wrapper   vc_box_border_grey\"><img loading=\"lazy\" decoding=\"async\" width=\"188\" height=\"190\" src=\"https:\/\/www.olivares.mx\/wp-content\/uploads\/2020\/11\/GAL.png\" class=\"vc_single_image-img attachment-full\" alt=\"\" \/><\/div>\n\t\t<\/figure>\n\t<\/div>\n\n\t<div class=\"wpb_text_column wpb_content_element\" >\n\t\t<div class=\"wpb_wrapper\">\n\t\t\t<h5>Gustavo Alcocer<\/h5>\n\n\t\t<\/div>\n\t<\/div>\n\n\t<div class=\"wpb_text_column wpb_content_element\" >\n\t\t<div class=\"wpb_wrapper\">\n\t\t\t<h6>Socio<\/h6>\n\n\t\t<\/div>\n\t<\/div>\n\n\t<div class=\"wpb_text_column wpb_content_element\" >\n\t\t<div class=\"wpb_wrapper\">\n\t\t\t<p>Corporativo y Derecho Comercial.<\/p>\n\n\t\t<\/div>\n\t<\/div>\n<div class=\"bt-element bt-button-element inline left\" ><a href=\"\/es\/gustavo-a-alcocer\/\"><\/a><\/div><\/div><\/div><\/div><\/div><div class=\"vc_row wpb_row vc_inner vc_row-fluid\"><div class=\"wpb_column vc_column_container vc_col-sm-12\"><div class=\"vc_column-inner\"><div class=\"wpb_wrapper\">\n\t<div  class=\"wpb_single_image wpb_content_element vc_align_left\">\n\t\t\n\t\t<figure class=\"wpb_wrapper vc_figure\">\n\t\t\t<div class=\"vc_single_image-wrapper   vc_box_border_grey\"><img loading=\"lazy\" decoding=\"async\" width=\"188\" height=\"190\" src=\"https:\/\/www.olivares.mx\/wp-content\/uploads\/2020\/11\/ALF.png\" class=\"vc_single_image-img attachment-full\" alt=\"\" \/><\/div>\n\t\t<\/figure>\n\t<\/div>\n\n\t<div class=\"wpb_text_column wpb_content_element\" >\n\t\t<div class=\"wpb_wrapper\">\n\t\t\t<h5>Alejandro Luna F.<\/h5>\n\n\t\t<\/div>\n\t<\/div>\n\n\t<div class=\"wpb_text_column wpb_content_element\" >\n\t\t<div class=\"wpb_wrapper\">\n\t\t\t<h6>Socio<\/h6>\n\n\t\t<\/div>\n\t<\/div>\n\n\t<div class=\"wpb_text_column wpb_content_element\" >\n\t\t<div class=\"wpb_wrapper\">\n\t\t\t<p>Litigio<\/p>\n\n\t\t<\/div>\n\t<\/div>\n<div class=\"bt-element bt-button-element inline left\" ><a href=\"\/es\/alejandro-luna-f\/\"><\/a><\/div><\/div><\/div><\/div><\/div><div class=\"vc_row wpb_row vc_inner vc_row-fluid\"><div class=\"wpb_column vc_column_container vc_col-sm-12\"><div class=\"vc_column-inner\"><div class=\"wpb_wrapper\">\n\t<div  class=\"wpb_single_image wpb_content_element vc_align_left\">\n\t\t\n\t\t<figure class=\"wpb_wrapper vc_figure\">\n\t\t\t<div class=\"vc_single_image-wrapper   vc_box_border_grey\"><img loading=\"lazy\" decoding=\"async\" width=\"188\" height=\"189\" src=\"https:\/\/www.olivares.mx\/wp-content\/uploads\/2021\/01\/ACS.png\" class=\"vc_single_image-img attachment-full\" alt=\"\" srcset=\"https:\/\/www.olivares.mx\/wp-content\/uploads\/2021\/01\/ACS.png 188w, https:\/\/www.olivares.mx\/wp-content\/uploads\/2021\/01\/ACS-150x150.png 150w\" sizes=\"(max-width: 188px) 100vw, 188px\" \/><\/div>\n\t\t<\/figure>\n\t<\/div>\n\n\t<div class=\"wpb_text_column wpb_content_element\" >\n\t\t<div class=\"wpb_wrapper\">\n\t\t\t<h5>Alonso Camargo<\/h5>\n\n\t\t<\/div>\n\t<\/div>\n\n\t<div class=\"wpb_text_column wpb_content_element\" >\n\t\t<div class=\"wpb_wrapper\">\n\t\t\t<h6>Socio<\/h6>\n\n\t\t<\/div>\n\t<\/div>\n\n\t<div class=\"wpb_text_column wpb_content_element\" >\n\t\t<div class=\"wpb_wrapper\">\n\t\t\t<p>Marcas<\/p>\n\n\t\t<\/div>\n\t<\/div>\n<div class=\"bt-element bt-button-element inline left\" ><a href=\"\/es\/alonso-camargo\/\"><\/a><\/div><\/div><\/div><\/div><\/div><div class=\"vc_row wpb_row vc_inner vc_row-fluid\"><div class=\"wpb_column vc_column_container vc_col-sm-12\"><div class=\"vc_column-inner\"><div class=\"wpb_wrapper\">\n\t<div  class=\"wpb_single_image wpb_content_element vc_align_left\">\n\t\t\n\t\t<figure class=\"wpb_wrapper vc_figure\">\n\t\t\t<div class=\"vc_single_image-wrapper   vc_box_border_grey\"><img loading=\"lazy\" decoding=\"async\" width=\"188\" height=\"190\" src=\"https:\/\/www.olivares.mx\/wp-content\/uploads\/2020\/11\/DS.png\" class=\"vc_single_image-img attachment-full\" alt=\"\" \/><\/div>\n\t\t<\/figure>\n\t<\/div>\n\n\t<div class=\"wpb_text_column wpb_content_element\" >\n\t\t<div class=\"wpb_wrapper\">\n\t\t\t<h5>Daniel S\u00e1nchez<\/h5>\n\n\t\t<\/div>\n\t<\/div>\n\n\t<div class=\"wpb_text_column wpb_content_element\" >\n\t\t<div class=\"wpb_wrapper\">\n\t\t\t<h6>Socio<\/h6>\n\n\t\t<\/div>\n\t<\/div>\n\n\t<div class=\"wpb_text_column wpb_content_element\" >\n\t\t<div class=\"wpb_wrapper\">\n\t\t\t<p>Patentes<\/p>\n\n\t\t<\/div>\n\t<\/div>\n<div class=\"bt-element bt-button-element inline left\" ><a href=\"\/es\/daniel-sanchez\/\"><\/a><\/div><\/div><\/div><\/div><\/div><div class=\"vc_row wpb_row vc_inner vc_row-fluid\"><div class=\"wpb_column vc_column_container vc_col-sm-12\"><div class=\"vc_column-inner\"><div class=\"wpb_wrapper\">\n\t<div  class=\"wpb_single_image wpb_content_element vc_align_left\">\n\t\t\n\t\t<figure class=\"wpb_wrapper vc_figure\">\n\t\t\t<div class=\"vc_single_image-wrapper   vc_box_border_grey\"><img loading=\"lazy\" decoding=\"async\" width=\"188\" height=\"189\" src=\"https:\/\/www.olivares.mx\/wp-content\/uploads\/2020\/11\/ADA.png\" class=\"vc_single_image-img attachment-full\" alt=\"\" srcset=\"https:\/\/www.olivares.mx\/wp-content\/uploads\/2020\/11\/ADA.png 188w, https:\/\/www.olivares.mx\/wp-content\/uploads\/2020\/11\/ADA-150x150.png 150w\" sizes=\"(max-width: 188px) 100vw, 188px\" \/><\/div>\n\t\t<\/figure>\n\t<\/div>\n\n\t<div class=\"wpb_text_column wpb_content_element\" >\n\t\t<div class=\"wpb_wrapper\">\n\t\t\t<h5>Abraham D\u00edaz<\/h5>\n\n\t\t<\/div>\n\t<\/div>\n\n\t<div class=\"wpb_text_column wpb_content_element\" >\n\t\t<div class=\"wpb_wrapper\">\n\t\t\t<h6>Socio<\/h6>\n\n\t\t<\/div>\n\t<\/div>\n\n\t<div class=\"wpb_text_column wpb_content_element\" >\n\t\t<div class=\"wpb_wrapper\">\n\t\t\t<p>Litigio<\/p>\n\n\t\t<\/div>\n\t<\/div>\n<div class=\"bt-element bt-button-element inline left\" ><a href=\"\/es\/abraham-diaz\/\"><\/a><\/div><\/div><\/div><\/div><\/div><div class=\"vc_row wpb_row vc_inner vc_row-fluid\"><div class=\"wpb_column vc_column_container vc_col-sm-12\"><div class=\"vc_column-inner\"><div class=\"wpb_wrapper\">\n\t<div  class=\"wpb_single_image wpb_content_element vc_align_left\">\n\t\t\n\t\t<figure class=\"wpb_wrapper vc_figure\">\n\t\t\t<div class=\"vc_single_image-wrapper   vc_box_border_grey\"><img loading=\"lazy\" decoding=\"async\" width=\"188\" height=\"189\" src=\"https:\/\/www.olivares.mx\/wp-content\/uploads\/2020\/11\/ARA.png\" class=\"vc_single_image-img attachment-full\" alt=\"\" srcset=\"https:\/\/www.olivares.mx\/wp-content\/uploads\/2020\/11\/ARA.png 188w, https:\/\/www.olivares.mx\/wp-content\/uploads\/2020\/11\/ARA-150x150.png 150w\" sizes=\"(max-width: 188px) 100vw, 188px\" \/><\/div>\n\t\t<\/figure>\n\t<\/div>\n\n\t<div class=\"wpb_text_column wpb_content_element\" >\n\t\t<div class=\"wpb_wrapper\">\n\t\t\t<h5>Armando Arenas<\/h5>\n\n\t\t<\/div>\n\t<\/div>\n\n\t<div class=\"wpb_text_column wpb_content_element\" >\n\t\t<div class=\"wpb_wrapper\">\n\t\t\t<h6>Socio<\/h6>\n\n\t\t<\/div>\n\t<\/div>\n\n\t<div class=\"wpb_text_column wpb_content_element\" >\n\t\t<div class=\"wpb_wrapper\">\n\t\t\t<p>Litigio<\/p>\n\n\t\t<\/div>\n\t<\/div>\n<div class=\"bt-element bt-button-element inline left\" ><a href=\"\/es\/armando-arenas\/\"><\/a><\/div><\/div><\/div><\/div><\/div><div class=\"vc_row wpb_row vc_inner vc_row-fluid\"><div class=\"wpb_column vc_column_container vc_col-sm-12\"><div class=\"vc_column-inner\"><div class=\"wpb_wrapper\">\n\t<div  class=\"wpb_single_image wpb_content_element vc_align_left\">\n\t\t\n\t\t<figure class=\"wpb_wrapper vc_figure\">\n\t\t\t<div class=\"vc_single_image-wrapper   vc_box_border_grey\"><img loading=\"lazy\" decoding=\"async\" width=\"188\" height=\"189\" src=\"https:\/\/www.olivares.mx\/wp-content\/uploads\/2021\/01\/VRC.png\" class=\"vc_single_image-img attachment-full\" alt=\"\" srcset=\"https:\/\/www.olivares.mx\/wp-content\/uploads\/2021\/01\/VRC.png 188w, https:\/\/www.olivares.mx\/wp-content\/uploads\/2021\/01\/VRC-150x150.png 150w\" sizes=\"(max-width: 188px) 100vw, 188px\" \/><\/div>\n\t\t<\/figure>\n\t<\/div>\n\n\t<div class=\"wpb_text_column wpb_content_element\" >\n\t\t<div class=\"wpb_wrapper\">\n\t\t\t<h5>V\u00edctor Ram\u00edrez<\/h5>\n\n\t\t<\/div>\n\t<\/div>\n\n\t<div class=\"wpb_text_column wpb_content_element\" >\n\t\t<div class=\"wpb_wrapper\">\n\t\t\t<h6>Socio<\/h6>\n\n\t\t<\/div>\n\t<\/div>\n\n\t<div class=\"wpb_text_column wpb_content_element\" >\n\t\t<div class=\"wpb_wrapper\">\n\t\t\t<p>Marcas<\/p>\n\n\t\t<\/div>\n\t<\/div>\n<div class=\"bt-element bt-button-element inline left\" ><a href=\"\/es\/victor-ramirez\/\"><\/a><\/div><\/div><\/div><\/div><\/div><div class=\"vc_row wpb_row vc_inner vc_row-fluid\"><div class=\"wpb_column vc_column_container vc_col-sm-12\"><div class=\"vc_column-inner\"><div class=\"wpb_wrapper\">\n\t<div  class=\"wpb_single_image wpb_content_element vc_align_left\">\n\t\t\n\t\t<figure class=\"wpb_wrapper vc_figure\">\n\t\t\t<div class=\"vc_single_image-wrapper   vc_box_border_grey\"><img loading=\"lazy\" decoding=\"async\" class=\"vc_single_image-img\" src=\"https:\/\/www.olivares.mx\/wp-content\/uploads\/2023\/01\/ROMBO-Rommy-188x188.png\" width=\"188\" height=\"188\" alt=\"ROMBO-Rommy\" title=\"ROMBO-Rommy\" \/><\/div>\n\t\t<\/figure>\n\t<\/div>\n\n\t<div class=\"wpb_text_column wpb_content_element\" >\n\t\t<div class=\"wpb_wrapper\">\n\t\t\t<h5>Rommy Morales<\/h5>\n\n\t\t<\/div>\n\t<\/div>\n\n\t<div class=\"wpb_text_column wpb_content_element\" >\n\t\t<div class=\"wpb_wrapper\">\n\t\t\t<h6>Socia<\/h6>\n\n\t\t<\/div>\n\t<\/div>\n\n\t<div class=\"wpb_text_column wpb_content_element\" >\n\t\t<div class=\"wpb_wrapper\">\n\t\t\t<p>Patentes<\/p>\n\n\t\t<\/div>\n\t<\/div>\n<div class=\"bt-element bt-button-element inline left\" ><a href=\"\/es\/rommy-morales\/\"><\/a><\/div><\/div><\/div><\/div><\/div><div class=\"vc_row wpb_row vc_inner vc_row-fluid\"><div class=\"wpb_column vc_column_container vc_col-sm-12\"><div class=\"vc_column-inner\"><div class=\"wpb_wrapper\">\n\t<div  class=\"wpb_single_image wpb_content_element vc_align_left\">\n\t\t\n\t\t<figure class=\"wpb_wrapper vc_figure\">\n\t\t\t<div class=\"vc_single_image-wrapper   vc_box_border_grey\"><img loading=\"lazy\" decoding=\"async\" class=\"vc_single_image-img\" src=\"https:\/\/www.olivares.mx\/wp-content\/uploads\/2023\/01\/Jaime-Rodriguez_rombo_Olivares-188x188.png\" width=\"188\" height=\"188\" alt=\"Jaime-Rodriguez_rombo_Olivares\" title=\"Jaime-Rodriguez_rombo_Olivares\" \/><\/div>\n\t\t<\/figure>\n\t<\/div>\n\n\t<div class=\"wpb_text_column wpb_content_element\" >\n\t\t<div class=\"wpb_wrapper\">\n\t\t\t<h5>Jaime Rodr\u00edguez<\/h5>\n\n\t\t<\/div>\n\t<\/div>\n\n\t<div class=\"wpb_text_column wpb_content_element\" >\n\t\t<div class=\"wpb_wrapper\">\n\t\t\t<h6>Socio<\/h6>\n\n\t\t<\/div>\n\t<\/div>\n\n\t<div class=\"wpb_text_column wpb_content_element\" >\n\t\t<div class=\"wpb_wrapper\">\n\t\t\t<p>Derecho de Autor y DerechoEntretenimiento<\/p>\n\n\t\t<\/div>\n\t<\/div>\n<div class=\"bt-element bt-button-element inline left\" ><a href=\"\/es\/jaime-rodriguez\/\"><\/a><\/div><\/div><\/div><\/div><\/div><\/div><\/div><\/div><\/div><div data-vc-full-width=\"true\" data-vc-full-width-init=\"false\" data-vc-stretch-content=\"true\" class=\"vc_row wpb_row vc_row-fluid olivares-contact-with-map contact-home homepage-contact-form vc_row-no-padding\"><div class=\"wpb_column vc_column_container vc_col-sm-12\"><div class=\"vc_column-inner\"><div class=\"wpb_wrapper\"><div class=\"vc_row wpb_row vc_inner vc_row-fluid olivares-map\"><div class=\"wpb_column vc_column_container vc_col-sm-12\"><div class=\"vc_column-inner\"><div class=\"wpb_wrapper\">\n\t<div class=\"wpb_text_column wpb_content_element\" >\n\t\t<div class=\"wpb_wrapper\">\n\t\t\t<div class=\"div-for-hide-map-bar\"><iframe loading=\"lazy\" style=\"padding-top: 50px;\" src=\"https:\/\/www.google.com\/maps\/embed?pb=!1m18!1m12!1m3!1d3764.431933332043!2d-99.19204978509458!3d19.350441386931056!2m3!1f0!2f0!3f0!3m2!1i1024!2i768!4f13.1!3m3!1m2!1s0x85d1fff7d63eb251%3A0xf6ad6d1b64d3fc78!2sPedro%20Luis%20Ogaz%C3%B3n%2017%2C%20San%20%C3%81ngel%2C%20%C3%81lvaro%20Obreg%C3%B3n%2C%2001000%20Ciudad%20de%20M%C3%A9xico%2C%20CDMX%2C%20Mexico!5e0!3m2!1sen!2sin!4v1609935378810!5m2!1sen!2sin\" width=\"1374\" height=\"720\"><span data-mce-type=\"bookmark\" style=\"display: inline-block; width: 0px; overflow: hidden; line-height: 0;\" class=\"mce_SELRES_start\"><\/span><span data-mce-type=\"bookmark\" style=\"display: inline-block; width: 0px; overflow: hidden; line-height: 0;\" class=\"mce_SELRES_start\"><\/span><\/iframe><\/div>\n\n\t\t<\/div>\n\t<\/div>\n<\/div><\/div><\/div><\/div><div class=\"vc_row wpb_row vc_inner vc_row-fluid olivares-contact-address\"><div class=\"wpb_column vc_column_container vc_col-sm-12\"><div class=\"vc_column-inner\"><div class=\"wpb_wrapper\">\n\t<div class=\"wpb_text_column wpb_content_element\" >\n\t\t<div class=\"wpb_wrapper\">\n\t\t\t<h3>Cont\u00e1ctanos<\/h3>\n\n\t\t<\/div>\n\t<\/div>\n\n\t<div class=\"wpb_text_column wpb_content_element\" >\n\t\t<div class=\"wpb_wrapper\">\n\t\t\t<p>Pedro Luis Ogaz\u00f3n 17, Col. San \u00c1ngel, 01000, Ciudad de M\u00e9xico.<\/p>\n\n\t\t<\/div>\n\t<\/div>\n\n\t<div class=\"wpb_text_column wpb_content_element\" >\n\t\t<div class=\"wpb_wrapper\">\n\t\t\t<p>Tel\u00a0 \u00a0 \u00a0 \u00a0<a class=\"phone\" href=\"tel:525553223000\">52 (55) 5322 3000<\/a><br \/>\nFax <a class=\"fax\" href=\"tel:525553223001\">52 (55) 5322 3001<\/a><\/p>\n\n\t\t<\/div>\n\t<\/div>\n\n\t<div class=\"wpb_text_column wpb_content_element\" >\n\t\t<div class=\"wpb_wrapper\">\n\t\t\t<p>Email <a class=\"email\" href=\"mailto:olivlaw@olivares.mx\">olivlaw@olivares.mx<\/a><\/p>\n\n\t\t<\/div>\n\t<\/div>\n<\/div><\/div><\/div><\/div><div class=\"vc_row wpb_row vc_inner vc_row-fluid olivares-contact-form\"><div class=\"wpb_column vc_column_container vc_col-sm-12\"><div class=\"vc_column-inner\"><div class=\"wpb_wrapper\">\n\t<div class=\"wpb_text_column wpb_content_element\" >\n\t\t<div class=\"wpb_wrapper\">\n\t\t\t<p>[contact-form-7 id=&#8221;26509&#8243; title=&#8221;Contact Us&#8221;]<\/p>\n\n\t\t<\/div>\n\t<\/div>\n<\/div><\/div><\/div><\/div><\/div><\/div><\/div><\/div><div class=\"vc_row-full-width vc_clearfix\"><\/div>","protected":false},"excerpt":{"rendered":"SOCIOS Daniel S\u00e1nchez Socio VCARD \u00a0 Daniel S\u00e1nchez se integr\u00f3 a OLIVARES en 2000 y, en 2011, se convirti\u00f3 en Socio de la compa\u00f1\u00eda. Es uno de los m\u00e1s destacados litigantes en el \u00e1rea de propiedad intelectual y administrativa en M\u00e9xico. Su experiencia le ha hecho merecedor de diversos reconocimientos y t\u00edtulos de la industria. [...]","protected":false},"author":3,"featured_media":0,"parent":0,"menu_order":0,"comment_status":"closed","ping_status":"closed","template":"olivares_default_template.php","meta":{"footnotes":""},"_links":{"self":[{"href":"https:\/\/www.olivares.mx\/es\/wp-json\/wp\/v2\/pages\/13446"}],"collection":[{"href":"https:\/\/www.olivares.mx\/es\/wp-json\/wp\/v2\/pages"}],"about":[{"href":"https:\/\/www.olivares.mx\/es\/wp-json\/wp\/v2\/types\/page"}],"author":[{"embeddable":true,"href":"https:\/\/www.olivares.mx\/es\/wp-json\/wp\/v2\/users\/3"}],"replies":[{"embeddable":true,"href":"https:\/\/www.olivares.mx\/es\/wp-json\/wp\/v2\/comments?post=13446"}],"version-history":[{"count":32,"href":"https:\/\/www.olivares.mx\/es\/wp-json\/wp\/v2\/pages\/13446\/revisions"}],"predecessor-version":[{"id":31911,"href":"https:\/\/www.olivares.mx\/es\/wp-json\/wp\/v2\/pages\/13446\/revisions\/31911"}],"wp:attachment":[{"href":"https:\/\/www.olivares.mx\/es\/wp-json\/wp\/v2\/media?parent=13446"}],"curies":[{"name":"wp","href":"https:\/\/api.w.org\/{rel}","templated":true}]}}