{"id":23367,"date":"2020-12-28T17:01:57","date_gmt":"2020-12-28T17:01:57","guid":{"rendered":"https:\/\/w21.olivares.mx\/anti-piracy-anti-counterfeiting-enforcement\/"},"modified":"2025-02-17T13:06:29","modified_gmt":"2025-02-17T20:06:29","slug":"anti-piracy-anti-counterfeiting-enforcement","status":"publish","type":"page","link":"https:\/\/www.olivares.mx\/es\/anti-piracy-anti-counterfeiting-enforcement\/","title":{"rendered":"Antipirateria"},"content":{"rendered":"<div data-vc-full-width=\"true\" data-vc-full-width-init=\"false\" data-vc-stretch-content=\"true\" class=\"vc_row wpb_row vc_row-fluid banner-img-full-width vc_row-no-padding\"><div class=\"wpb_column vc_column_container vc_col-sm-12\"><div class=\"vc_column-inner\"><div class=\"wpb_wrapper\">\n\t<div  class=\"wpb_single_image wpb_content_element vc_align_left\">\n\t\t\n\t\t<figure class=\"wpb_wrapper vc_figure\">\n\t\t\t<div class=\"vc_single_image-wrapper   vc_box_border_grey\"><img loading=\"lazy\" decoding=\"async\" width=\"1920\" height=\"959\" src=\"https:\/\/www.olivares.mx\/wp-content\/uploads\/2021\/01\/ANTI-PIRACY-ANTI-COUNTERFEITING-ENFORCEMENT-1.png\" class=\"vc_single_image-img attachment-full\" alt=\"\" srcset=\"https:\/\/www.olivares.mx\/wp-content\/uploads\/2021\/01\/ANTI-PIRACY-ANTI-COUNTERFEITING-ENFORCEMENT-1.png 1920w, https:\/\/www.olivares.mx\/wp-content\/uploads\/2021\/01\/ANTI-PIRACY-ANTI-COUNTERFEITING-ENFORCEMENT-1-300x150.png 300w, https:\/\/www.olivares.mx\/wp-content\/uploads\/2021\/01\/ANTI-PIRACY-ANTI-COUNTERFEITING-ENFORCEMENT-1-768x384.png 768w, https:\/\/www.olivares.mx\/wp-content\/uploads\/2021\/01\/ANTI-PIRACY-ANTI-COUNTERFEITING-ENFORCEMENT-1-1024x511.png 1024w\" sizes=\"(max-width: 1920px) 100vw, 1920px\" \/><\/div>\n\t\t<\/figure>\n\t<\/div>\n<\/div><\/div><\/div><\/div><div class=\"vc_row-full-width vc_clearfix\"><\/div>\n\n\n<div class=\"vc_row wpb_row vc_row-fluid overview-content information-page-content life-page\"><div class=\"information-left-content wpb_column vc_column_container vc_col-sm-6\"><div class=\"vc_column-inner\"><div class=\"wpb_wrapper\">\n\t<div class=\"wpb_text_column wpb_content_element\" >\n\t\t<div class=\"wpb_wrapper\">\n\t\t\t<h2>Antipirater\u00eda\u00a0| Lucha contra la falsificaci\u00f3n<\/h2>\n\n\t\t<\/div>\n\t<\/div>\n\n\t<div class=\"wpb_text_column wpb_content_element\" >\n\t\t<div class=\"wpb_wrapper\">\n\t\t\t<p>Durante m\u00e1s de 30 a\u00f1os, OLIVARES ha ofrecido a sus clientes s\u00f3lidas soluciones para la lucha contra la pirater\u00eda y la falsificaci\u00f3n en M\u00e9xico. Este equipo de la firma dise\u00f1a campa\u00f1as y estrategias de lucha contra estos delitos, con programas especializados y un enfoque multidisciplinario para eliminar las falsificaciones y el flujo de bienes ap\u00f3crifos. El equipo est\u00e1 compuesto por abogados, investigadores, personal administrativo y socios litigantes. Los investigadores de OLIVARES tienen m\u00e1s de 15 a\u00f1os de experiencia en la realizaci\u00f3n de investigaciones, tanto en l\u00ednea como en el campo, y para abordar situaciones \u00fanicas de falsificaci\u00f3n de diferentes maneras, el equipo es diverso e inclusivo, lo que permite resultados excepcionales cuando se trata de detener las falsificaciones.<\/p>\n\n\t\t<\/div>\n\t<\/div>\n\n\t<div class=\"wpb_text_column wpb_content_element\" >\n\t\t<div class=\"wpb_wrapper\">\n\t\t\t<p>Junto al equipo de investigaci\u00f3n y en base a la necesidad de desarrollar acciones en el mundo digital, OLIVARES desarroll\u00f3 un sistema especializado para luchar contra la pirater\u00eda y la falsificaci\u00f3n en Internet. Este sistema incluye la identificaci\u00f3n de actividad ilegal en redes sociales, buscadores, plataformas de comercio electr\u00f3nico y otros canales. Luego, la empresa sigue adelante con la eliminaci\u00f3n del ofrecimiento y publicidad de productos y servicios ap\u00f3crifos a trav\u00e9s de m\u00e9todos de &#8220;eliminaci\u00f3n&#8221; (take down), entre otras acciones. Adem\u00e1s, el \u00e1rea de antipirater\u00eda y falsificaci\u00f3n de la firma cuenta con la capacidad y experiencia para iniciar acciones penales y administrativas, as\u00ed como acciones con otras autoridades que est\u00e1n involucradas en los \u00e1mbitos de la lucha contra tales actos. Los m\u00e9todos y procedimientos que la firma ha desarrollado y adoptado para combatir la pirater\u00eda y la falsificaci\u00f3n son un modelo para la industria e incluyen acciones para proteger los derechos y la seguridad del consumidor.<\/p>\n\n\t\t<\/div>\n\t<\/div>\n\n\t<div class=\"wpb_text_column wpb_content_element\" >\n\t\t<div class=\"wpb_wrapper\">\n\t\t\t<p>OLIVARES cree que para proteger la propiedad intelectual y a los consumidores, la acci\u00f3n legal es solo una parte de la soluci\u00f3n, por lo que la firma tambi\u00e9n est\u00e1 comprometida a iniciativas de educaci\u00f3n y comunicaci\u00f3n que pueden ayudar a prevenir la pirater\u00eda y la falsificaci\u00f3n antes de que comiencen. El equipo tambi\u00e9n ha desarrollado una amplia experiencia en la implementaci\u00f3n de capacitaciones dirigidas a autoridades a trav\u00e9s de presentaciones y capacitaciones preventivas y en la generaci\u00f3n de programas educativos. Estas iniciativas cubren una amplia gama de industrias y organizaciones para crear campa\u00f1as efectivas contra los delitos e il\u00edcitos.<\/p>\n\n\t\t<\/div>\n\t<\/div>\n\n\t<div class=\"wpb_text_column wpb_content_element\" >\n\t\t<div class=\"wpb_wrapper\">\n\t\t\t<p>El equipo antipirater\u00eda y anti-falsificaci\u00f3n de OLIVARES trabaja en estrecha colaboraci\u00f3n con el resto de las \u00e1reas de la firma para la protecci\u00f3n integral de los derechos de los clientes, incluyendo una estrecha colaboraci\u00f3n con el \u00e1rea de marcas, especialmente en lo que se refiere al registro de marcas en la Aduana de M\u00e9xico, as\u00ed como la protecci\u00f3n de diversos derechos ante la autoridad aduanera a trav\u00e9s de los diferentes y cambiantes sistemas que la Aduana ha implementado en los \u00faltimos a\u00f1os.<\/p>\n\n\t\t<\/div>\n\t<\/div>\n\n\t<div class=\"wpb_text_column wpb_content_element\" >\n\t\t<div class=\"wpb_wrapper\">\n\t\t\t<p>La protecci\u00f3n integral de los derechos de los clientes es el objetivo principal de OLIVARES en nombre de los autores, inventores y propietarios de marcas, pero la firma tambi\u00e9n se dedica a proteger a la sociedad de los delitos de pirater\u00eda y falsificaci\u00f3n que tienen un impacto real en las personas y las comunidades.<\/p>\n\n\t\t<\/div>\n\t<\/div>\n<\/div><\/div><\/div><div class=\"wpb_column vc_column_container vc_col-sm-6\"><div class=\"vc_column-inner\"><div class=\"wpb_wrapper\">\n\t<div class=\"wpb_text_column wpb_content_element  information-right-bottom-content life-information-right-bottom-content\" >\n\t\t<div class=\"wpb_wrapper\">\n\t\t\t<h4>SABEMOS DE ANTI-PIRATERIA \/ LUCHA CONTRA LA FALSIFICACION<\/h4>\n<div class=\"divider_practice\"><\/div>\n<div class=\"infoPartner\">\n<div class=\"partner-container\">\n<div class=\"partner-img\"><img decoding=\"async\" src=\"\/wp-content\/uploads\/2020\/11\/ALF.png\" \/><\/div>\n<div class=\"partner-info\">\n<h3>Alejandro Luna F.<\/h3>\n<p><span style=\"color: #92cdcf;\">Socio<\/span><\/p>\n<\/div>\n<\/div>\n<div class=\"data_partner\">Alejandro Luna se uni\u00f3 a OLIVARES en 1996 y se hizo socio en 2005, ha sido un miembro esencial en las pr\u00e1cticas de litigio administrativo, regulatorio y de litigio de PI de la firma. El Licenciado Luna es codirector del Grupo de Ciencias de la Vida, al igual que coordinador del Departamento de Litigio.<\/div>\n<div class=\"btn_bio\">\n<ul style=\"display: flex; list-style: none;\">\n<li><a href=\"\/es\/alejandro-luna-f\/\">Clic aqu\u00ed para ver la biograf\u00eda completa<\/a><\/li>\n<\/ul>\n<\/div>\n<\/div>\n<div class=\"infoPartner\">\n<div class=\"partner-container\">\n<div class=\"partner-img\"><img decoding=\"async\" src=\"\/wp-content\/uploads\/2020\/11\/ADA.png\" \/><\/div>\n<div class=\"partner-info\">\n<h3>Abraham D\u00edaz<\/h3>\n<p><span style=\"color: #92cdcf;\">Socio<\/span><\/p>\n<\/div>\n<\/div>\n<div class=\"data_partner\">Abraham D\u00edaz es Socio de OLIVARES y codirector de los Grupos de Industrias de Tecnolog\u00eda de Informaci\u00f3n y Privacidad, posee un amplio conocimiento jur\u00eddico que abarca todas las \u00e1reas de la Propiedad Intelectual (PI), enfoc\u00e1ndose en temas de derecho de autor, marca, competencia desleal, litigio, otorgamiento de licencias y tramitaci\u00f3n.<\/div>\n<div class=\"btn_bio\">\n<ul style=\"display: flex; list-style: none;\">\n<li><a href=\"\/es\/abraham-diaz\/\">Clic aqu\u00ed para ver la biograf\u00eda completa<\/a><\/li>\n<\/ul>\n<\/div>\n<\/div>\n<div class=\"infoPartner\">\n<div class=\"partner-container\">\n<div class=\"partner-img\"><img decoding=\"async\" src=\"\/wp-content\/uploads\/2020\/11\/ARA.png\" \/><\/div>\n<div class=\"partner-info\">\n<h3>Armando Arenas<\/h3>\n<p><span style=\"color: #92cdcf;\">Socio<\/span><\/p>\n<\/div>\n<\/div>\n<div class=\"data_partner\">Armando Arenas se uni\u00f3 a la firma en junio del a\u00f1o 2000 y es Socio en OLIVARES desde enero de 2017. Ofrece servicios de consultor\u00eda relacionada con signos distintivos y patentes; publicidad de marcas y productos farmac\u00e9uticos; tr\u00e1mites regulatorios de la industria farmac\u00e9utica; y adquisiciones p\u00fablicas. Participa en la estrategia relacionada con el litigio de marcas por actos de competencia desleal, imagen comercial (trade dress) y publicidad enga\u00f1osa, ante el IMPI, TFJFA, Tribunales Federales y Suprema Corte de Justicia de la Naci\u00f3n.<\/div>\n<div class=\"btn_bio\">\n<ul style=\"display: flex; list-style: none;\">\n<li><a href=\"\/es\/armando-arenas\/\">Clic aqu\u00ed para ver la biograf\u00eda completa<\/a><\/li>\n<\/ul>\n<\/div>\n<\/div>\n<div class=\"divider_practice\"><\/div>\n<h4>INVESTIGADOR<\/h4>\n\n\t\t<\/div>\n\t<\/div>\n<\/div><\/div><\/div><\/div>\n\n\n<div class=\"vc_row wpb_row vc_row-fluid industry-group-title\"><div class=\"wpb_column vc_column_container vc_col-sm-12\"><div class=\"vc_column-inner\"><div class=\"wpb_wrapper\">\n\t<div class=\"wpb_text_column wpb_content_element\" >\n\t\t<div class=\"wpb_wrapper\">\n\t\t\t<h2>\u00c1REAS DE PR\u00c1CTICA<\/h2>\n<p><center style=\"display:;\"><\/p>\n<div class=\"btn-container-artilces\" >\n                                                <a class=\"login-btn\" href=\"#\" style=\"max-width: none;\">   Si deseas recibir las circulares y material academico de OLIVARES.<\/a>&nbsp;&nbsp;&nbsp;<br \/>\n                                                <a id=\"register-art\" class=\"register-art login-btn\" href=\"https:\/\/us.nexl.cloud\/form_builder\/forms\/d006a749-a000-4596-a621-c90de06130f2\" style=\"background-color: #92cdcf;\" target=\"blank\" rel=\"noopener\">Clic Aqui<\/a>\n                                            <\/div>\n<p>                                          <\/center><\/p>\n\n\t\t<\/div>\n\t<\/div>\n<\/div><\/div><\/div><\/div>\n\n\n<div data-vc-full-width=\"true\" data-vc-full-width-init=\"false\" data-vc-stretch-content=\"true\" class=\"vc_row wpb_row vc_row-fluid industry-group-sec practices-page-links vc_row-no-padding\"><div class=\"wpb_column vc_column_container vc_col-sm-2\"><div class=\"vc_column-inner\"><div class=\"wpb_wrapper\">\n\t<div class=\"wpb_text_column wpb_content_element\" >\n\t\t<div class=\"wpb_wrapper\">\n\t\t\t<p><a href=\"\/es\/patents\/\">Patentes<\/a><\/p>\n\n\t\t<\/div>\n\t<\/div>\n<\/div><\/div><\/div><div class=\"wpb_column vc_column_container vc_col-sm-2\"><div class=\"vc_column-inner\"><div class=\"wpb_wrapper\">\n\t<div class=\"wpb_text_column wpb_content_element\" >\n\t\t<div class=\"wpb_wrapper\">\n\t\t\t<p><a href=\"\/es\/trademarks\/\">Marcas<\/a><\/p>\n\n\t\t<\/div>\n\t<\/div>\n<\/div><\/div><\/div><div class=\"wpb_column vc_column_container vc_col-sm-2\"><div class=\"vc_column-inner\"><div class=\"wpb_wrapper\">\n\t<div class=\"wpb_text_column wpb_content_element\" >\n\t\t<div class=\"wpb_wrapper\">\n\t\t\t<p><a href=\"\/es\/copyrights\/\">Derechos De Autor<\/a><\/p>\n\n\t\t<\/div>\n\t<\/div>\n<\/div><\/div><\/div><div class=\"wpb_column vc_column_container vc_col-sm-2\"><div class=\"vc_column-inner\"><div class=\"wpb_wrapper\">\n\t<div class=\"wpb_text_column wpb_content_element\" >\n\t\t<div class=\"wpb_wrapper\">\n\t\t\t<p><a href=\"\/es\/corporate-and-comercial-law\/\">Derecho Corporativo y Comercial<\/a><\/p>\n\n\t\t<\/div>\n\t<\/div>\n<\/div><\/div><\/div><div class=\"wpb_column vc_column_container vc_col-sm-2\"><div class=\"vc_column-inner\"><div class=\"wpb_wrapper\">\n\t<div class=\"wpb_text_column wpb_content_element\" >\n\t\t<div class=\"wpb_wrapper\">\n\t\t\t<p><a href=\"\/es\/ip-litigation-alternative-dispute-resolution\/\">Litigio de Propiedad Intelectual<\/a><\/p>\n\n\t\t<\/div>\n\t<\/div>\n<\/div><\/div><\/div><div class=\"wpb_column vc_column_container vc_col-sm-2\"><div class=\"vc_column-inner\"><div class=\"wpb_wrapper\"><\/div><\/div><\/div><\/div><div class=\"vc_row-full-width vc_clearfix\"><\/div>\n\n\n<div data-vc-full-width=\"true\" data-vc-full-width-init=\"false\" data-vc-stretch-content=\"true\" class=\"vc_row wpb_row vc_row-fluid industry-group-sec practices-page-links industry-group-sec-row-2 vc_row-no-padding\"><div class=\"wpb_column vc_column_container vc_col-sm-2\"><div class=\"vc_column-inner\"><div class=\"wpb_wrapper\">\n\t<div class=\"wpb_text_column wpb_content_element\" >\n\t\t<div class=\"wpb_wrapper\">\n\t\t\t<p><a href=\"\/es\/civil-and-commercial-litigation\/\">Litigio Civil | Litigio Mercantil<\/a><\/p>\n\n\t\t<\/div>\n\t<\/div>\n<\/div><\/div><\/div><div class=\"wpb_column vc_column_container vc_col-sm-2\"><div class=\"vc_column-inner\"><div class=\"wpb_wrapper\">\n\t<div class=\"wpb_text_column wpb_content_element\" >\n\t\t<div class=\"wpb_wrapper\">\n\t\t\t<p><a href=\"\/es\/licensing-tech-transfer-franchising\/\">Licencias, Franquicias y Transferencia de Tecnolog\u00eda<\/a><\/p>\n\n\t\t<\/div>\n\t<\/div>\n<\/div><\/div><\/div><div class=\"wpb_column vc_column_container vc_col-sm-2\"><div class=\"vc_column-inner\"><div class=\"wpb_wrapper\">\n\t<div class=\"wpb_text_column wpb_content_element\" >\n\t\t<div class=\"wpb_wrapper\">\n\t\t\t<p><a href=\"\/es\/regulatory-law\/\">Regulatorio<\/a><\/p>\n\n\t\t<\/div>\n\t<\/div>\n<\/div><\/div><\/div><div class=\"wpb_column vc_column_container vc_col-sm-2\"><div class=\"vc_column-inner\"><div class=\"wpb_wrapper\">\n\t<div class=\"wpb_text_column wpb_content_element\" >\n\t\t<div class=\"wpb_wrapper\">\n\t\t\t<p><a href=\"\/es\/administrative-law\/\">Litigio Constitucional y Administrativo<\/a><\/p>\n\n\t\t<\/div>\n\t<\/div>\n<\/div><\/div><\/div><div class=\"wpb_column vc_column_container vc_col-sm-2\"><div class=\"vc_column-inner\"><div class=\"wpb_wrapper\">\n\t<div class=\"wpb_text_column wpb_content_element\" >\n\t\t<div class=\"wpb_wrapper\">\n\t\t\t<p><a href=\"\/es\/translation\/\">Departamento de Traducciones Internas<\/a><\/p>\n\n\t\t<\/div>\n\t<\/div>\n<\/div><\/div><\/div><div class=\"wpb_column vc_column_container vc_col-sm-2\"><div class=\"vc_column-inner\"><div class=\"wpb_wrapper\"><\/div><\/div><\/div><\/div><div class=\"vc_row-full-width vc_clearfix\"><\/div>","protected":false},"excerpt":{"rendered":"Antipirater\u00eda\u00a0| Lucha contra la falsificaci\u00f3n Durante m\u00e1s de 30 a\u00f1os, OLIVARES ha ofrecido a sus clientes s\u00f3lidas soluciones para la lucha contra la pirater\u00eda y la falsificaci\u00f3n en M\u00e9xico. Este equipo de la firma dise\u00f1a campa\u00f1as y estrategias de lucha contra estos delitos, con programas especializados y un enfoque multidisciplinario para eliminar las falsificaciones y [...]","protected":false},"author":3,"featured_media":0,"parent":0,"menu_order":0,"comment_status":"closed","ping_status":"closed","template":"","meta":{"footnotes":""},"_links":{"self":[{"href":"https:\/\/www.olivares.mx\/es\/wp-json\/wp\/v2\/pages\/23367"}],"collection":[{"href":"https:\/\/www.olivares.mx\/es\/wp-json\/wp\/v2\/pages"}],"about":[{"href":"https:\/\/www.olivares.mx\/es\/wp-json\/wp\/v2\/types\/page"}],"author":[{"embeddable":true,"href":"https:\/\/www.olivares.mx\/es\/wp-json\/wp\/v2\/users\/3"}],"replies":[{"embeddable":true,"href":"https:\/\/www.olivares.mx\/es\/wp-json\/wp\/v2\/comments?post=23367"}],"version-history":[{"count":30,"href":"https:\/\/www.olivares.mx\/es\/wp-json\/wp\/v2\/pages\/23367\/revisions"}],"predecessor-version":[{"id":34048,"href":"https:\/\/www.olivares.mx\/es\/wp-json\/wp\/v2\/pages\/23367\/revisions\/34048"}],"wp:attachment":[{"href":"https:\/\/www.olivares.mx\/es\/wp-json\/wp\/v2\/media?parent=23367"}],"curies":[{"name":"wp","href":"https:\/\/api.w.org\/{rel}","templated":true}]}}