{"id":23790,"date":"2020-12-02T18:32:56","date_gmt":"2020-12-02T18:32:56","guid":{"rendered":"https:\/\/w21.olivares.mx\/contact-us-3\/"},"modified":"2021-05-26T22:40:14","modified_gmt":"2021-05-26T22:40:14","slug":"contact-us","status":"publish","type":"page","link":"https:\/\/www.olivares.mx\/es\/contact-us\/","title":{"rendered":"Cont\u00e1ctanos"},"content":{"rendered":"<div class=\"vc_row wpb_row vc_row-fluid contact-us-title\"><div class=\"wpb_column vc_column_container vc_col-sm-12\"><div class=\"vc_column-inner\"><div class=\"wpb_wrapper\">\n\t<div class=\"wpb_text_column wpb_content_element\" >\n\t\t<div class=\"wpb_wrapper\">\n\t\t\t<h2>Cont\u00e1ctanos<\/h2>\n\n\t\t<\/div>\n\t<\/div>\n<\/div><\/div><\/div><\/div><div data-vc-full-width=\"true\" data-vc-full-width-init=\"false\" data-vc-stretch-content=\"true\" class=\"vc_row wpb_row vc_row-fluid olivares-contact-with-map contactUs-map vc_row-no-padding\"><div class=\"wpb_column vc_column_container vc_col-sm-12\"><div class=\"vc_column-inner\"><div class=\"wpb_wrapper\"><div class=\"vc_row wpb_row vc_inner vc_row-fluid olivares-map\"><div class=\"wpb_column vc_column_container vc_col-sm-12\"><div class=\"vc_column-inner\"><div class=\"wpb_wrapper\">\n\t<div class=\"wpb_text_column wpb_content_element\" >\n\t\t<div class=\"wpb_wrapper\">\n\t\t\t<div class=\"div-for-hide-map-bar\"><iframe loading=\"lazy\" style=\"padding-top: 50px;\" src=\"https:\/\/www.google.com\/maps\/embed?pb=!1m18!1m12!1m3!1d3764.431933332043!2d-99.19204978509458!3d19.350441386931056!2m3!1f0!2f0!3f0!3m2!1i1024!2i768!4f13.1!3m3!1m2!1s0x85d1fff7d63eb251%3A0xf6ad6d1b64d3fc78!2sPedro%20Luis%20Ogaz%C3%B3n%2017%2C%20San%20%C3%81ngel%2C%20%C3%81lvaro%20Obreg%C3%B3n%2C%2001000%20Ciudad%20de%20M%C3%A9xico%2C%20CDMX%2C%20Mexico!5e0!3m2!1sen!2sin!4v1609935378810!5m2!1sen!2sin\" width=\"1374\" height=\"720\"><span data-mce-type=\"bookmark\" style=\"display: inline-block; width: 0px; overflow: hidden; line-height: 0;\" class=\"mce_SELRES_start\"><\/span><span data-mce-type=\"bookmark\" style=\"display: inline-block; width: 0px; overflow: hidden; line-height: 0;\" class=\"mce_SELRES_start\"><\/span><\/iframe><\/div>\n\n\t\t<\/div>\n\t<\/div>\n<\/div><\/div><\/div><\/div><div class=\"vc_row wpb_row vc_inner vc_row-fluid contact-us-details\"><div class=\"wpb_column vc_column_container vc_col-sm-12\"><div class=\"vc_column-inner\"><div class=\"wpb_wrapper\">\n\t<div class=\"wpb_text_column wpb_content_element\" >\n\t\t<div class=\"wpb_wrapper\">\n\t\t\t<p>Pedro Luis Ogaz\u00f3n 17, Col. San \u00c1ngel, 01000,<br \/>\nCiudad de M\u00e9xico.<\/p>\n\n\t\t<\/div>\n\t<\/div>\n\n\t<div class=\"wpb_text_column wpb_content_element\" >\n\t\t<div class=\"wpb_wrapper\">\n\t\t\t<p>Tel\u00a0<a href=\"tel:525553223000\">52 (55) 5322 3000<\/a><\/p>\n<p>Fax <a href=\"tel:525553223001\">52 (55) 5322 3001<\/a><\/p>\n\n\t\t<\/div>\n\t<\/div>\n\n\t<div class=\"wpb_text_column wpb_content_element\" >\n\t\t<div class=\"wpb_wrapper\">\n\t\t\t<p>Email <a class=\"email\" href=\"mailto:olivlaw@olivares.mx\">olivlaw@olivares.mx<\/a><\/p>\n<div id=\"gtx-trans\" style=\"position: absolute; left: 47px; top: 38px;\">\n<div class=\"gtx-trans-icon\"><\/div>\n<\/div>\n\n\t\t<\/div>\n\t<\/div>\n<\/div><\/div><\/div><\/div><div class=\"vc_row wpb_row vc_inner vc_row-fluid olivares-contact-form\"><div class=\"wpb_column vc_column_container vc_col-sm-12\"><div class=\"vc_column-inner\"><div class=\"wpb_wrapper\">\n\t<div class=\"wpb_text_column wpb_content_element  contac\" >\n\t\t<div class=\"wpb_wrapper\">\n\t\t\t<p>[contact-form-7 id=&#8221;26536&#8243; title=&#8221;Contact_copy&#8221;]<\/p>\n\n\t\t<\/div>\n\t<\/div>\n<\/div><\/div><\/div><\/div><\/div><\/div><\/div><\/div><div class=\"vc_row-full-width vc_clearfix\"><\/div>","protected":false},"excerpt":{"rendered":"Cont\u00e1ctanos \ufeff\ufeff Pedro Luis Ogaz\u00f3n 17, Col. San \u00c1ngel, 01000, Ciudad de M\u00e9xico. Tel\u00a052 (55) 5322 3000 Fax 52 (55) 5322 3001 Email olivlaw@olivares.mx [contact-form-7 id=\"26536\" title=\"Contact_copy\"]","protected":false},"author":4,"featured_media":0,"parent":0,"menu_order":0,"comment_status":"closed","ping_status":"closed","template":"","meta":{"footnotes":""},"_links":{"self":[{"href":"https:\/\/www.olivares.mx\/es\/wp-json\/wp\/v2\/pages\/23790"}],"collection":[{"href":"https:\/\/www.olivares.mx\/es\/wp-json\/wp\/v2\/pages"}],"about":[{"href":"https:\/\/www.olivares.mx\/es\/wp-json\/wp\/v2\/types\/page"}],"author":[{"embeddable":true,"href":"https:\/\/www.olivares.mx\/es\/wp-json\/wp\/v2\/users\/4"}],"replies":[{"embeddable":true,"href":"https:\/\/www.olivares.mx\/es\/wp-json\/wp\/v2\/comments?post=23790"}],"version-history":[{"count":8,"href":"https:\/\/www.olivares.mx\/es\/wp-json\/wp\/v2\/pages\/23790\/revisions"}],"predecessor-version":[{"id":33361,"href":"https:\/\/www.olivares.mx\/es\/wp-json\/wp\/v2\/pages\/23790\/revisions\/33361"}],"wp:attachment":[{"href":"https:\/\/www.olivares.mx\/es\/wp-json\/wp\/v2\/media?parent=23790"}],"curies":[{"name":"wp","href":"https:\/\/api.w.org\/{rel}","templated":true}]}}